{"id":148662,"date":"2025-03-04T16:45:54","date_gmt":"2025-03-04T15:45:54","guid":{"rendered":"https:\/\/secureus.se\/armbagskontakt-aluminium-jck118-600-mm\/"},"modified":"2026-04-16T16:41:25","modified_gmt":"2026-04-16T14:41:25","slug":"armbagskontakt-aluminium-jck118-600-mm","status":"publish","type":"product","link":"https:\/\/secureus.se\/fi\/armbagskontakt-aluminium-jck118-600-mm\/","title":{"rendered":"Kulmaliitin \u2013 Alumiini \u2013 JCK118 600 mm"},"content":{"rendered":"<h1 class=\"product_title entry-title elementor-heading-title elementor-size-default\">Kulmaliitin \u2013 Alumiini \u2013 JCK118 600 mm<\/h1>\n<p>JCK118 on kest\u00e4v\u00e4 alumiininen kulmaliitin.<\/p>\n<p>Mallissa on kovera musta puristuslevy kontrastivalkoisilla p\u00e4\u00e4dyill\u00e4 ja se soveltuu erityisen hyvin asennettavaksi vaativiin ymp\u00e4rist\u00f6ihin.<\/p>\n<p>JCK118 toimitetaan 1 mikrokytkimell\u00e4 IP67, mutta voidaan tilata my\u00f6s useammalla.<\/p>\n<section>\n<h3>Tekniset tiedot<\/h3>\n<ul>\n<li>Valmistettu Ruotsissa.<\/li>\n<li>Materiaali: Alu.6060-T6, POM-muovi (asetaalimuovi).<\/li>\n<li>Mitat vakioversio l\/l\/k: 600x80x28 mm.<\/li>\n<li>Mikrokytkin: NO IP Class 67. Vakio 1 NO, voidaan tilata 2 mikrokytkimell\u00e4 ja NO\/NC vaihtuvalla mikrokytkimell\u00e4.<\/li>\n<\/ul>\n<\/section>","protected":false},"excerpt":{"rendered":"<p>Koko: 600 x 80 x 28 mm.<\/p>\n<p>Kyyn\u00e4rp\u00e4\u00e4liitin, jossa kovera puristuslevy mustaa eloksoitua alumiinia ja valkoiset p\u00e4\u00e4tykappaleet.<\/p>","protected":false},"featured_media":148659,"template":"","meta":{"_acf_changed":false},"product_brand":[],"product_cat":[1422,4706],"product_tag":[],"class_list":{"0":"post-148662","1":"product","2":"type-product","3":"status-publish","4":"has-post-thumbnail","6":"product_cat-armbagskontakter-dorrautomatik","7":"product_cat-metall","8":"product_shipping_class-tunga-paket","9":"pa_brands-jc-kontakter","10":"tm-has-options","12":"first","13":"instock","14":"sale","15":"taxable","16":"shipping-taxable","17":"purchasable","18":"product-type-simple"},"acf":[],"_links":{"self":[{"href":"https:\/\/secureus.se\/fi\/wp-json\/wp\/v2\/product\/148662","targetHints":{"allow":["GET"]}}],"collection":[{"href":"https:\/\/secureus.se\/fi\/wp-json\/wp\/v2\/product"}],"about":[{"href":"https:\/\/secureus.se\/fi\/wp-json\/wp\/v2\/types\/product"}],"wp:featuredmedia":[{"embeddable":true,"href":"https:\/\/secureus.se\/fi\/wp-json\/wp\/v2\/media\/148659"}],"wp:attachment":[{"href":"https:\/\/secureus.se\/fi\/wp-json\/wp\/v2\/media?parent=148662"}],"wp:term":[{"taxonomy":"product_brand","embeddable":true,"href":"https:\/\/secureus.se\/fi\/wp-json\/wp\/v2\/product_brand?post=148662"},{"taxonomy":"product_cat","embeddable":true,"href":"https:\/\/secureus.se\/fi\/wp-json\/wp\/v2\/product_cat?post=148662"},{"taxonomy":"product_tag","embeddable":true,"href":"https:\/\/secureus.se\/fi\/wp-json\/wp\/v2\/product_tag?post=148662"}],"curies":[{"name":"wp","href":"https:\/\/api.w.org\/{rel}","templated":true}]}}