{"id":148669,"date":"2025-03-04T16:31:44","date_gmt":"2025-03-04T15:31:44","guid":{"rendered":"https:\/\/secureus.se\/armbagskontakt-50mm-alu-jck265\/"},"modified":"2026-04-16T16:49:17","modified_gmt":"2026-04-16T14:49:17","slug":"armbagskontakt-50mm-alu-jck265","status":"publish","type":"product","link":"https:\/\/secureus.se\/fi\/armbagskontakt-50mm-alu-jck265\/","title":{"rendered":"Kyyn\u00e4rp\u00e4\u00e4liitin \u2013 50mm \u2013 Alu \u2013 JCK265"},"content":{"rendered":"<h1 class=\"product_title entry-title elementor-heading-title elementor-size-default\">Kyyn\u00e4rp\u00e4\u00e4liitin \u2013 50mm \u2013 Alu \u2013 JCK265<\/h1>\n<p>JCK265 on erityisesti kehitetty asennukseen 50 mm:n profiilij\u00e4rjestelmill\u00e4 varustettuihin lasiprofiileihin.<\/p>\n<p>Malli soveltuu my\u00f6s asennettavaksi muihin ymp\u00e4rist\u00f6ihin, joissa tilaa on rajoitetusti.<\/p>\n<p>JCK265 on varustettu kahdella painepinnalla ja valmistettu mustasta eloksoidusta alumiinista valkoisilla p\u00e4\u00e4tykappaleilla.<\/p>\n<p>Kyyn\u00e4rp\u00e4\u00e4kytkimemme kaksoispainepinnoilla on kehitetty ymp\u00e4rist\u00f6ihin, joissa on kaksik\u00e4\u00e4nt\u00f6ovet, ja ne mahdollistavat jokaisen oven erillisen ohjauksen.<\/p>\n<p>T\u00e4m\u00e4 v\u00e4hent\u00e4\u00e4 kylm\u00e4\u00e4 vetoa ja s\u00e4\u00e4st\u00e4\u00e4 samalla energiaa, koska molempia ovia ei tarvitse avata jokaisella k\u00e4yt\u00e4v\u00e4ll\u00e4.<\/p>\n<p>Toiminto on k\u00e4yt\u00e4nn\u00f6llinen my\u00f6s tiloissa, joissa on kaksi erillist\u00e4 sis\u00e4\u00e4nk\u00e4ynti\u00e4 samaan huoneeseen.<\/p>\n<h4>Tekniset tiedot<\/h4>\n<ul>\n<li>Valmistettu Ruotsissa.<\/li>\n<li>Materiaali: Alu.6060-T6, POM-muovi (asetaalimuovi).<\/li>\n<li>Mitat vakioversio l\/l\/k: 311x50x23 mm.<\/li>\n<li>Mikrokytkimet: 2kpl IP67. 1 NO\/NC (pieni painealue), 1 NO (suuri painealue).<\/li>\n<\/ul>\n<p>&nbsp;<\/p>","protected":false},"excerpt":{"rendered":"<p>Tuotteen mitat: 311 x 50 x 23 mm.<\/p>\n<p>Kyyn\u00e4rp\u00e4\u00e4liitin mustaa eloksoitua alumiinia valkoisilla p\u00e4\u00e4tykappaleilla.<\/p>\n<p>Ohut malli kahdella painopinnalla.<\/p>","protected":false},"featured_media":148668,"template":"","meta":{"_acf_changed":false},"product_brand":[],"product_cat":[1422,4706],"product_tag":[],"class_list":{"0":"post-148669","1":"product","2":"type-product","3":"status-publish","4":"has-post-thumbnail","6":"product_cat-armbagskontakter-dorrautomatik","7":"product_cat-metall","8":"product_shipping_class-tunga-paket","9":"pa_brands-jc-kontakter","10":"tm-has-options","12":"first","13":"instock","14":"sale","15":"taxable","16":"shipping-taxable","17":"purchasable","18":"product-type-simple"},"acf":[],"_links":{"self":[{"href":"https:\/\/secureus.se\/fi\/wp-json\/wp\/v2\/product\/148669","targetHints":{"allow":["GET"]}}],"collection":[{"href":"https:\/\/secureus.se\/fi\/wp-json\/wp\/v2\/product"}],"about":[{"href":"https:\/\/secureus.se\/fi\/wp-json\/wp\/v2\/types\/product"}],"wp:featuredmedia":[{"embeddable":true,"href":"https:\/\/secureus.se\/fi\/wp-json\/wp\/v2\/media\/148668"}],"wp:attachment":[{"href":"https:\/\/secureus.se\/fi\/wp-json\/wp\/v2\/media?parent=148669"}],"wp:term":[{"taxonomy":"product_brand","embeddable":true,"href":"https:\/\/secureus.se\/fi\/wp-json\/wp\/v2\/product_brand?post=148669"},{"taxonomy":"product_cat","embeddable":true,"href":"https:\/\/secureus.se\/fi\/wp-json\/wp\/v2\/product_cat?post=148669"},{"taxonomy":"product_tag","embeddable":true,"href":"https:\/\/secureus.se\/fi\/wp-json\/wp\/v2\/product_tag?post=148669"}],"curies":[{"name":"wp","href":"https:\/\/api.w.org\/{rel}","templated":true}]}}