{"id":148671,"date":"2025-03-04T16:29:00","date_gmt":"2025-03-04T15:29:00","guid":{"rendered":"https:\/\/secureus.se\/armbagskontakt-50mm-alu-jck260\/"},"modified":"2026-04-16T16:50:15","modified_gmt":"2026-04-16T14:50:15","slug":"armbagskontakt-50mm-alu-jck260","status":"publish","type":"product","link":"https:\/\/secureus.se\/fi\/armbagskontakt-50mm-alu-jck260\/","title":{"rendered":"Kyyn\u00e4rp\u00e4\u00e4liitin \u2013 50mm \u2013 Alu \u2013 JCK260"},"content":{"rendered":"<h1 class=\"product_title entry-title elementor-heading-title elementor-size-default\">Kyyn\u00e4rp\u00e4\u00e4liitin \u2013 50mm \u2013 Alu \u2013 JCK260<\/h1>\n<p>JCK260 on vain 50 mm leve\u00e4 ja se on kehitetty asennettavaksi 50 mm profiilij\u00e4rjestelmill\u00e4 rakennettuihin lasiosiin sek\u00e4 muihin tiloihin, joissa tilaa on rajoitetusti.<\/p>\n<p>Mallissa on kaksi tulostuspintaa ja se on valmistettu hopea-anodisoidusta alumiinista ja siin\u00e4 on mustat p\u00e4\u00e4tykappaleet.<\/p>\n<p>Kaksinkertaisella painepinnalla varustetut kyyn\u00e4rp\u00e4\u00e4kytkimemme on kehitetty kaksoisk\u00e4\u00e4nt\u00f6oville ja mahdollistavat jokaisen oven ohjaamisen erikseen omalla painonapilla.<\/p>\n<p>Toiminto auttaa v\u00e4hent\u00e4m\u00e4\u00e4n kylm\u00e4\u00e4 vetoa ja vetoa ja s\u00e4\u00e4st\u00e4\u00e4 energiaa verrattuna molempien ovien avautumiseen joka kerta kun ne avataan.<\/p>\n<p>N\u00e4m\u00e4 kulmaliittimet voivat sopia my\u00f6s k\u00e4yt\u00e4v\u00e4\u00e4n, jossa tiloihin on kaksi sis\u00e4\u00e4nk\u00e4ynti\u00e4.<\/p>\n<h4>Tekniset tiedot<\/h4>\n<ul>\n<li>Valmistettu Ruotsissa.<\/li>\n<li>Materiaali: Alu.6060-T6, POM-muovi (asetaalimuovi).<\/li>\n<li>Mitat vakioversio l\/l\/k: 311x50x23 mm.<\/li>\n<li>Mikrokytkimet: 2kpl IP67. 1 NO\/NC (pieni painealue), 1 NO (suuri painealue).<\/li>\n<\/ul>\n<p>&nbsp;<\/p>","protected":false},"excerpt":{"rendered":"<p>Tuotteen mitat: 311 x 50 x 23 mm.<\/p>\n<p>Kyyn\u00e4rp\u00e4\u00e4liitin hopeanv\u00e4rist\u00e4 eloksoitua alumiinia mustalla p\u00e4\u00e4tykappaleella.<\/p>\n<p>Ohut malli kahdella painopinnalla.<\/p>","protected":false},"featured_media":148670,"template":"","meta":{"_acf_changed":false},"product_brand":[],"product_cat":[1422,4706],"product_tag":[],"class_list":{"0":"post-148671","1":"product","2":"type-product","3":"status-publish","4":"has-post-thumbnail","6":"product_cat-armbagskontakter-dorrautomatik","7":"product_cat-metall","8":"product_shipping_class-tunga-paket","9":"pa_brands-jc-kontakter","10":"tm-has-options","12":"first","13":"instock","14":"sale","15":"taxable","16":"shipping-taxable","17":"purchasable","18":"product-type-simple"},"acf":[],"_links":{"self":[{"href":"https:\/\/secureus.se\/fi\/wp-json\/wp\/v2\/product\/148671","targetHints":{"allow":["GET"]}}],"collection":[{"href":"https:\/\/secureus.se\/fi\/wp-json\/wp\/v2\/product"}],"about":[{"href":"https:\/\/secureus.se\/fi\/wp-json\/wp\/v2\/types\/product"}],"wp:featuredmedia":[{"embeddable":true,"href":"https:\/\/secureus.se\/fi\/wp-json\/wp\/v2\/media\/148670"}],"wp:attachment":[{"href":"https:\/\/secureus.se\/fi\/wp-json\/wp\/v2\/media?parent=148671"}],"wp:term":[{"taxonomy":"product_brand","embeddable":true,"href":"https:\/\/secureus.se\/fi\/wp-json\/wp\/v2\/product_brand?post=148671"},{"taxonomy":"product_cat","embeddable":true,"href":"https:\/\/secureus.se\/fi\/wp-json\/wp\/v2\/product_cat?post=148671"},{"taxonomy":"product_tag","embeddable":true,"href":"https:\/\/secureus.se\/fi\/wp-json\/wp\/v2\/product_tag?post=148671"}],"curies":[{"name":"wp","href":"https:\/\/api.w.org\/{rel}","templated":true}]}}