{"id":148676,"date":"2025-03-04T15:41:48","date_gmt":"2025-03-04T14:41:48","guid":{"rendered":"https:\/\/secureus.se\/armbagskontakt-led-jck277\/"},"modified":"2025-12-31T21:49:37","modified_gmt":"2025-12-31T20:49:37","slug":"armbagskontakt-led-jck277","status":"publish","type":"product","link":"https:\/\/secureus.se\/fi\/armbagskontakt-led-jck277\/","title":{"rendered":"Kyyn\u00e4rp\u00e4\u00e4liitin \u2013 LED \u2013 JCK277"},"content":{"rendered":"<h1 class=\"product_title entry-title elementor-heading-title elementor-size-default\">Kyyn\u00e4rp\u00e4\u00e4liitin \u2013 LED \u2013 JCK277<\/h1>\n<p>Moderni malli varustettu ohjaavalla LED-valolla (sininen).<\/p>\n<p>Valmistettu mustasta eloksoidusta alumiinista mustalla p\u00e4\u00e4tykappaleella.<\/p>\n<h4>Tekniset tiedot<\/h4>\n<ul>\n<li>Valmistettu Ruotsissa.<\/li>\n<li>Varustettu LED-valolla (sininen).<\/li>\n<li>Materiaali: Alu.6060-T6, POM-muovi (asetaalimuovi).<\/li>\n<li>Mitat vakioversio l\/p\/k: 245 x 80 x 23 mm.<\/li>\n<li>Mikrokytkin: Vakio 1 NO + 1 NO\/NC IP67.<\/li>\n<\/ul>","protected":false},"excerpt":{"rendered":"<p>Tuotteen mitat: 245 x 80 x 23 mm.<\/p>\n<p>Mustasta eloksoidusta alumiinista valmistettu kyyn\u00e4rp\u00e4\u00e4liitin LED-valolla lis\u00e4ohjausta varten.<\/p>\n<p>Litte\u00e4 malli mustalla p\u00e4\u00e4tykappaleella.<\/p>","protected":false},"featured_media":148674,"template":"","meta":{"_acf_changed":false},"product_brand":[],"product_cat":[1422,4706],"product_tag":[],"class_list":{"0":"post-148676","1":"product","2":"type-product","3":"status-publish","4":"has-post-thumbnail","6":"product_cat-armbagskontakter-dorrautomatik","7":"product_cat-metall","8":"product_shipping_class-tunga-paket","9":"pa_brands-jc-kontakter","10":"tm-has-options","12":"first","13":"instock","14":"sale","15":"taxable","16":"shipping-taxable","17":"purchasable","18":"product-type-simple"},"acf":[],"_links":{"self":[{"href":"https:\/\/secureus.se\/fi\/wp-json\/wp\/v2\/product\/148676","targetHints":{"allow":["GET"]}}],"collection":[{"href":"https:\/\/secureus.se\/fi\/wp-json\/wp\/v2\/product"}],"about":[{"href":"https:\/\/secureus.se\/fi\/wp-json\/wp\/v2\/types\/product"}],"wp:featuredmedia":[{"embeddable":true,"href":"https:\/\/secureus.se\/fi\/wp-json\/wp\/v2\/media\/148674"}],"wp:attachment":[{"href":"https:\/\/secureus.se\/fi\/wp-json\/wp\/v2\/media?parent=148676"}],"wp:term":[{"taxonomy":"product_brand","embeddable":true,"href":"https:\/\/secureus.se\/fi\/wp-json\/wp\/v2\/product_brand?post=148676"},{"taxonomy":"product_cat","embeddable":true,"href":"https:\/\/secureus.se\/fi\/wp-json\/wp\/v2\/product_cat?post=148676"},{"taxonomy":"product_tag","embeddable":true,"href":"https:\/\/secureus.se\/fi\/wp-json\/wp\/v2\/product_tag?post=148676"}],"curies":[{"name":"wp","href":"https:\/\/api.w.org\/{rel}","templated":true}]}}