{"id":148681,"date":"2025-03-04T15:33:59","date_gmt":"2025-03-04T14:33:59","guid":{"rendered":"https:\/\/secureus.se\/armbagskontakt-massing-jck119\/"},"modified":"2026-04-17T11:01:21","modified_gmt":"2026-04-17T09:01:21","slug":"armbagskontakt-massing-jck119","status":"publish","type":"product","link":"https:\/\/secureus.se\/fi\/armbagskontakt-massing-jck119\/","title":{"rendered":"Kyyn\u00e4rp\u00e4\u00e4liitin \u2013 Messinki \u2013 JCK119"},"content":{"rendered":"<h1>Kyyn\u00e4rp\u00e4\u00e4liitin \u2013 Messinki \u2013 JCK119<\/h1>\n<p>JCK119 on kest\u00e4v\u00e4 kulmaliitin, jossa litte\u00e4 puristuslevy ja p\u00e4\u00e4tykappale messinki\u00e4 ja alaosa kullan anodisoitua alumiinia.<\/p>\n<p>Malli on kehitetty k\u00e4ytett\u00e4v\u00e4ksi eksklusiivisissa ymp\u00e4rist\u00f6iss\u00e4 ja vanhoissa, K-merkittyiss\u00e4 rakennuksissa.<\/p>\n<p>JCK119 voidaan tilata radio-ohjauksella, koska vanhemmissa rakennuksissa on usein vaikea p\u00e4\u00e4st\u00e4 johdotukseen.<\/p>\n<section>\n<h4>Tekniset tiedot<\/h4>\n<ul>\n<li>Valmistettu Ruotsissa.<\/li>\n<li>Materiaali: Alu.6060-T6 (kulta-anodisoitu). Painike ja p\u00e4\u00e4tykappale: Messinki\u00e4.<\/li>\n<li>Mitat vakioversio l\/l\/k: 237x80x28 mm.<\/li>\n<li>Mikrokytkin: Vakio 1kpl NO IP67. Voidaan tilata 2:lla sek\u00e4 NO\/NC:ll\u00e4.<\/li>\n<\/ul>\n<\/section>","protected":false},"excerpt":{"rendered":"<p>Tuotteen mitat: 237 x 80 x 28 mm.<\/p>\n<p>Kulmaliitin kiillotettua messinki\u00e4 litte\u00e4ll\u00e4 painelevyll\u00e4.<\/p>","protected":false},"featured_media":156046,"template":"","meta":{"_acf_changed":false},"product_brand":[],"product_cat":[1422,4706],"product_tag":[],"class_list":{"0":"post-148681","1":"product","2":"type-product","3":"status-publish","4":"has-post-thumbnail","6":"product_cat-armbagskontakter-dorrautomatik","7":"product_cat-metall","8":"product_shipping_class-tunga-paket","9":"pa_brands-jc-kontakter","10":"tm-has-options","12":"first","13":"instock","14":"sale","15":"taxable","16":"shipping-taxable","17":"purchasable","18":"product-type-simple"},"acf":[],"_links":{"self":[{"href":"https:\/\/secureus.se\/fi\/wp-json\/wp\/v2\/product\/148681","targetHints":{"allow":["GET"]}}],"collection":[{"href":"https:\/\/secureus.se\/fi\/wp-json\/wp\/v2\/product"}],"about":[{"href":"https:\/\/secureus.se\/fi\/wp-json\/wp\/v2\/types\/product"}],"wp:featuredmedia":[{"embeddable":true,"href":"https:\/\/secureus.se\/fi\/wp-json\/wp\/v2\/media\/156046"}],"wp:attachment":[{"href":"https:\/\/secureus.se\/fi\/wp-json\/wp\/v2\/media?parent=148681"}],"wp:term":[{"taxonomy":"product_brand","embeddable":true,"href":"https:\/\/secureus.se\/fi\/wp-json\/wp\/v2\/product_brand?post=148681"},{"taxonomy":"product_cat","embeddable":true,"href":"https:\/\/secureus.se\/fi\/wp-json\/wp\/v2\/product_cat?post=148681"},{"taxonomy":"product_tag","embeddable":true,"href":"https:\/\/secureus.se\/fi\/wp-json\/wp\/v2\/product_tag?post=148681"}],"curies":[{"name":"wp","href":"https:\/\/api.w.org\/{rel}","templated":true}]}}