{"id":148697,"date":"2025-03-12T11:01:47","date_gmt":"2025-03-12T10:01:47","guid":{"rendered":"https:\/\/secureus.se\/dorrstangarsats-ts83-3-6-med-uppstallningsarm-brun\/"},"modified":"2026-04-23T11:55:09","modified_gmt":"2026-04-23T09:55:09","slug":"dorrstangarsats-ts83-3-6-med-uppstallningsarm-brun","status":"publish","type":"product","link":"https:\/\/secureus.se\/fi\/dorrstangarsats-ts83-3-6-med-uppstallningsarm-brun\/","title":{"rendered":"Dormakaba TS83 ovensuljin \u2013 T\u00e4ydellinen sarja \u2013 EN 3-6 \u2013 Asennusvarsi (P\u00e4\u00e4lle\/Pois) \u2013 Ruskea"},"content":{"rendered":"<p><strong>Dormakaba TS83<\/strong> on tehokas ja luotettava ovensuljin niille, jotka tarvitsevat sis\u00e4- ja ulko-ovien turvallisen ja hallitun sulkemisen. T\u00e4m\u00e4 versio toimitetaan <strong>t\u00e4ydellinen pakkaus<\/strong> ruskeana <strong>jalustavarsi CL-RF p\u00e4\u00e4lle\/pois<\/strong>, mik\u00e4 tekee siit\u00e4 hyv\u00e4n valinnan, kun haluat pit\u00e4\u00e4 oven auki tarvittaessa ja kytke\u00e4 toiminnon helposti p\u00e4\u00e4lle tai pois p\u00e4\u00e4lt\u00e4.<\/p>\n<p>Ovensuljin sopii oviin, joiden koko on enint\u00e4\u00e4n <strong>1400 mm<\/strong> ja sill\u00e4 on <strong>portaattomasti s\u00e4\u00e4dett\u00e4v\u00e4 sulkeutumisvoima EN 3-6<\/strong>. Se voidaan asentaa <strong>ovenlehden saranapuolella<\/strong> tai <strong>rungon pys\u00e4ytyspuoli<\/strong> ja sopii molemmille <strong>vasemmalle ja oikealle k\u00e4ttyv\u00e4t ovet<\/strong>.<\/p>\n<h3>T\u00e4m\u00e4 sis\u00e4ltyy pakettiin<\/h3>\n<ul>\n<li>Ovensulkimen kotelo TS83 3-6<\/li>\n<li>Asennuslevy 8380<\/li>\n<li>Jalustavarsi CL-RF On\/Off<\/li>\n<\/ul>\n<h3>Ominaisuudet<\/h3>\n<ul>\n<li>T\u00e4ydellinen sarja, joka sis\u00e4lt\u00e4\u00e4 ovensulkimen kotelon, asennuslevyn ja asennusvarren<\/li>\n<li>Hydraulinen ovensuljin puristusjousella<\/li>\n<li>Sulkemisvoima <strong>FI 3-6<\/strong><\/li>\n<li>Portaattomasti s\u00e4\u00e4dett\u00e4v\u00e4 oven sulkeutumisvoima<\/li>\n<li>Sopii vasemman- ja oikeanpuoleisiin oviin<\/li>\n<li>Voidaan asentaa oven saranapuolelle tai karmin vastapuolelle<\/li>\n<li>Oven enimm\u00e4isleveys <strong>1400 mm<\/strong><\/li>\n<li>Suurin avautumiskulma <strong>150\u00b0<\/strong><\/li>\n<li>Pintak\u00e4sittely: <strong>Ruskea<\/strong><\/li>\n<li>Erikoisv\u00e4rej\u00e4 voi tilata NCS- tai RAL-v\u00e4rikartan mukaisesti pyynn\u00f6st\u00e4.<\/li>\n<\/ul>\n<h3>Toiminnot<\/h3>\n<ul>\n<li>Avausjarru vakiona<\/li>\n<li>S\u00e4\u00e4dett\u00e4v\u00e4 sulkeutumisnopeus <strong>180\u00b0 - 0\u00b0<\/strong><\/li>\n<li>S\u00e4\u00e4dett\u00e4v\u00e4 iskuvoima <strong>7\u00b0 - 0\u00b0<\/strong><\/li>\n<li>Jalustavarsi, jossa painike jalustan kiinnitt\u00e4mist\u00e4 tai irrottamista varten<\/li>\n<\/ul>\n<h3>T\u00e4rke\u00e4\u00e4 tietoa<\/h3>\n<p><strong>Jalustan vartta ei saa k\u00e4ytt\u00e4\u00e4 palo-ovissa.<\/strong> Jos ovensuljinta k\u00e4ytet\u00e4\u00e4n palo-ovessa, on valittava oikea versio ilman aktiivista yl\u00f6snousutoimintoa.<\/p>\n<h3>Mitata<\/h3>\n<ul>\n<li>Pituus: <strong>293 mm<\/strong><\/li>\n<li>Korkeus: <strong>60 mm<\/strong><\/li>\n<li>Syvyys: <strong>47,5 mm<\/strong><\/li>\n<\/ul>\n<h3>Sopii<\/h3>\n<ul>\n<li>sis\u00e4ovet<\/li>\n<li>etuovet<\/li>\n<li>sis\u00e4\u00e4nk\u00e4yntiovet<\/li>\n<li>oviymp\u00e4rist\u00f6iss\u00e4, joissa tarvitaan n\u00e4ytt\u00f6toimintoa<\/li>\n<li>kiinteist\u00f6t, toimistot ja julkiset tilat<\/li>\n<\/ul>\n<p>Dormakaba TS83 on hyv\u00e4 valinta niille, jotka etsiv\u00e4t <strong>ovensuljin pystyvarrella<\/strong> t\u00e4ydellisen\u00e4 sarjana. Saat luotettavan ovensulkimen, jolla on hyv\u00e4t s\u00e4\u00e4dett\u00e4vyysominaisuudet, vakaa toiminta ja mahdollisuus aktivoida tai deaktivoida asetukset tarpeidesi mukaan.<\/p>\n<div style=\"background: #f6f8fa;padding: 14px;border-radius: 6px;margin: 18px 0\"><strong>Tarvitsetko apua oikean ovensulkimen valinnassa?<\/strong><br \/>\nVertaile oven tyyppi\u00e4, varsityyppi\u00e4 ja oven leveytt\u00e4 tai katso lis\u00e4\u00e4 malleja valikoimastamme.<br \/>\n<a style=\"font-weight: bold\" href=\"https:\/\/secureus.se\/fi\/dorrstangare-kompletta\/\"><br \/>\nKatso kaikki t\u00e4ydelliset ovensulkimet t\u00e4\u00e4lt\u00e4 \u2192<br \/>\n<\/a><\/div>","protected":false},"excerpt":{"rendered":"<p><strong>Dormakaba TS83 ovensuljinsarja, ruskea<\/strong> Sis\u00e4- ja ulko-ovien hallittuun sulkemiseen tarkoitettu p\u00e4\u00e4lle\/pois-vipu. Sopii oviin, joiden koko on enint\u00e4\u00e4n <strong>1400 mm<\/strong> ja voidaan asentaa <strong>ovenlehden saranapuolella<\/strong> tai <strong>rungon pys\u00e4ytyspuoli<\/strong>.<\/p>\n<p>T\u00e4ydellinen sarja sis\u00e4lt\u00e4\u00e4: <strong>ovensulkimen kotelo TS83 3-6, asennuslevy 8380 ja asennusvarsi CL-RF On\/Off<\/strong>. Mallissa on <strong>s\u00e4\u00e4dett\u00e4v\u00e4 sulkeutumisvoima EN 3-6<\/strong>, avausjarru ja pys\u00e4k\u00f6intitoiminto, jotka voidaan helposti kytke\u00e4 p\u00e4\u00e4lle tai pois tarpeen mukaan.<\/p>","protected":false},"featured_media":148696,"template":"","meta":{"_acf_changed":false},"product_brand":[],"product_cat":[3258,4864],"product_tag":[4863],"class_list":{"0":"post-148697","1":"product","2":"type-product","3":"status-publish","4":"has-post-thumbnail","6":"product_cat-dorrstangare","7":"product_cat-dorrstangare-kompletta","8":"product_tag-pf","9":"product_shipping_class-tunga-paket","10":"pa_brands-dormakaba","11":"tm-no-options","13":"first","14":"instock","15":"sale","16":"taxable","17":"shipping-taxable","18":"purchasable","19":"product-type-simple"},"acf":[],"_links":{"self":[{"href":"https:\/\/secureus.se\/fi\/wp-json\/wp\/v2\/product\/148697","targetHints":{"allow":["GET"]}}],"collection":[{"href":"https:\/\/secureus.se\/fi\/wp-json\/wp\/v2\/product"}],"about":[{"href":"https:\/\/secureus.se\/fi\/wp-json\/wp\/v2\/types\/product"}],"wp:featuredmedia":[{"embeddable":true,"href":"https:\/\/secureus.se\/fi\/wp-json\/wp\/v2\/media\/148696"}],"wp:attachment":[{"href":"https:\/\/secureus.se\/fi\/wp-json\/wp\/v2\/media?parent=148697"}],"wp:term":[{"taxonomy":"product_brand","embeddable":true,"href":"https:\/\/secureus.se\/fi\/wp-json\/wp\/v2\/product_brand?post=148697"},{"taxonomy":"product_cat","embeddable":true,"href":"https:\/\/secureus.se\/fi\/wp-json\/wp\/v2\/product_cat?post=148697"},{"taxonomy":"product_tag","embeddable":true,"href":"https:\/\/secureus.se\/fi\/wp-json\/wp\/v2\/product_tag?post=148697"}],"curies":[{"name":"wp","href":"https:\/\/api.w.org\/{rel}","templated":true}]}}