{"id":148707,"date":"2025-03-12T12:31:20","date_gmt":"2025-03-12T11:31:20","guid":{"rendered":"https:\/\/secureus.se\/standardarm-cl-n-silver\/"},"modified":"2026-04-23T11:54:55","modified_gmt":"2026-04-23T09:54:55","slug":"standardarm-cl-n-silver","status":"publish","type":"product","link":"https:\/\/secureus.se\/fi\/standardarm-cl-n-silver\/","title":{"rendered":"Vakiovarsi CL-N hopea"},"content":{"rendered":"<p>Dormakaban CL-N-sarjan vakiovarsi. Sopii ovensulkimien koteloihin TS83 ja TS73. CL-N on jaollinen, jakamattomille valitse CL-N-SEC. Soveltuu sis\u00e4oviin, ulko-oviin ja palo-oviin huoltorakennuksissa, sairaaloissa ja vammaisten laitoksissa.<\/p>\n<div>\n<p><b>Ominaisuudet:<\/b><\/p>\n<ul>\n<li>L\u00e4vistyssyvyys max 85 mm<\/li>\n<li>Portaattomasti s\u00e4\u00e4dett\u00e4v\u00e4<\/li>\n<li>Jaollinen<\/li>\n<\/ul>\n<\/div>\n<div>\n<div><\/div>\n<\/div>","protected":false},"excerpt":{"rendered":"<p>Vakiovarsi dormakaba CL-N -sarjassa. Sopii ovensulkimien koteloihin TS83 ja TS73. CL-N on jaollinen, jakamattomille valitse CL-N-SEC. Soveltuu sis\u00e4oviin, ulko-oviin ja palo-oviin huoltorakennuksissa, sairaaloissa ja vammaisten laitoksissa. Ominaisuudet:<\/p>","protected":false},"featured_media":148704,"template":"","meta":{"_acf_changed":false},"product_brand":[],"product_cat":[4805],"product_tag":[4863],"class_list":{"0":"post-148707","1":"product","2":"type-product","3":"status-publish","4":"has-post-thumbnail","6":"product_cat-dorrstangararmar","7":"product_tag-pf","8":"product_shipping_class-tunga-paket","9":"pa_brands-dormakaba","10":"tm-no-options","12":"first","13":"instock","14":"sale","15":"taxable","16":"shipping-taxable","17":"purchasable","18":"product-type-simple"},"acf":[],"_links":{"self":[{"href":"https:\/\/secureus.se\/fi\/wp-json\/wp\/v2\/product\/148707","targetHints":{"allow":["GET"]}}],"collection":[{"href":"https:\/\/secureus.se\/fi\/wp-json\/wp\/v2\/product"}],"about":[{"href":"https:\/\/secureus.se\/fi\/wp-json\/wp\/v2\/types\/product"}],"wp:featuredmedia":[{"embeddable":true,"href":"https:\/\/secureus.se\/fi\/wp-json\/wp\/v2\/media\/148704"}],"wp:attachment":[{"href":"https:\/\/secureus.se\/fi\/wp-json\/wp\/v2\/media?parent=148707"}],"wp:term":[{"taxonomy":"product_brand","embeddable":true,"href":"https:\/\/secureus.se\/fi\/wp-json\/wp\/v2\/product_brand?post=148707"},{"taxonomy":"product_cat","embeddable":true,"href":"https:\/\/secureus.se\/fi\/wp-json\/wp\/v2\/product_cat?post=148707"},{"taxonomy":"product_tag","embeddable":true,"href":"https:\/\/secureus.se\/fi\/wp-json\/wp\/v2\/product_tag?post=148707"}],"curies":[{"name":"wp","href":"https:\/\/api.w.org\/{rel}","templated":true}]}}