{"id":148714,"date":"2025-03-12T12:46:21","date_gmt":"2025-03-12T11:46:21","guid":{"rendered":"https:\/\/secureus.se\/?post_type=product&#038;p=148714"},"modified":"2026-04-23T11:24:27","modified_gmt":"2026-04-23T09:24:27","slug":"uppstallningsarm-cl-rf-on-off-brun","status":"publish","type":"product","link":"https:\/\/secureus.se\/fi\/uppstallningsarm-cl-rf-on-off-brun\/","title":{"rendered":"Jalustavarsi CL-RF p\u00e4\u00e4ll\u00e4\/pois Ruskea"},"content":{"rendered":"<div>Dormakabas CL-RF ON\/OFF -sarjan jalustavarsi. Sopii ovensulkimien koteloihin TS83 ja TS73. Sis\u00e4- ja ulko-oviin. Ei saa k\u00e4ytt\u00e4\u00e4 paloturvallisissa ovissa.<\/div>\n<div><\/div>\n<div><b>Ominaisuudet:\u00a0<\/b><\/div>\n<div>\n<ul>\n<li>Varsij\u00e4rjestelm\u00e4 mekaanisella lukitusj\u00e4rjestelyll\u00e4, joka voidaan kytke\u00e4 p\u00e4\u00e4lle ja pois.<\/li>\n<li>Vaihto tapahtuu manuaalisesti p\u00e4\u00e4varressa olevalla painikkeella.<\/li>\n<li>Soveltuu vasemmalle ja oikealle oville.<\/li>\n<li>Voidaan asentaa ovilehteen tai karmiin.<\/li>\n<li>Sopii ovensulkimiin TS 73 ja TS 83.<\/li>\n<li>Vaihto tapahtuu manuaalisesti p\u00e4\u00e4varressa olevalla painikkeella.<\/li>\n<li>Kehyssyvyydelle max. 45mm, pidennetyll\u00e4 nivelvarrella max. 65 mm.<\/li>\n<li>Iskuvoima on s\u00e4\u00e4dett\u00e4viss\u00e4 vivulla.<\/li>\n<li>Voidaan asentaa mihin tahansa kulmaan enint\u00e4\u00e4n 150\u00b0 asti.<\/li>\n<\/ul>\n<\/div>","protected":false},"excerpt":{"rendered":"<p>Dormakabas CL-RF ON\/OFF -sarjan jalustavarsi. Sopii ovensulkimien koteloihin TS83 ja TS73. Sis\u00e4- ja ulko-oviin. Ei saa k\u00e4ytt\u00e4\u00e4 paloturvallisissa ovissa. Ominaisuudet: Varsij\u00e4rjestelm\u00e4 mekaanisella lukitusj\u00e4rjestelyll\u00e4 eli<\/p>","protected":false},"featured_media":148711,"template":"","meta":{"_acf_changed":false},"product_brand":[],"product_cat":[4805],"product_tag":[4863],"class_list":{"0":"post-148714","1":"product","2":"type-product","3":"status-publish","4":"has-post-thumbnail","6":"product_cat-dorrstangararmar","7":"product_tag-pf","8":"product_shipping_class-tunga-paket","9":"pa_brands-dormakaba","10":"tm-no-options","12":"first","13":"instock","14":"sale","15":"taxable","16":"shipping-taxable","17":"purchasable","18":"product-type-simple"},"acf":[],"_links":{"self":[{"href":"https:\/\/secureus.se\/fi\/wp-json\/wp\/v2\/product\/148714","targetHints":{"allow":["GET"]}}],"collection":[{"href":"https:\/\/secureus.se\/fi\/wp-json\/wp\/v2\/product"}],"about":[{"href":"https:\/\/secureus.se\/fi\/wp-json\/wp\/v2\/types\/product"}],"wp:featuredmedia":[{"embeddable":true,"href":"https:\/\/secureus.se\/fi\/wp-json\/wp\/v2\/media\/148711"}],"wp:attachment":[{"href":"https:\/\/secureus.se\/fi\/wp-json\/wp\/v2\/media?parent=148714"}],"wp:term":[{"taxonomy":"product_brand","embeddable":true,"href":"https:\/\/secureus.se\/fi\/wp-json\/wp\/v2\/product_brand?post=148714"},{"taxonomy":"product_cat","embeddable":true,"href":"https:\/\/secureus.se\/fi\/wp-json\/wp\/v2\/product_cat?post=148714"},{"taxonomy":"product_tag","embeddable":true,"href":"https:\/\/secureus.se\/fi\/wp-json\/wp\/v2\/product_tag?post=148714"}],"curies":[{"name":"wp","href":"https:\/\/api.w.org\/{rel}","templated":true}]}}