{"id":148796,"date":"2025-03-13T14:40:11","date_gmt":"2025-03-13T13:40:11","guid":{"rendered":"https:\/\/secureus.se\/rwc-larm-komplett-kit\/"},"modified":"2025-12-31T21:47:19","modified_gmt":"2025-12-31T20:47:19","slug":"rwc-larm-komplett-kit","status":"publish","type":"product","link":"https:\/\/secureus.se\/fi\/rwc-larm-komplett-kit\/","title":{"rendered":"RWC-h\u00e4lytys \u2013 T\u00e4ydellinen h\u00e4lytyssarja h\u00e4t\u00e4tilanteita varten, mukaan lukien virtal\u00e4hde \u2013 CE-merkitty"},"content":{"rendered":"<h1 data-start=\"549\" data-end=\"788\">RWC Alarm on luotettava ja k\u00e4ytt\u00e4j\u00e4yst\u00e4v\u00e4llinen ratkaisu turvallisuuden lis\u00e4\u00e4miseen wc-tiloissa ja muissa esteett\u00f6miss\u00e4 ymp\u00e4rist\u00f6iss\u00e4.<\/h1>\n<p>RWC-h\u00e4lytin liitet\u00e4\u00e4n 2- tai 4-johtimisella kaapelilla. Kytke virtal\u00e4hde s\u00e4hk\u00f6kaapelilla 220 V:iin.<\/p>\n<p data-start=\"549\" data-end=\"788\">J\u00e4rjestelm\u00e4 on suunniteltu mahdollistamaan nopean avun h\u00e4t\u00e4tilanteissa selke\u00e4n h\u00e4lytyksen avulla.<\/p>\n<p data-start=\"790\" data-end=\"820\"><strong data-start=\"790\" data-end=\"818\">T\u00e4m\u00e4n RWC-h\u00e4lytyksen ominaisuudet ja edut:<\/strong><\/p>\n<ul data-start=\"821\" data-end=\"1230\">\n<li data-start=\"821\" data-end=\"894\"><strong data-start=\"823\" data-end=\"841\">T\u00e4ydellinen paketti<\/strong> \u2013 Sis\u00e4lt\u00e4\u00e4 h\u00e4t\u00e4painikkeen, vetonarun ja h\u00e4lytyksen ilmaisimen.<\/li>\n<li data-start=\"895\" data-end=\"981\"><strong data-start=\"897\" data-end=\"922\">Selke\u00e4 h\u00e4lytyksen ilmaisin<\/strong> \u2013 \u00c4\u00e4ni- ja valomerkinanto v\u00e4litt\u00f6m\u00e4\u00e4n huomioimiseen.<\/li>\n<li data-start=\"982\" data-end=\"1070\"><strong data-start=\"984\" data-end=\"1003\">K\u00e4ytt\u00e4j\u00e4yst\u00e4v\u00e4llinen<\/strong> \u2013 Helppo aktivoida, my\u00f6s liikuntarajoitteisille henkil\u00f6ille.<\/li>\n<li data-start=\"1071\" data-end=\"1159\"><strong data-start=\"1073\" data-end=\"1096\">Helppo asentaa<\/strong> \u2013 Soveltuu yleisiin k\u00e4ym\u00e4l\u00f6ihin, terveydenhuoltolaitoksiin ja yrityksiin.<\/li>\n<li data-start=\"1160\" data-end=\"1230\"><strong data-start=\"1162\" data-end=\"1183\">Korkea toimintavarmuus<\/strong> \u2013 Vankka rakenne luotettavalla toiminnallisuudella.<\/li>\n<\/ul>\n<p data-start=\"1232\" data-end=\"1257\"><strong data-start=\"1232\" data-end=\"1255\">RWC-h\u00e4lyttimen k\u00e4ytt\u00f6alueet \u2013 H\u00e4t\u00e4h\u00e4lytys<\/strong><\/p>\n<ul data-start=\"1258\" data-end=\"1370\">\n<li data-start=\"1258\" data-end=\"1282\">Yleiset wc:t<\/li>\n<li data-start=\"1283\" data-end=\"1315\">Sairaalat ja hoitolaitokset<\/li>\n<li data-start=\"1316\" data-end=\"1344\">Koulut ja ty\u00f6paikat<\/li>\n<li data-start=\"1345\" data-end=\"1370\">Hotellit ja ostoskeskukset<\/li>\n<\/ul>\n<p data-start=\"1372\" data-end=\"1403\"><strong data-start=\"1372\" data-end=\"1401\">Tekniset tiedot:<\/strong><\/p>\n<p>Virtal\u00e4hde: 12V-24V DC<\/p>\n<p>H\u00e4lytystyyppi: Akustinen ja visuaalinen ilmaisin<\/p>\n<p>Asennus: Sein\u00e4asennusyksikk\u00f6 vetonarulla<\/p>\n<p>Materiaali: Kest\u00e4v\u00e4 ja helppo puhdistaa<\/p>\n<p><strong>Tuotteen pituus\/syvyys:<\/strong> 280 mm<\/p>\n<p><strong>Tuotteen korkeus:<\/strong> 48 mm<\/p>\n<p><strong>Tuotteen leveys:<\/strong> 211 mm<\/p>\n<p><strong>Tuotteen paino:<\/strong> 0,498 kg<\/p>\n<p><strong>Sertifikaatit:<\/strong> CE<\/p>\n<p>&nbsp;<\/p>\n<h3 data-start=\"191\" data-end=\"224\"><strong data-start=\"195\" data-end=\"222\">RWC h\u00e4lyttimen asennus<\/strong><\/h3>\n<p data-start=\"225\" data-end=\"325\">Seuraavia ohjeita tulee noudattaa wc-h\u00e4lyttimen oikean ja turvallisen asennuksen varmistamiseksi.<\/p>\n<h3 data-start=\"327\" data-end=\"366\"><strong data-start=\"331\" data-end=\"364\">S\u00e4hk\u00f6asennus (verkkojohdot)<\/strong><\/h3>\n<ul data-start=\"367\" data-end=\"727\">\n<li data-start=\"367\" data-end=\"499\">H\u00e4lytysohjausyksik\u00f6n virransy\u00f6tt\u00f6 tulee tapahtua kiinte\u00e4n asennuksen kautta, jossa on a <strong data-start=\"448\" data-end=\"465\">kolmijohtiminen kaapeli<\/strong> jonka pinta-ala on v\u00e4hint\u00e4\u00e4n <strong data-start=\"487\" data-end=\"496\">1 mm\u00b2<\/strong>.<\/li>\n<li data-start=\"500\" data-end=\"595\">Yhteys tulee tehd\u00e4 kautta a <strong data-start=\"530\" data-end=\"570\">eristetty, rikkoutuva ja suojattu tarjonta<\/strong> kanssa a <strong data-start=\"578\" data-end=\"592\">3A sulake<\/strong>.<\/li>\n<li data-start=\"596\" data-end=\"727\">Asennus on suoritettava ohjeiden mukaisesti <strong data-start=\"640\" data-end=\"676\">IEE Wiring Regulations (BS 7671)<\/strong> tai sovellettavia kansallisia s\u00e4hk\u00f6asennusm\u00e4\u00e4r\u00e4yksi\u00e4.<\/li>\n<\/ul>\n<h3 data-start=\"729\" data-end=\"796\"><strong data-start=\"733\" data-end=\"794\">Extra Low Voltage (ELV) johdotus<\/strong><\/h3>\n<ul data-start=\"797\" data-end=\"1019\">\n<li data-start=\"797\" data-end=\"868\">Kaikki <strong data-start=\"803\" data-end=\"827\">pienj\u00e4nnitejohdotus<\/strong> on erotettava verkkoj\u00e4nnitteest\u00e4.<\/li>\n<li data-start=\"869\" data-end=\"925\">J\u00e4rjestelm\u00e4 vaatii a <strong data-start=\"890\" data-end=\"922\">v\u00e4hint\u00e4\u00e4n 2-napainen kaapeli (0,4 mm\u00b2)<\/strong>.<\/li>\n<li data-start=\"926\" data-end=\"1019\">Kaikki sein\u00e4\u00e4n asennettavat yksik\u00f6t tulee asentaa a <strong data-start=\"977\" data-end=\"994\">asennuskehys<\/strong> riitt\u00e4v\u00e4ll\u00e4 syvyydell\u00e4.<\/li>\n<\/ul>\n<h3 data-start=\"1021\" data-end=\"1070\"><strong data-start=\"1025\" data-end=\"1068\">Kytkent\u00e4kaavio \u2013 Laitteiden kytkent\u00e4<\/strong><\/h3>\n<p data-start=\"1071\" data-end=\"1129\">Seuraavat kytkenn\u00e4t tulee tehd\u00e4 kytkent\u00e4kaavion mukaisesti:<\/p>\n<ol data-start=\"1131\" data-end=\"1644\">\n<li data-start=\"1131\" data-end=\"1229\">\n<p data-start=\"1134\" data-end=\"1176\"><strong data-start=\"1134\" data-end=\"1174\">Virtal\u00e4hde (virtal\u00e4hde, 12V)<\/strong><\/p>\n<ul data-start=\"1180\" data-end=\"1229\">\n<li data-start=\"1180\" data-end=\"1229\"><strong data-start=\"1182\" data-end=\"1198\">Yhdistet\u00e4\u00e4n<\/strong>: Ved\u00e4 johdon laitteen sis\u00e4\u00e4ntuloportti.<\/li>\n<\/ul>\n<\/li>\n<li data-start=\"1231\" data-end=\"1381\">\n<p data-start=\"1234\" data-end=\"1266\"><strong data-start=\"1234\" data-end=\"1264\">Ved\u00e4 johtolaite<\/strong><\/p>\n<ul data-start=\"1270\" data-end=\"1381\">\n<li data-start=\"1270\" data-end=\"1318\"><strong data-start=\"1272\" data-end=\"1283\">IN portti<\/strong> kytketty virtal\u00e4hteeseen.<\/li>\n<li data-start=\"1322\" data-end=\"1381\"><strong data-start=\"1324\" data-end=\"1336\">OUT-portti<\/strong> kytketty Peruuta-painikkeeseen (Cancel Unit).<\/li>\n<\/ul>\n<\/li>\n<li data-start=\"1383\" data-end=\"1550\">\n<p data-start=\"1386\" data-end=\"1418\"><strong data-start=\"1386\" data-end=\"1416\">Peruutuspainike (Peruuta yksikk\u00f6)<\/strong><\/p>\n<ul data-start=\"1422\" data-end=\"1550\">\n<li data-start=\"1422\" data-end=\"1479\"><strong data-start=\"1424\" data-end=\"1435\">IN portti<\/strong> liitet\u00e4\u00e4n Pull Cord -yksik\u00f6n OUT-porttiin.<\/li>\n<li data-start=\"1483\" data-end=\"1550\"><strong data-start=\"1485\" data-end=\"1497\">OUT-portti<\/strong> kytketty Over door -ilmaisimeen.<\/li>\n<\/ul>\n<\/li>\n<li data-start=\"1552\" data-end=\"1644\">\n<p data-start=\"1555\" data-end=\"1596\"><strong data-start=\"1555\" data-end=\"1594\">Oven yl\u00e4puolella oleva ilmaisin<\/strong><\/p>\n<ul data-start=\"1600\" data-end=\"1644\">\n<li data-start=\"1600\" data-end=\"1644\"><strong data-start=\"1602\" data-end=\"1613\">IN portti<\/strong> yhdistetty Peruuta-painikkeeseen.<\/li>\n<\/ul>\n<\/li>\n<\/ol>\n<h3 data-start=\"1646\" data-end=\"1678\"><strong data-start=\"1650\" data-end=\"1676\">Yleiskatsaus yhteyksist\u00e4<\/strong><\/h3>\n<div class=\"overflow-x-auto contain-inline-size\">\n<table data-start=\"1680\" data-end=\"1840\">\n<thead data-start=\"1680\" data-end=\"1711\">\n<tr data-start=\"1680\" data-end=\"1711\">\n<th data-start=\"1680\" data-end=\"1694\"><strong data-start=\"1682\" data-end=\"1693\">OUT-portti<\/strong><\/th>\n<th data-start=\"1694\" data-end=\"1711\"><strong data-start=\"1696\" data-end=\"1707\">IN portti<\/strong><\/th>\n<\/tr>\n<\/thead>\n<tbody data-start=\"1743\" data-end=\"1840\">\n<tr data-start=\"1743\" data-end=\"1768\">\n<td>PSU<\/td>\n<td>Oven ilmaisin<\/td>\n<\/tr>\n<tr data-start=\"1769\" data-end=\"1803\">\n<td>Oven ilmaisin<\/td>\n<td>Peruuta-painike<\/td>\n<\/tr>\n<tr data-start=\"1804\" data-end=\"1840\">\n<td>Peruuta-painike<\/td>\n<td>Ved\u00e4 johtolaite<\/td>\n<\/tr>\n<\/tbody>\n<\/table>\n<p>&nbsp;<\/p>\n<\/div>\n<h2 data-start=\"1847\" data-end=\"1896\"><strong data-start=\"1850\" data-end=\"1894\">Yhteenveto asennuskuvauksesta<\/strong><\/h2>\n<h3 data-start=\"1898\" data-end=\"1944\"><strong data-start=\"1902\" data-end=\"1942\">Pikaopas \u2013 RWC-h\u00e4lyttimen asennus<\/strong><\/h3>\n<ol data-start=\"1945\" data-end=\"2472\">\n<li data-start=\"1945\" data-end=\"2059\"><strong data-start=\"1948\" data-end=\"1969\">Virtal\u00e4hde:<\/strong> Liit\u00e4 h\u00e4lytin kiinte\u00e4\u00e4n s\u00e4hk\u00f6asennukseen a <strong data-start=\"2019\" data-end=\"2033\">3A sulake<\/strong> ja yksi <strong data-start=\"2041\" data-end=\"2056\">1 mm\u00b2 kaapeli<\/strong>.<\/li>\n<li data-start=\"2060\" data-end=\"2173\"><strong data-start=\"2063\" data-end=\"2088\">Pienj\u00e4nnitejohdot:<\/strong> Erota pienj\u00e4nnitekaapelit verkkoj\u00e4nnitteest\u00e4 ja k\u00e4yt\u00e4 <strong data-start=\"2147\" data-end=\"2170\">v\u00e4hint\u00e4\u00e4n 0,4 mm\u00b2 kaapeli<\/strong>.<\/li>\n<li data-start=\"2174\" data-end=\"2376\"><strong data-start=\"2177\" data-end=\"2190\">Kytkent\u00e4:<\/strong>\n<ul data-start=\"2196\" data-end=\"2376\">\n<li data-start=\"2196\" data-end=\"2257\">Yhdist\u00e4 <strong data-start=\"2205\" data-end=\"2227\">virtal\u00e4hde<\/strong> to <strong data-start=\"2233\" data-end=\"2254\">Pull Cord -laite<\/strong>.<\/li>\n<li data-start=\"2261\" data-end=\"2318\">Yhdist\u00e4 <strong data-start=\"2270\" data-end=\"2291\">Pull Cord -laite<\/strong> to <strong data-start=\"2297\" data-end=\"2315\">Peruuta-painike<\/strong>.<\/li>\n<li data-start=\"2322\" data-end=\"2376\">Yhdist\u00e4 <strong data-start=\"2331\" data-end=\"2349\">Peruuta-painike<\/strong> to <strong data-start=\"2355\" data-end=\"2373\">Oven ilmaisin<\/strong>.<\/li>\n<\/ul>\n<\/li>\n<li data-start=\"2377\" data-end=\"2472\"><strong data-start=\"2380\" data-end=\"2401\">Lopputarkastus:<\/strong> Varmista, ett\u00e4 kaikki laitteet toimivat testaamalla h\u00e4lytystoiminto.<\/li>\n<\/ol>","protected":false},"excerpt":{"rendered":"<p>RWC Alarm on t\u00e4ydellinen h\u00e4t\u00e4h\u00e4lytysj\u00e4rjestelm\u00e4 esteett\u00f6miin wc-tiloihin ja muihin tiloihin, joissa apua voidaan tarvita nopeasti.<\/p>\n<p>Vetonarun, h\u00e4lytyspainikkeen ja \u00e4\u00e4ni-\/valomerkinantoj\u00e4rjestelm\u00e4n ansiosta t\u00e4m\u00e4 j\u00e4rjestelm\u00e4 takaa nopean reagoinnin h\u00e4t\u00e4tilanteissa. Helppo asennus ja korkea toimintavarmuus tekev\u00e4t siit\u00e4 erinomaisen valinnan julkisiin ymp\u00e4rist\u00f6ihin.<\/p>","protected":false},"featured_media":148794,"template":"","meta":{"_acf_changed":false},"product_brand":[],"product_cat":[1606],"product_tag":[],"class_list":{"0":"post-148796","1":"product","2":"type-product","3":"status-publish","4":"has-post-thumbnail","6":"product_cat-rwc-larm","7":"product_shipping_class-tunga-paket","8":"pa_brands-eaton","9":"tm-no-options","11":"first","12":"instock","13":"sale","14":"taxable","15":"shipping-taxable","16":"purchasable","17":"product-type-simple"},"acf":[],"_links":{"self":[{"href":"https:\/\/secureus.se\/fi\/wp-json\/wp\/v2\/product\/148796","targetHints":{"allow":["GET"]}}],"collection":[{"href":"https:\/\/secureus.se\/fi\/wp-json\/wp\/v2\/product"}],"about":[{"href":"https:\/\/secureus.se\/fi\/wp-json\/wp\/v2\/types\/product"}],"wp:featuredmedia":[{"embeddable":true,"href":"https:\/\/secureus.se\/fi\/wp-json\/wp\/v2\/media\/148794"}],"wp:attachment":[{"href":"https:\/\/secureus.se\/fi\/wp-json\/wp\/v2\/media?parent=148796"}],"wp:term":[{"taxonomy":"product_brand","embeddable":true,"href":"https:\/\/secureus.se\/fi\/wp-json\/wp\/v2\/product_brand?post=148796"},{"taxonomy":"product_cat","embeddable":true,"href":"https:\/\/secureus.se\/fi\/wp-json\/wp\/v2\/product_cat?post=148796"},{"taxonomy":"product_tag","embeddable":true,"href":"https:\/\/secureus.se\/fi\/wp-json\/wp\/v2\/product_tag?post=148796"}],"curies":[{"name":"wp","href":"https:\/\/api.w.org\/{rel}","templated":true}]}}