{"id":148866,"date":"2026-01-07T15:13:23","date_gmt":"2026-01-07T14:13:23","guid":{"rendered":"https:\/\/secureus.se\/?post_type=product&#038;p=148866"},"modified":"2026-03-13T10:45:50","modified_gmt":"2026-03-13T09:45:50","slug":"fjarrkontroll-for-led-ljuslist-med-rorelsesensor-full-kontroll-av-belysningen","status":"publish","type":"product","link":"https:\/\/secureus.se\/fi\/fjarrkontroll-for-led-ljuslist-med-rorelsesensor-full-kontroll-av-belysningen\/","title":{"rendered":"Kaukos\u00e4\u00e4din kohdevalojen LED-valonauhalle hopeanv\u00e4risen\u00e4 \u2013 T\u00e4ydellinen valaistuksen hallinta"},"content":{"rendered":"<p data-start=\"0\" data-end=\"449\"><strong data-start=\"0\" data-end=\"83\">Kaukos\u00e4\u00e4din LED-valonauhalle liiketunnistimella \u2013 t\u00e4ydellinen valaistuksen hallinta<\/strong><br data-start=\"83\" data-end=\"86\" \/>Nyt sinun ei en\u00e4\u00e4 tarvitse seist\u00e4 valonauhan vieress\u00e4 ohjataksesi valaistusta. T\u00e4ll\u00e4 kaukos\u00e4\u00e4timell\u00e4 voit helposti sytytt\u00e4\u00e4 ja sammuttaa lampun tai useita lamppuja (enint\u00e4\u00e4n 20), s\u00e4\u00e4t\u00e4\u00e4 kirkkautta, vaihtaa eri v\u00e4ril\u00e4mp\u00f6tilojen v\u00e4lill\u00e4 ja jopa asettaa ajastimen v\u00e4lille 15-60 minuuttia. T\u00e4ydellinen niille, jotka haluavat maksimaalista mukavuutta ja joustavuutta k\u00e4ytett\u00e4ess\u00e4 \u00e4lykk\u00e4it\u00e4 LED-valonauhojamme.<\/p>\n<hr data-start=\"451\" data-end=\"454\" \/>\n<h2 data-start=\"456\" data-end=\"475\">T\u00e4rkeimm\u00e4t ominaisuudet<\/h2>\n<ol data-start=\"477\" data-end=\"1293\">\n<li data-start=\"477\" data-end=\"593\">\n<p data-start=\"480\" data-end=\"593\"><strong data-start=\"480\" data-end=\"503\">P\u00e4\u00e4lle\/pois p\u00e4\u00e4lt\u00e4 yhdell\u00e4 napsautuksella<\/strong><br data-start=\"503\" data-end=\"506\" \/>Ohita h\u00e4ss\u00e4kk\u00e4 \u2013 kytke LED-valo p\u00e4\u00e4lle tai pois p\u00e4\u00e4lt\u00e4 suoraan sohvaltasi tai s\u00e4ngylt\u00e4si.<\/p>\n<\/li>\n<li data-start=\"595\" data-end=\"771\">\n<p data-start=\"598\" data-end=\"771\"><strong data-start=\"598\" data-end=\"625\">Useita aika-asetuksia<\/strong><br data-start=\"625\" data-end=\"628\" \/>Valitse v\u00e4lilt\u00e4 <strong data-start=\"643\" data-end=\"673\">15, 30, 45 ja 60 minuuttia<\/strong> ajastin. T\u00e4ydellinen, kun haluat valon sammuvan automaattisesti ilman, ett\u00e4 sinun tarvitsee tehd\u00e4 mit\u00e4\u00e4n.<\/p>\n<\/li>\n<li data-start=\"773\" data-end=\"969\">\n<p data-start=\"776\" data-end=\"969\"><strong data-start=\"776\" data-end=\"800\">S\u00e4\u00e4dett\u00e4v\u00e4 kirkkaus<\/strong><br data-start=\"800\" data-end=\"803\" \/>S\u00e4\u00e4d\u00e4 valon tasoa helposti <strong data-start=\"835\" data-end=\"846\">+\/- Lux<\/strong>painikkeita, joilla saat juuri oikeanlaisen valon, olipa kyseess\u00e4 lukeminen, koristevalaistus tai y\u00f6valo.<\/p>\n<\/li>\n<li data-start=\"971\" data-end=\"1168\">\n<p data-start=\"974\" data-end=\"1168\"><strong data-start=\"974\" data-end=\"998\">Kolme v\u00e4ril\u00e4mp\u00f6tilaa<\/strong><br data-start=\"998\" data-end=\"1001\" \/>Napin painalluksella voit vaihtaa v\u00e4lill\u00e4 <strong data-start=\"1044\" data-end=\"1078\">l\u00e4mmin, viile\u00e4 ja neutraali valo<\/strong>. Luo tarvitsemasi tunnelma \u2013 kodikas valaistus illalla tai kirkas valaistus ty\u00f6skennelless\u00e4si.<\/p>\n<\/li>\n<li data-start=\"1170\" data-end=\"1293\">\n<p data-start=\"1173\" data-end=\"1293\"><strong data-start=\"1173\" data-end=\"1187\">Tilapainike<\/strong><br data-start=\"1187\" data-end=\"1190\" \/>Vaihda nopeasti eri tilojen v\u00e4lill\u00e4.<\/p>\n<\/li>\n<\/ol>\n<hr data-start=\"1295\" data-end=\"1298\" \/>\n<h2 data-start=\"1300\" data-end=\"1322\">Tekniset tiedot<\/h2>\n<ul data-start=\"1324\" data-end=\"1912\">\n<li data-start=\"1324\" data-end=\"1433\"><strong data-start=\"1326\" data-end=\"1344\">Yhteensopivuus<\/strong>: Toimii liiketunnistimella ja v\u00e4ril\u00e4mp\u00f6tilan muutoksella varustettujen LED-valonauhoidemme kanssa. N\u00e4ihin on linkki t\u00e4ll\u00e4 tuotesivulla.<\/li>\n<li data-start=\"1434\" data-end=\"1518\"><strong data-start=\"1436\" data-end=\"1448\">Laajuus<\/strong>: Useita metrej\u00e4 riippuen ymp\u00e4rist\u00f6st\u00e4 ja mahdollisista esteist\u00e4.<\/li>\n<li data-start=\"1519\" data-end=\"1623\"><strong data-start=\"1521\" data-end=\"1538\">Akkuk\u00e4ytt\u00f6inen<\/strong>: Virtal\u00e4hteen\u00e4 nappiparisto (CR2025) (mukana) pitk\u00e4n k\u00e4ytt\u00f6ajan.<\/li>\n<li data-start=\"1624\" data-end=\"1912\"><strong data-start=\"1626\" data-end=\"1637\">Painikkeet<\/strong>:\n<ul data-start=\"1643\" data-end=\"1912\">\n<li data-start=\"1643\" data-end=\"1672\"><strong data-start=\"1645\" data-end=\"1655\">ON\/OFF<\/strong> \u2013 Virtakytkin<\/li>\n<li data-start=\"1675\" data-end=\"1718\"><strong data-start=\"1677\" data-end=\"1696\">15\/30\/45\/60 minuuttia<\/strong> \u2013 Aika-asetukset<\/li>\n<li data-start=\"1721\" data-end=\"1766\"><strong data-start=\"1723\" data-end=\"1734\">LUX +\/-<\/strong> \u2013 Portaaton kirkkauden s\u00e4\u00e4t\u00f6<\/li>\n<li data-start=\"1769\" data-end=\"1845\"><strong data-start=\"1771\" data-end=\"1779\">MUOTI<\/strong> \u2013 Aktivoi eri anturitilat tai v\u00e4ril\u00e4mp\u00f6tila-asetukset<\/li>\n<li data-start=\"1848\" data-end=\"1912\"><strong data-start=\"1850\" data-end=\"1875\">V\u00e4ril\u00e4mp\u00f6tilan vaihto<\/strong> \u2013 L\u00e4mmin, viile\u00e4 tai neutraali valo<\/li>\n<\/ul>\n<\/li>\n<\/ul>\n<blockquote data-start=\"1914\" data-end=\"2021\">\n<p data-start=\"1916\" data-end=\"2021\"><strong data-start=\"1916\" data-end=\"1929\">Huom<\/strong>: Tarkat ominaisuudet voivat vaihdella LED-valon mallin mukaan, johon k\u00e4yt\u00e4t sit\u00e4. Emme voi vastata, toimiiko se muiden kuin meid\u00e4n valonauhojen kanssa.<\/p>\n<\/blockquote>\n<h2 data-start=\"2028\" data-end=\"2065\">Miksi tarvitset kaukos\u00e4\u00e4timen<\/h2>\n<ul data-start=\"2067\" data-end=\"2486\">\n<li data-start=\"2067\" data-end=\"2156\"><strong data-start=\"2069\" data-end=\"2093\">Maksimaalinen mukavuus<\/strong>: Sinun ei tarvitse menn\u00e4 lampun luo muuttaaksesi asetuksia tai kytke\u00e4ksesi sen p\u00e4\u00e4lle.<\/li>\n<li data-start=\"2157\" data-end=\"2244\"><strong data-start=\"2159\" data-end=\"2175\">S\u00e4\u00e4st\u00e4 Energiaa<\/strong>: Ajastintoiminnot varmistavat, ett\u00e4 et koskaan unohda sammuttaa lamppua.<\/li>\n<li data-start=\"2245\" data-end=\"2378\"><strong data-start=\"2247\" data-end=\"2270\">Joustava k\u00e4ytt\u00f6<\/strong>: T\u00e4ydellinen, jos sinulla on useita lamppuja eri paikoissa tai jos lamppu on sijoitettu korkealle tai vaikeasti tavoitettavissa.<\/li>\n<li data-start=\"2379\" data-end=\"2486\"><strong data-start=\"2381\" data-end=\"2403\">Nopea asennus<\/strong>: Yhdist\u00e4 kaukos\u00e4\u00e4din lamppuun noudattamalla k\u00e4ytt\u00f6ohjeen ohjeita.<\/li>\n<\/ul>\n<hr data-start=\"2488\" data-end=\"2491\" \/>\n<h2 data-start=\"2493\" data-end=\"2513\">Pakkauksen sis\u00e4lt\u00f6<\/h2>\n<ul data-start=\"2515\" data-end=\"2625\">\n<li data-start=\"2515\" data-end=\"2539\"><strong data-start=\"2517\" data-end=\"2537\">1\u00d7 Kaukos\u00e4\u00e4din<\/strong><\/li>\n<li data-start=\"2540\" data-end=\"2599\"><strong data-start=\"2542\" data-end=\"2569\">1 \u00d7 CR-nappiparisto<\/strong> (esiasennettu)<\/li>\n<li data-start=\"2600\" data-end=\"2625\"><strong data-start=\"2602\" data-end=\"2623\">1\u00d7 K\u00e4ytt\u00f6opas<\/strong><\/li>\n<\/ul>","protected":false},"excerpt":{"rendered":"<p><strong data-start=\"2826\" data-end=\"2878\">HUOM: Toimii vain hopeisten kohdevalonauhojen kanssa!<\/strong><\/p>\n<p>Kaukos\u00e4\u00e4din LED-valonauhalle liiketunnistimella \u2013 ohjaa valaistusta kaukaa! S\u00e4\u00e4d\u00e4 kirkkautta, vaihda l\u00e4mpim\u00e4n, neutraalin tai kylm\u00e4n v\u00e4ril\u00e4mp\u00f6tilan v\u00e4lill\u00e4 ja aseta ajastin automaattiselle sammutukselle. Helppok\u00e4ytt\u00f6isten painikkeiden avulla voit hallita valaisimen toimintoja t\u00e4ysin riippumatta siit\u00e4, onko se korkealla vai vaikeasti tavoitettavissa. P\u00e4ivit\u00e4 valaistuskokemustasi ja s\u00e4\u00e4st\u00e4 energiaa t\u00e4ll\u00e4 k\u00e4tev\u00e4ll\u00e4 kaukos\u00e4\u00e4timell\u00e4, joka voidaan liitt\u00e4\u00e4 useaan valonauhaan (jopa 20) samanaikaisesti!<\/p>","protected":false},"featured_media":148863,"template":"","meta":{"_acf_changed":false},"product_brand":[],"product_cat":[4181],"product_tag":[],"class_list":{"0":"post-148866","1":"product","2":"type-product","3":"status-publish","4":"has-post-thumbnail","6":"product_cat-belysning","7":"product_shipping_class-postnord-varubrev","8":"pa_brands-secureus","9":"tm-no-options","11":"first","12":"instock","13":"sale","14":"taxable","15":"shipping-taxable","16":"purchasable","17":"product-type-simple"},"acf":[],"_links":{"self":[{"href":"https:\/\/secureus.se\/fi\/wp-json\/wp\/v2\/product\/148866","targetHints":{"allow":["GET"]}}],"collection":[{"href":"https:\/\/secureus.se\/fi\/wp-json\/wp\/v2\/product"}],"about":[{"href":"https:\/\/secureus.se\/fi\/wp-json\/wp\/v2\/types\/product"}],"wp:featuredmedia":[{"embeddable":true,"href":"https:\/\/secureus.se\/fi\/wp-json\/wp\/v2\/media\/148863"}],"wp:attachment":[{"href":"https:\/\/secureus.se\/fi\/wp-json\/wp\/v2\/media?parent=148866"}],"wp:term":[{"taxonomy":"product_brand","embeddable":true,"href":"https:\/\/secureus.se\/fi\/wp-json\/wp\/v2\/product_brand?post=148866"},{"taxonomy":"product_cat","embeddable":true,"href":"https:\/\/secureus.se\/fi\/wp-json\/wp\/v2\/product_cat?post=148866"},{"taxonomy":"product_tag","embeddable":true,"href":"https:\/\/secureus.se\/fi\/wp-json\/wp\/v2\/product_tag?post=148866"}],"curies":[{"name":"wp","href":"https:\/\/api.w.org\/{rel}","templated":true}]}}