{"id":148877,"date":"2026-01-07T15:13:22","date_gmt":"2026-01-07T14:13:22","guid":{"rendered":"https:\/\/secureus.se\/?post_type=product&#038;p=148877"},"modified":"2026-03-13T11:14:10","modified_gmt":"2026-03-13T10:14:10","slug":"ljuslist-40cm-led-lampa-med-rorelsesensor-perfekt-garderobsbelysning-och-skapbelysning-silver","status":"publish","type":"product","link":"https:\/\/secureus.se\/fi\/ljuslist-40cm-led-lampa-med-rorelsesensor-perfekt-garderobsbelysning-och-skapbelysning-silver\/","title":{"rendered":"Spotlight-valonauha 40 cm:n LED-lamppu liiketunnistimella (hopea)"},"content":{"rendered":"<p data-start=\"0\" data-end=\"486\"><strong data-start=\"0\" data-end=\"92\">Valonauha 40 cm LED-lamppu liiketunnistimella - t\u00e4ydellinen vaatekaapin valaistus ja kaapin valaistus<\/strong><br data-start=\"92\" data-end=\"95\" \/>Tarvitsetko tehokkaan ja yksinkertaisen valaistusratkaisun vaatekaappiisi, keitti\u00f6\u00f6si tai kaappien alle? T\u00e4m\u00e4 40 cm:n eritt\u00e4in ohut LED-valo liiketunnistimella antaa kirkkaan ja tasaisen valon siell\u00e4, miss\u00e4 sit\u00e4 todella tarvitset. Sis\u00e4\u00e4nrakennetun, USB-ladattavan akkuratkaisun avulla v\u00e4lt\u00e4t kaapeleita ja monimutkaisia asennuksia, ja magneettikiinnitteen ansiosta voit asentaa valonauhan helposti muutamassa sekunnissa.<\/p>\n<h3 data-start=\"488\" data-end=\"508\">T\u00e4rkeimm\u00e4t ominaisuudet<\/h3>\n<ul data-start=\"509\" data-end=\"1315\">\n<li data-start=\"509\" data-end=\"647\"><strong data-start=\"511\" data-end=\"544\">Monimuotoinen liiketunnistin<\/strong>: Valitse Aina p\u00e4\u00e4ll\u00e4, Night Sensor ja All Day Sensor optimaalista valaistusta varten kellonajasta riippumatta.<\/li>\n<li data-start=\"648\" data-end=\"775\"><strong data-start=\"650\" data-end=\"680\">Eritt\u00e4in ohut ja huomaamaton muotoilu<\/strong>: Ohut profiili tekee siit\u00e4 t\u00e4ydellisen istuvuuden kaappeihin, kaappeihin ja muihin ahtaisiin tiloihin.<\/li>\n<li data-start=\"776\" data-end=\"911\"><strong data-start=\"778\" data-end=\"802\">S\u00e4\u00e4dett\u00e4v\u00e4 kirkkaus<\/strong>: Pid\u00e4 painiketta painettuna s\u00e4\u00e4t\u00e4\u00e4ksesi kirkkautta jatkuvasti ja vapauta se lukitaksesi sinulle parhaiten sopivan tilan.<\/li>\n<li data-start=\"912\" data-end=\"1084\"><strong data-start=\"914\" data-end=\"944\">Nopea ja helppo asennus<\/strong>: Integroidun magneettisen takaosan tai mukana toimitettujen 3M-liimaliuskojen ansiosta voit kiinnitt\u00e4\u00e4 valonauhan helposti minne haluat.<\/li>\n<li data-start=\"1085\" data-end=\"1194\"><strong data-start=\"1087\" data-end=\"1119\">USB-ladattava akku<\/strong>: Lataa nopeasti ja turvallisesti USB:n (5 V) kautta \u2013 ei kalliimpia kertak\u00e4ytt\u00f6isi\u00e4 akkuja.<\/li>\n<li data-start=\"1195\" data-end=\"1315\"><strong data-start=\"1197\" data-end=\"1217\">Kest\u00e4v\u00e4 laatu<\/strong>: Varustettu energiatehokkailla LED-valoilla ja kest\u00e4v\u00e4ll\u00e4 materiaalilla, joka kest\u00e4\u00e4 kovaa p\u00e4ivitt\u00e4ist\u00e4 k\u00e4ytt\u00f6\u00e4.<\/li>\n<\/ul>\n<h3 data-start=\"1317\" data-end=\"1345\">Tekniset tiedot<\/h3>\n<ul data-start=\"1346\" data-end=\"1844\">\n<li data-start=\"1346\" data-end=\"1396\"><strong data-start=\"1348\" data-end=\"1357\">Pituus<\/strong>: 40cm (saatavana my\u00f6s 20, 30 ja 60cm)<\/li>\n<li data-start=\"1397\" data-end=\"1419\"><strong data-start=\"1399\" data-end=\"1411\">J\u00e4nnite<\/strong>: \u226436V<\/li>\n<li data-start=\"1420\" data-end=\"1480\"><strong data-start=\"1422\" data-end=\"1436\">Virtal\u00e4hde<\/strong>: Ladattava litiumakku (polymeeri)<\/li>\n<li data-start=\"1481\" data-end=\"1514\"><strong data-start=\"1483\" data-end=\"1500\">Latausportti<\/strong>: USB Type-C<\/li>\n<li data-start=\"1515\" data-end=\"1571\"><strong data-start=\"1517\" data-end=\"1535\">Asennusmenetelm\u00e4<\/strong>: Magneettinen takaosa tai 3M-nauha<\/li>\n<li data-start=\"1572\" data-end=\"1630\"><strong data-start=\"1574\" data-end=\"1601\">Anturin kulma ja kantama<\/strong>: 120\u00b0 ja jopa 3 metri\u00e4<\/li>\n<li data-start=\"1631\" data-end=\"1720\"><strong data-start=\"1633\" data-end=\"1651\">V\u00e4ril\u00e4mp\u00f6tila<\/strong>: Voi vaihdella l\u00e4mpim\u00e4st\u00e4 neutraaliin tai viile\u00e4\u00e4n mallista riippuen<\/li>\n<li data-start=\"1721\" data-end=\"1844\"><strong data-start=\"1723\" data-end=\"1751\">Pakkauksen sis\u00e4lt\u00f6<\/strong>:\n<ul data-start=\"1757\" data-end=\"1844\">\n<li data-start=\"1757\" data-end=\"1779\">1\u00d7 valonauha (40cm)<\/li>\n<li data-start=\"1782\" data-end=\"1798\">1\u00d7 USB-kaapeli<\/li>\n<li data-start=\"1801\" data-end=\"1828\">2 \u00d7 3M magneettinauhaa<\/li>\n<li data-start=\"1831\" data-end=\"1844\">1\u00d7 Manuaalinen<\/li>\n<\/ul>\n<\/li>\n<\/ul>\n<h3 data-start=\"1846\" data-end=\"1878\">Miksi valita t\u00e4m\u00e4 valonauha?<\/h3>\n<ul data-start=\"1879\" data-end=\"2336\">\n<li data-start=\"1879\" data-end=\"1990\"><strong data-start=\"1881\" data-end=\"1905\">Maksimaalinen joustavuus<\/strong>: 40 cm:n lis\u00e4pituus tarjoaa entist\u00e4 laajemman peiton kaappeihin, kaappeihin tai keitti\u00f6ihin.<\/li>\n<li data-start=\"1991\" data-end=\"2121\"><strong data-start=\"1993\" data-end=\"2020\">Tasainen ja aikaa s\u00e4\u00e4st\u00e4v\u00e4<\/strong>: Liiketunnistin varmistaa, ett\u00e4 valo syttyy vain tarvittaessa, mik\u00e4 s\u00e4\u00e4st\u00e4\u00e4 sek\u00e4 energiaa ett\u00e4 aikaa.<\/li>\n<li data-start=\"2122\" data-end=\"2216\"><strong data-start=\"2124\" data-end=\"2142\">Energiatehokas<\/strong>: LED-tekniikka pit\u00e4\u00e4 virrankulutuksen alhaisena ja pident\u00e4\u00e4 akun k\u00e4ytt\u00f6ik\u00e4\u00e4.<\/li>\n<li data-start=\"2217\" data-end=\"2336\"><strong data-start=\"2219\" data-end=\"2239\">Helppo siirt\u00e4\u00e4<\/strong>: Magneettisen takaosan avulla voit helposti siirt\u00e4\u00e4 valonauhaa eri tilojen v\u00e4lill\u00e4 vaivattomasti.<\/li>\n<\/ul>\n<h3 data-start=\"2338\" data-end=\"2369\">Lis\u00e4hankinta \u2013 Kaukos\u00e4\u00e4din<\/h3>\n<p data-start=\"2370\" data-end=\"2564\">Haluatko s\u00e4\u00e4t\u00e4\u00e4 kirkkautta tai muuttaa anturin tilaa et\u00e4n\u00e4? Osta kaukos\u00e4\u00e4timemme, jotta voit hallita valonauhaa t\u00e4ydellisesti, jos sinulla on useita valoja tai vaikeap\u00e4\u00e4syinen paikka.<\/p>\n<p data-start=\"2566\" data-end=\"2740\">Pirist\u00e4 pime\u00e4\u00e4 tilaa t\u00e4ll\u00e4 \u00e4lykk\u00e4\u00e4ll\u00e4 ja tyylikk\u00e4\u00e4ll\u00e4 tavalla <strong data-start=\"2628\" data-end=\"2673\">Light Strip 40cm LED-lamppu liiketunnistimella<\/strong>. Ota yhteytt\u00e4, jos sinulla on kysytt\u00e4v\u00e4\u00e4 tai haluat lis\u00e4tietoja!<\/p>","protected":false},"excerpt":{"rendered":"<p>L\u00f6yd\u00e4 yksi <strong data-start=\"2801\" data-end=\"2837\">40cm LED-lamppu liiketunnistimella<\/strong> joka tarjoaa tehokkaan ja tasaisen valaistuksen vaatekaappiin, kaappeihin tai keitti\u00f6ihin. Eritt\u00e4in ohut muotoilu tekee siit\u00e4 t\u00e4ydellisen ahtaisiin tiloihin, ja asennus on helppoa magneettikiinnitteen ja USB-ladattavan akun ansiosta. S\u00e4\u00e4d\u00e4 kirkkautta tarpeen mukaan ja valitse useista anturitiloista parhaan energians\u00e4\u00e4st\u00f6n saavuttamiseksi. Kaukos\u00e4\u00e4din on saatavana lis\u00e4varusteena, mik\u00e4 lis\u00e4\u00e4 k\u00e4ytt\u00f6mukavuutta. P\u00e4ivit\u00e4 pime\u00e4t tilat jo t\u00e4n\u00e4\u00e4n!<\/p>","protected":false},"featured_media":148867,"template":"","meta":{"_acf_changed":false},"product_brand":[],"product_cat":[4181],"product_tag":[],"class_list":{"0":"post-148877","1":"product","2":"type-product","3":"status-publish","4":"has-post-thumbnail","6":"product_cat-belysning","7":"product_shipping_class-tunga-paket","8":"pa_brands-secureus","9":"tm-no-options","11":"first","12":"instock","13":"sale","14":"featured","15":"taxable","16":"shipping-taxable","17":"purchasable","18":"product-type-simple"},"acf":[],"_links":{"self":[{"href":"https:\/\/secureus.se\/fi\/wp-json\/wp\/v2\/product\/148877","targetHints":{"allow":["GET"]}}],"collection":[{"href":"https:\/\/secureus.se\/fi\/wp-json\/wp\/v2\/product"}],"about":[{"href":"https:\/\/secureus.se\/fi\/wp-json\/wp\/v2\/types\/product"}],"wp:featuredmedia":[{"embeddable":true,"href":"https:\/\/secureus.se\/fi\/wp-json\/wp\/v2\/media\/148867"}],"wp:attachment":[{"href":"https:\/\/secureus.se\/fi\/wp-json\/wp\/v2\/media?parent=148877"}],"wp:term":[{"taxonomy":"product_brand","embeddable":true,"href":"https:\/\/secureus.se\/fi\/wp-json\/wp\/v2\/product_brand?post=148877"},{"taxonomy":"product_cat","embeddable":true,"href":"https:\/\/secureus.se\/fi\/wp-json\/wp\/v2\/product_cat?post=148877"},{"taxonomy":"product_tag","embeddable":true,"href":"https:\/\/secureus.se\/fi\/wp-json\/wp\/v2\/product_tag?post=148877"}],"curies":[{"name":"wp","href":"https:\/\/api.w.org\/{rel}","templated":true}]}}