{"id":148881,"date":"2026-01-07T15:13:24","date_gmt":"2026-01-07T14:13:24","guid":{"rendered":"https:\/\/secureus.se\/?post_type=product&#038;p=148881"},"modified":"2026-03-08T06:45:43","modified_gmt":"2026-03-08T05:45:43","slug":"ljuslist-20cm-led-lampa-med-rorelsesensor-perfekt-garderobsbelysning-och-skapbelysning-silver","status":"publish","type":"product","link":"https:\/\/secureus.se\/fi\/ljuslist-20cm-led-lampa-med-rorelsesensor-perfekt-garderobsbelysning-och-skapbelysning-silver\/","title":{"rendered":"Spotlight-valonauha 20 cm:n LED-lamppu liiketunnistimella (hopea)"},"content":{"rendered":"<p data-start=\"0\" data-end=\"488\"><strong data-start=\"0\" data-end=\"92\">Valonauha 20 cm LED-lamppu liiketunnistimella - t\u00e4ydellinen vaatekaapin valaistus ja kaapin valaistus<\/strong><br data-start=\"92\" data-end=\"95\" \/>Etsitk\u00f6 joustavaa ja energiatehokasta valaistusratkaisua vaatekaappiisi, keitti\u00f6\u00f6si tai kaappien alle? T\u00e4m\u00e4 20 cm:n eritt\u00e4in ohut LED-valo liiketunnistimella on suunniteltu tarjoamaan kirkasta, tasaista valoa juuri siell\u00e4, miss\u00e4 sit\u00e4 tarvitset. Sis\u00e4\u00e4nrakennetun ladattavan akkuratkaisun (USB-lataus) ansiosta sinun ei tarvitse huolehtia kaapeleista, ja magneettikiinnitteen ansiosta asennus on sek\u00e4 nopeaa ett\u00e4 helppoa.<\/p>\n<h3 data-start=\"490\" data-end=\"510\">T\u00e4rkeimm\u00e4t ominaisuudet<\/h3>\n<ul data-start=\"511\" data-end=\"1297\">\n<li data-start=\"511\" data-end=\"649\"><strong data-start=\"513\" data-end=\"546\">Monimuotoinen liiketunnistin<\/strong>: Valitse Aina p\u00e4\u00e4ll\u00e4, Night Sensor ja All Day Sensor optimaalista valaistusta varten kellonajasta riippumatta.<\/li>\n<li data-start=\"650\" data-end=\"766\"><strong data-start=\"652\" data-end=\"682\">Eritt\u00e4in ohut ja huomaamaton muotoilu<\/strong>: Ohut profiili sulautuu helposti kaappeihin, kaappeihin ja muihin ahtaisiin tiloihin.<\/li>\n<li data-start=\"767\" data-end=\"891\"><strong data-start=\"769\" data-end=\"793\">S\u00e4\u00e4dett\u00e4v\u00e4 kirkkaus<\/strong>: Pid\u00e4 painiketta painettuna s\u00e4\u00e4t\u00e4\u00e4ksesi kirkkautta jatkuvasti; vapauta lukitaksesi suosikkitasosi.<\/li>\n<li data-start=\"892\" data-end=\"1062\"><strong data-start=\"894\" data-end=\"924\">Nopea ja helppo asennus<\/strong>: Kiinnit\u00e4 integroidulla magneettikiinnikkeell\u00e4 tai k\u00e4yt\u00e4 mukana toimitettuja 3M-liimaliuskoja asettaaksesi valonauhan minne haluat.<\/li>\n<li data-start=\"1063\" data-end=\"1183\"><strong data-start=\"1065\" data-end=\"1097\">USB-ladattava akku<\/strong>: Tehokas ja turvallinen lataus (5 V) USB:n kautta tarkoittaa, ett\u00e4 sinun ei tarvitse ostaa kertak\u00e4ytt\u00f6isi\u00e4 paristoja.<\/li>\n<li data-start=\"1184\" data-end=\"1297\"><strong data-start=\"1186\" data-end=\"1206\">Kest\u00e4v\u00e4 laatu<\/strong>: Rakennettu energiatehokkailla LED-valoilla ja kest\u00e4vill\u00e4 materiaaleilla, jotka kest\u00e4v\u00e4t jokap\u00e4iv\u00e4ist\u00e4 k\u00e4ytt\u00f6\u00e4.<\/li>\n<\/ul>\n<h3 data-start=\"1299\" data-end=\"1327\">Tekniset tiedot<\/h3>\n<ul data-start=\"1328\" data-end=\"1822\">\n<li data-start=\"1328\" data-end=\"1374\"><strong data-start=\"1330\" data-end=\"1339\">Pituus<\/strong>: 20cm (saatavana my\u00f6s 30 ja 40cm)<\/li>\n<li data-start=\"1375\" data-end=\"1397\"><strong data-start=\"1377\" data-end=\"1389\">J\u00e4nnite<\/strong>: \u226436V<\/li>\n<li data-start=\"1398\" data-end=\"1458\"><strong data-start=\"1400\" data-end=\"1414\">Virtal\u00e4hde<\/strong>: Ladattava litiumakku (polymeeri)<\/li>\n<li data-start=\"1459\" data-end=\"1492\"><strong data-start=\"1461\" data-end=\"1478\">Latausportti<\/strong>: USB Type-C<\/li>\n<li data-start=\"1493\" data-end=\"1549\"><strong data-start=\"1495\" data-end=\"1513\">Asennusmenetelm\u00e4<\/strong>: Magneettinen takaosa tai 3M-nauha<\/li>\n<li data-start=\"1550\" data-end=\"1608\"><strong data-start=\"1552\" data-end=\"1579\">Anturin kulma ja kantama<\/strong>: 120\u00b0 ja jopa 3 metri\u00e4<\/li>\n<li data-start=\"1609\" data-end=\"1698\"><strong data-start=\"1611\" data-end=\"1629\">V\u00e4ril\u00e4mp\u00f6tila<\/strong>: Voi vaihdella l\u00e4mpim\u00e4st\u00e4 neutraaliin tai viile\u00e4\u00e4n mallista riippuen<\/li>\n<li data-start=\"1699\" data-end=\"1822\"><strong data-start=\"1701\" data-end=\"1729\">Pakkauksen sis\u00e4lt\u00f6<\/strong>:\n<ul data-start=\"1735\" data-end=\"1822\">\n<li data-start=\"1735\" data-end=\"1757\">1\u00d7 valonauha (20cm)<\/li>\n<li data-start=\"1760\" data-end=\"1776\">1\u00d7 USB-kaapeli<\/li>\n<li data-start=\"1779\" data-end=\"1806\">2 \u00d7 3M magneettinauhaa<\/li>\n<li data-start=\"1809\" data-end=\"1822\">1\u00d7 Manuaalinen<\/li>\n<\/ul>\n<\/li>\n<\/ul>\n<h3 data-start=\"1824\" data-end=\"1856\">Miksi valita t\u00e4m\u00e4 valonauha?<\/h3>\n<ul data-start=\"1857\" data-end=\"2254\">\n<li data-start=\"1857\" data-end=\"1949\"><strong data-start=\"1859\" data-end=\"1883\">Maksimaalinen joustavuus<\/strong>: T\u00e4ydellinen vaatekaappivalaistukseen, keitti\u00f6n kaapin alle tai k\u00e4yt\u00e4v\u00e4\u00e4n.<\/li>\n<li data-start=\"1950\" data-end=\"2043\"><strong data-start=\"1952\" data-end=\"1979\">Tasainen ja aikaa s\u00e4\u00e4st\u00e4v\u00e4<\/strong>: Anturitekniikka aktivoituu vain, kun todella tarvitset valoa.<\/li>\n<li data-start=\"2044\" data-end=\"2145\"><strong data-start=\"2046\" data-end=\"2064\">Energiatehokas<\/strong>: LED-tekniikka kuluttaa v\u00e4h\u00e4n virtaa ja pident\u00e4\u00e4 akun k\u00e4ytt\u00f6ik\u00e4\u00e4.<\/li>\n<li data-start=\"2146\" data-end=\"2254\"><strong data-start=\"2148\" data-end=\"2168\">Helppo siirt\u00e4\u00e4<\/strong>: Magneettisen kiinnityksen ansiosta voit siirt\u00e4\u00e4 valonauhaa eri tilojen v\u00e4lill\u00e4 huoletta.<\/li>\n<\/ul>\n<h3 data-start=\"2256\" data-end=\"2287\">Lis\u00e4hankinta \u2013 Kaukos\u00e4\u00e4din<\/h3>\n<p data-start=\"2288\" data-end=\"2576\">Haluatko ohjata valonauhaa et\u00e4n\u00e4 ja s\u00e4\u00e4t\u00e4\u00e4 kirkkautta ja anturitiloja helposti? Sitten voit ostaa k\u00e4yt\u00e4nn\u00f6llisen kaukos\u00e4\u00e4timen. Se tarjoaa t\u00e4yden hallinnan lamppua tarvitsematta fyysisesti kurkottaa painiketta \u2013 t\u00e4ydellinen niille, joilla on useita lamppuja tai vaikeap\u00e4\u00e4syisi\u00e4 asennuspaikkoja.<\/p>\n<p data-start=\"2578\" data-end=\"2757\">P\u00e4ivit\u00e4 pime\u00e4si tilat t\u00e4ll\u00e4 \u00e4lykk\u00e4\u00e4ll\u00e4 ja tyylikk\u00e4\u00e4ll\u00e4 tavalla <strong data-start=\"2654\" data-end=\"2699\">Light Strip 20cm LED-lamppu liiketunnistimella<\/strong>. Ota yhteytt\u00e4, jos sinulla on kysytt\u00e4v\u00e4\u00e4 tai haluat tiet\u00e4\u00e4 lis\u00e4\u00e4.<\/p>","protected":false},"excerpt":{"rendered":"<p>L\u00f6yd\u00e4 yksi <strong data-start=\"2818\" data-end=\"2854\">20cm LED-lamppu liiketunnistimella<\/strong> joka tarjoaa tehokkaan ja tasaisen valaistuksen vaatekaappiin, kaappeihin tai keitti\u00f6ihin. Eritt\u00e4in ohut muotoilu on yhdistetty helppoon asennukseen magneettikiinnityksell\u00e4 ja ladattavalla USB-ratkaisulla. S\u00e4\u00e4d\u00e4 kirkkautta tarpeen mukaan ja valitse useista anturitiloista optimaalisen energians\u00e4\u00e4st\u00f6n saavuttamiseksi. Viel\u00e4 k\u00e4tev\u00e4mp\u00e4\u00e4 hallintaa varten voit ostaa kaukos\u00e4\u00e4timen. P\u00e4ivit\u00e4 pime\u00e4t tilat jo t\u00e4n\u00e4\u00e4n!<\/p>","protected":false},"featured_media":148880,"template":"","meta":{"_acf_changed":false},"product_brand":[],"product_cat":[4181],"product_tag":[],"class_list":{"0":"post-148881","1":"product","2":"type-product","3":"status-publish","4":"has-post-thumbnail","6":"product_cat-belysning","7":"product_shipping_class-postnord-varubrev","8":"pa_brands-secureus","9":"tm-no-options","11":"first","12":"instock","13":"sale","14":"featured","15":"taxable","16":"shipping-taxable","17":"purchasable","18":"product-type-simple"},"acf":[],"_links":{"self":[{"href":"https:\/\/secureus.se\/fi\/wp-json\/wp\/v2\/product\/148881","targetHints":{"allow":["GET"]}}],"collection":[{"href":"https:\/\/secureus.se\/fi\/wp-json\/wp\/v2\/product"}],"about":[{"href":"https:\/\/secureus.se\/fi\/wp-json\/wp\/v2\/types\/product"}],"wp:featuredmedia":[{"embeddable":true,"href":"https:\/\/secureus.se\/fi\/wp-json\/wp\/v2\/media\/148880"}],"wp:attachment":[{"href":"https:\/\/secureus.se\/fi\/wp-json\/wp\/v2\/media?parent=148881"}],"wp:term":[{"taxonomy":"product_brand","embeddable":true,"href":"https:\/\/secureus.se\/fi\/wp-json\/wp\/v2\/product_brand?post=148881"},{"taxonomy":"product_cat","embeddable":true,"href":"https:\/\/secureus.se\/fi\/wp-json\/wp\/v2\/product_cat?post=148881"},{"taxonomy":"product_tag","embeddable":true,"href":"https:\/\/secureus.se\/fi\/wp-json\/wp\/v2\/product_tag?post=148881"}],"curies":[{"name":"wp","href":"https:\/\/api.w.org\/{rel}","templated":true}]}}