{"id":148935,"date":"2025-03-17T11:52:53","date_gmt":"2025-03-17T10:52:53","guid":{"rendered":"https:\/\/secureus.se\/brandfilt-120x120-cm-vmp\/"},"modified":"2026-04-16T16:08:52","modified_gmt":"2026-04-16T14:08:52","slug":"brandfilt-120x120-cm-vmp","status":"publish","type":"product","link":"https:\/\/secureus.se\/fi\/brandfilt-120x120-cm-vmp\/","title":{"rendered":"PALKUPEITE 120X120 CM. VMP"},"content":{"rendered":"<h1>PALKUPEITE 120X120 CM. VMP<\/h1>\n<p>Nexa sammutuspeitot on valmistettu lasikuidusta silikonilla, joka kest\u00e4\u00e4 jopa 500 asteen l\u00e4mp\u00f6tiloja.<\/p>\n<p>Sammutuspeite on tiivis ja kest\u00e4\u00e4 kaasun tunkeutumisen.<\/p>\n<p>Silikonipinnoitteella uudelleensyttymisriski on minimaalinen.<\/p>\n<section id=\"produkt-egenskaper-container\" class=\"fd-sektion-ramad\">\n<div class=\"produkt-egenskaper\"><span class=\"produkt-egenskap\"><span class=\"label\">Pituus<\/span><span class=\"value\">1200mm<\/span><\/span><span class=\"produkt-egenskap\"><span class=\"label\">Leveys<\/span><span class=\"value\">1200mm<\/span><\/span><span class=\"produkt-egenskap\"><span class=\"label\">Sein\u00e4kahvalla<\/span><span class=\"value\">Ei<\/span><\/span><span class=\"produkt-egenskap\"><span class=\"label\">Hyv\u00e4ksytty standardin EN 1869 mukaan<\/span><span class=\"value\">Ei<\/span><\/span><\/div>\n<\/section>\n<div id=\"liknande-artiklar-container\">\n<p>Pituus: 1200mm<\/p>\n<p>Leveys: 1200mm<\/p>\n<p>Sein\u00e4kahvalla: Ei<\/p>\n<p>Hyv\u00e4ksytty standardin EN 1869 mukaisesti: Ei<\/p>\n<\/div>","protected":false},"excerpt":{"rendered":"<p>&nbsp;<\/p>\n<p>&nbsp;<\/p>","protected":false},"featured_media":148934,"template":"","meta":{"_acf_changed":false},"product_brand":[],"product_cat":[1533],"product_tag":[],"class_list":{"0":"post-148935","1":"product","2":"type-product","3":"status-publish","4":"has-post-thumbnail","6":"product_cat-brandslackare","7":"product_shipping_class-tunga-paket","8":"tm-no-options","10":"first","11":"instock","12":"sale","13":"taxable","14":"shipping-taxable","15":"purchasable","16":"product-type-simple"},"acf":[],"_links":{"self":[{"href":"https:\/\/secureus.se\/fi\/wp-json\/wp\/v2\/product\/148935","targetHints":{"allow":["GET"]}}],"collection":[{"href":"https:\/\/secureus.se\/fi\/wp-json\/wp\/v2\/product"}],"about":[{"href":"https:\/\/secureus.se\/fi\/wp-json\/wp\/v2\/types\/product"}],"wp:featuredmedia":[{"embeddable":true,"href":"https:\/\/secureus.se\/fi\/wp-json\/wp\/v2\/media\/148934"}],"wp:attachment":[{"href":"https:\/\/secureus.se\/fi\/wp-json\/wp\/v2\/media?parent=148935"}],"wp:term":[{"taxonomy":"product_brand","embeddable":true,"href":"https:\/\/secureus.se\/fi\/wp-json\/wp\/v2\/product_brand?post=148935"},{"taxonomy":"product_cat","embeddable":true,"href":"https:\/\/secureus.se\/fi\/wp-json\/wp\/v2\/product_cat?post=148935"},{"taxonomy":"product_tag","embeddable":true,"href":"https:\/\/secureus.se\/fi\/wp-json\/wp\/v2\/product_tag?post=148935"}],"curies":[{"name":"wp","href":"https:\/\/api.w.org\/{rel}","templated":true}]}}