{"id":148952,"date":"2024-12-03T11:31:43","date_gmt":"2024-12-03T10:31:43","guid":{"rendered":"https:\/\/secureus.se\/radionyckel-vaka\/"},"modified":"2026-04-08T16:34:23","modified_gmt":"2026-04-08T14:34:23","slug":"radionyckel-vaka","status":"publish","type":"product","link":"https:\/\/secureus.se\/fi\/radionyckel-vaka\/","title":{"rendered":"RADIOKELLO"},"content":{"rendered":"<p>Radioavain VAKA C18:lle ja lukijoille A61 ja A66. Radioavaimella on yksil\u00f6llinen identiteetti ja se on yhdistetty henkil\u00f6\u00f6n VAKA-j\u00e4rjestelm\u00e4ss\u00e4 samalla tavalla kuin tunniste tai kortti. Radioavaimet voidaan sitten helposti ajastaa, lukita ja p\u00e4\u00e4st\u00e4\u00e4 eri oviin. Radioavainten ja C18:n v\u00e4linen viestint\u00e4 on salattu ja mahdollistaa korkean suojan sieppausta vastaan. Nelj\u00e4 painiketta yksil\u00f6llisill\u00e4 ID-koodeilla voidaan ohjelmoida ohjaamaan erilaisia ovia\/releit\u00e4. Tyylik\u00e4s muotoilu, jossa liukuva kansi, joka suojaa tahattomalta napinpainallukselta. Kantama ulkoisista olosuhteista riippuen n. 5-50 m. Mukana akku 12V (tyyppi 27A).<\/p>","protected":false},"excerpt":{"rendered":"<p>Radioavain VAKA C18:lle ja lukijoille A61 ja A66. Radioavaimella on yksil\u00f6llinen identiteetti ja se on yhdistetty henkil\u00f6\u00f6n VAKA-j\u00e4rjestelm\u00e4ss\u00e4 samalla tavalla kuin kortti tai kortti.<\/p>","protected":false},"featured_media":133378,"template":"","meta":{"_acf_changed":false},"product_brand":[],"product_cat":[3842,1616],"product_tag":[],"class_list":{"0":"post-148952","1":"product","2":"type-product","3":"status-publish","4":"has-post-thumbnail","6":"product_cat-axema-vaka-taggar","7":"product_cat-radiosandare-mottagare","8":"product_shipping_class-postnord-varubrev","9":"tm-no-options","11":"first","12":"instock","13":"sale","14":"taxable","15":"shipping-taxable","16":"purchasable","17":"product-type-simple"},"acf":[],"_links":{"self":[{"href":"https:\/\/secureus.se\/fi\/wp-json\/wp\/v2\/product\/148952","targetHints":{"allow":["GET"]}}],"collection":[{"href":"https:\/\/secureus.se\/fi\/wp-json\/wp\/v2\/product"}],"about":[{"href":"https:\/\/secureus.se\/fi\/wp-json\/wp\/v2\/types\/product"}],"wp:featuredmedia":[{"embeddable":true,"href":"https:\/\/secureus.se\/fi\/wp-json\/wp\/v2\/media\/133378"}],"wp:attachment":[{"href":"https:\/\/secureus.se\/fi\/wp-json\/wp\/v2\/media?parent=148952"}],"wp:term":[{"taxonomy":"product_brand","embeddable":true,"href":"https:\/\/secureus.se\/fi\/wp-json\/wp\/v2\/product_brand?post=148952"},{"taxonomy":"product_cat","embeddable":true,"href":"https:\/\/secureus.se\/fi\/wp-json\/wp\/v2\/product_cat?post=148952"},{"taxonomy":"product_tag","embeddable":true,"href":"https:\/\/secureus.se\/fi\/wp-json\/wp\/v2\/product_tag?post=148952"}],"curies":[{"name":"wp","href":"https:\/\/api.w.org\/{rel}","templated":true}]}}