{"id":149110,"date":"2025-03-20T11:17:03","date_gmt":"2025-03-20T10:17:03","guid":{"rendered":"https:\/\/secureus.se\/?post_type=product&#038;p=149110"},"modified":"2026-03-30T16:50:44","modified_gmt":"2026-03-30T14:50:44","slug":"kameraovervakning-dekal-dubbelsidig-premium-pet-repfritt-material-a8-a6-a5-a4","status":"publish","type":"product","link":"https:\/\/secureus.se\/fi\/kameraovervakning-dekal-dubbelsidig-premium-pet-repfritt-material-a8-a6-a5-a4\/","title":{"rendered":"Kameravalvontatarra \u2013 Premium PET (kaksipuolinen)"},"content":{"rendered":"<p data-start=\"29\" data-end=\"421\">P\u00e4ivit\u00e4 tietoturvaasi meid\u00e4n avullamme <strong data-start=\"59\" data-end=\"97\">Kameravalvontatarra<\/strong>\u00a0\u2013 Tyylik\u00e4s ja vankka ratkaisu merkitsem\u00e4\u00e4n, ett\u00e4 aluetta valvotaan. Valmistettu ensiluokkaisesta naarmuuntumattomasta PET-materiaalista, t\u00e4m\u00e4 kaksipuolinen tarra tarjoaa erinomaisen laadun verrattuna tavallisiin PVC-vaihtoehtoihin. Naarmuuntumaton pinta varmistaa, ett\u00e4 tarra s\u00e4ilytt\u00e4\u00e4 raikkaan ja raikkaan ulkon\u00e4\u00f6n my\u00f6s pitk\u00e4n altistuksen j\u00e4lkeen.<\/p>\n<p data-start=\"423\" data-end=\"773\">Kanssa <strong data-start=\"427\" data-end=\"442\">3mm liima<\/strong> Se on eritt\u00e4in helppo koota, mik\u00e4 tekee asennuksesta nopeaa ja helppoa. Kaksipuolinen muotoilu varmistaa, ett\u00e4 viesti n\u00e4kyy selv\u00e4sti molemmilta puolilta \u2013 olipa se sitten sis\u00e4ll\u00e4 tai ulkona. Tarra on siksi ihanteellinen merkitsem\u00e4\u00e4n sis\u00e4\u00e4nk\u00e4ynnit, ikkunat ja muut strategiset kohdat, joissa turvallisuutta halutaan lis\u00e4t\u00e4.<\/p>\n<p data-start=\"775\" data-end=\"795\"><strong data-start=\"775\" data-end=\"795\">Tekniset tiedot:<\/strong><\/p>\n<ul data-start=\"796\" data-end=\"914\">\n<li data-start=\"796\" data-end=\"822\"><strong data-start=\"798\" data-end=\"810\">Koko:<\/strong> Useita eri kokoja, A8, A6, A5, A4.<\/li>\n<li data-start=\"823\" data-end=\"851\"><strong data-start=\"825\" data-end=\"838\">Materiaali:<\/strong> Naarmuuntumaton PET<\/li>\n<li data-start=\"852\" data-end=\"877\"><strong data-start=\"854\" data-end=\"865\">Design:<\/strong> Kaksipuolinen<\/li>\n<li data-start=\"878\" data-end=\"914\"><strong data-start=\"880\" data-end=\"892\">Liima:<\/strong> 3mm \u2013 helppo asentaa<\/li>\n<\/ul>\n<p data-start=\"916\" data-end=\"1059\">Valitse kameravalvontatarramme saadaksesi kest\u00e4v\u00e4n ja tehokkaan turvaratkaisun, joka sek\u00e4 pelottaa tunkeilijat ett\u00e4 edist\u00e4\u00e4 turvallisempaa ymp\u00e4rist\u00f6\u00e4.<\/p>","protected":false},"excerpt":{"rendered":"<p>Naarmuuntumattomasta PET-materiaalista valmistettu kaksipuolinen kameravalvontatarra 3 mm:n liimalla helppoa asennusta varten - t\u00e4ydellinen turvallisuuden lis\u00e4\u00e4miseen sek\u00e4 sis\u00e4ll\u00e4 ett\u00e4 ulkona.<\/p>","protected":false},"featured_media":158961,"template":"","meta":{"_acf_changed":false},"product_brand":[],"product_cat":[3227,1793],"product_tag":[],"class_list":{"0":"post-149110","1":"product","2":"type-product","3":"status-publish","4":"has-post-thumbnail","6":"product_cat-kameraovervakning-skylt","7":"product_cat-kameraskyltar","8":"product_shipping_class-postnord-varubrev","9":"pa_brands-secureus","10":"pa_storlek-a4-21x29-7cm","11":"pa_storlek-a5-14-8x21cm","12":"pa_storlek-a6-10-5x14-8cm","13":"pa_storlek-a8-5-2-x-7-4-cm","14":"tm-no-options","16":"first","17":"instock","18":"taxable","19":"shipping-taxable","20":"purchasable","21":"product-type-variable"},"acf":[],"_links":{"self":[{"href":"https:\/\/secureus.se\/fi\/wp-json\/wp\/v2\/product\/149110","targetHints":{"allow":["GET"]}}],"collection":[{"href":"https:\/\/secureus.se\/fi\/wp-json\/wp\/v2\/product"}],"about":[{"href":"https:\/\/secureus.se\/fi\/wp-json\/wp\/v2\/types\/product"}],"wp:featuredmedia":[{"embeddable":true,"href":"https:\/\/secureus.se\/fi\/wp-json\/wp\/v2\/media\/158961"}],"wp:attachment":[{"href":"https:\/\/secureus.se\/fi\/wp-json\/wp\/v2\/media?parent=149110"}],"wp:term":[{"taxonomy":"product_brand","embeddable":true,"href":"https:\/\/secureus.se\/fi\/wp-json\/wp\/v2\/product_brand?post=149110"},{"taxonomy":"product_cat","embeddable":true,"href":"https:\/\/secureus.se\/fi\/wp-json\/wp\/v2\/product_cat?post=149110"},{"taxonomy":"product_tag","embeddable":true,"href":"https:\/\/secureus.se\/fi\/wp-json\/wp\/v2\/product_tag?post=149110"}],"curies":[{"name":"wp","href":"https:\/\/api.w.org\/{rel}","templated":true}]}}