{"id":149156,"date":"2025-03-24T10:45:41","date_gmt":"2025-03-24T09:45:41","guid":{"rendered":"https:\/\/secureus.se\/?post_type=product&#038;p=149156"},"modified":"2026-04-07T13:23:48","modified_gmt":"2026-04-07T11:23:48","slug":"ajax-hub2-plus-12v-centralenhet-for-bat-husbil-husvagn-ip-wifi-4g-vit","status":"publish","type":"product","link":"https:\/\/secureus.se\/fi\/ajax-hub2-plus-12v-centralenhet-for-bat-husbil-husvagn-ip-wifi-4g-vit\/","title":{"rendered":"Ajax Hub2 Plus 12V \u2013 keskusyksikk\u00f6 veneille, matkailuautoille ja asuntovaunuille (IP + WiFi + 4G valkoinen)"},"content":{"rendered":"<p class=\"\" data-start=\"95\" data-end=\"484\"><strong data-start=\"95\" data-end=\"179\">Ajax Hub2 Plus 12V \u2013 keskusyksikk\u00f6 veneille, matkailuautoille ja asuntovaunuille (IP + WiFi + 4G valkoinen)<\/strong><br data-start=\"179\" data-end=\"182\" \/>T\u00e4m\u00e4 erityisesti sovitettu keskusyksikk\u00f6 on suunniteltu liikkuviin asennuksiin, joissa 12 V:n teho on ratkaisevan t\u00e4rke\u00e4\u00e4. Tyylikk\u00e4\u00e4n valkoisen muotoilun Ajax Hub2 Plus WiFi + 4G:n ja yhteensopivan 12 V PSU-virtal\u00e4hdekortin yhdistelm\u00e4ll\u00e4 saat t\u00e4ydellisen ja luotettavan turvaj\u00e4rjestelm\u00e4n veneisiin, matkailuautoihin ja matkailuvaunuihin.<\/p>\n<p class=\"\" data-start=\"486\" data-end=\"507\"><strong data-start=\"486\" data-end=\"507\">T\u00e4rkeimm\u00e4t ominaisuudet:<\/strong><\/p>\n<ul data-start=\"508\" data-end=\"1160\">\n<li class=\"\" data-start=\"508\" data-end=\"634\">\n<p class=\"\" data-start=\"510\" data-end=\"634\"><strong data-start=\"510\" data-end=\"538\">Edistynyt viestint\u00e4:<\/strong> Laite tukee sek\u00e4 WiFi- ett\u00e4 4G-yhteytt\u00e4, mik\u00e4 varmistaa vakaan yhteyden haastavissakin ymp\u00e4rist\u00f6iss\u00e4.<\/p>\n<\/li>\n<li class=\"\" data-start=\"635\" data-end=\"761\">\n<p class=\"\" data-start=\"637\" data-end=\"761\"><strong data-start=\"637\" data-end=\"665\">Vankka langaton kantama:<\/strong> Jopa 2000 metri\u00e4 varmistaa, ett\u00e4 kaikki liitetyt anturit ja laitteet kommunikoivat tehokkaasti. Kaikki Ajax-laitteet toimivat normaalisti t\u00e4m\u00e4n keskittimen kanssa.<\/p>\n<\/li>\n<li class=\"\" data-start=\"762\" data-end=\"1014\">\n<p class=\"\" data-start=\"764\" data-end=\"1014\"><strong data-start=\"764\" data-end=\"800\">Integroitu 12V virtal\u00e4hde:<\/strong> Suoraan Hub 2:een, Hub2Plus- tai ReX 2:een asennettavalla PSU-kortilla saat joustavan ratkaisun 8\u201332 VDC:n j\u00e4nnitetulolla \u2013 t\u00e4ydellinen, jos haluat k\u00e4ytt\u00e4\u00e4 ulkoista virtal\u00e4hdett\u00e4 tai hankkia valmiiksi kootun ratkaisun.<\/p>\n<\/li>\n<li class=\"\" data-start=\"1015\" data-end=\"1160\">\n<p class=\"\" data-start=\"1017\" data-end=\"1160\"><strong data-start=\"1017\" data-end=\"1038\">Monipuolinen suojaus:<\/strong> J\u00e4rjestelm\u00e4 tarjoaa t\u00e4ydellisen suojan murtautumista, tulipaloa ja vett\u00e4 vastaan, mik\u00e4 on ratkaisevan t\u00e4rke\u00e4\u00e4 ajoneuvoissa ja liikkuvissa asennuksissa.<\/p>\n<\/li>\n<\/ul>","protected":false},"excerpt":{"rendered":"<p><strong data-start=\"1478\" data-end=\"1562\">Ajax Hub2 Plus 12V \u2013 keskusyksikk\u00f6 veneille, matkailuautoille ja asuntovaunuille (IP + WiFi + 4G valkoinen)<\/strong><br data-start=\"1562\" data-end=\"1565\" \/>Hanki t\u00e4ydellinen turvaj\u00e4rjestelm\u00e4 edistyneell\u00e4 WiFi- ja 4G-viestinn\u00e4ll\u00e4, pitk\u00e4ll\u00e4 kantamalla ja sis\u00e4\u00e4nrakennetulla 12 V:n virtal\u00e4hteell\u00e4 (8-32 VDC). T\u00e4ydellinen veneisiin, matkailuautoihin ja asuntovaunuihin \u2013 valitse, ett\u00e4 virtal\u00e4hde on esiasennettu nopeaa ja helppoa asennusta varten.<\/p>","protected":false},"featured_media":151979,"template":"","meta":{"_acf_changed":false},"product_brand":[],"product_cat":[3154],"product_tag":[],"class_list":{"0":"post-149156","1":"product","2":"type-product","3":"status-publish","4":"has-post-thumbnail","6":"product_cat-centralenheter","7":"tm-no-options","9":"first","10":"instock","11":"taxable","12":"shipping-taxable","13":"purchasable","14":"product-type-woosb"},"acf":[],"_links":{"self":[{"href":"https:\/\/secureus.se\/fi\/wp-json\/wp\/v2\/product\/149156","targetHints":{"allow":["GET"]}}],"collection":[{"href":"https:\/\/secureus.se\/fi\/wp-json\/wp\/v2\/product"}],"about":[{"href":"https:\/\/secureus.se\/fi\/wp-json\/wp\/v2\/types\/product"}],"wp:featuredmedia":[{"embeddable":true,"href":"https:\/\/secureus.se\/fi\/wp-json\/wp\/v2\/media\/151979"}],"wp:attachment":[{"href":"https:\/\/secureus.se\/fi\/wp-json\/wp\/v2\/media?parent=149156"}],"wp:term":[{"taxonomy":"product_brand","embeddable":true,"href":"https:\/\/secureus.se\/fi\/wp-json\/wp\/v2\/product_brand?post=149156"},{"taxonomy":"product_cat","embeddable":true,"href":"https:\/\/secureus.se\/fi\/wp-json\/wp\/v2\/product_cat?post=149156"},{"taxonomy":"product_tag","embeddable":true,"href":"https:\/\/secureus.se\/fi\/wp-json\/wp\/v2\/product_tag?post=149156"}],"curies":[{"name":"wp","href":"https:\/\/api.w.org\/{rel}","templated":true}]}}