{"id":149220,"date":"2025-03-24T10:45:28","date_gmt":"2025-03-24T09:45:28","guid":{"rendered":"https:\/\/secureus.se\/?post_type=product&#038;p=149220"},"modified":"2025-05-09T12:44:25","modified_gmt":"2025-05-09T10:44:25","slug":"forinstallerad-psu","status":"publish","type":"product","link":"https:\/\/secureus.se\/fi\/forinstallerad-psu\/","title":{"rendered":"Esiasennettu 12V virtal\u00e4hde"},"content":{"rendered":"<p class=\"\" data-start=\"164\" data-end=\"488\"><strong data-start=\"164\" data-end=\"241\">Valmiiksi koottu 12 V PSU \u2013 nopea tie t\u00e4ydelliseen tietoturvaratkaisuun<\/strong><br data-start=\"241\" data-end=\"244\" \/>Valmista Ajax Hub2 Plus 12V heti k\u00e4ytt\u00f6\u00f6n valmiiksi kootulla 12V PSU:llamme. T\u00e4m\u00e4 moduuli on esiasennettu keskusyksikk\u00f6\u00f6n, joten et tarvitse lis\u00e4kokoonpanoa ja saat luotettavan ratkaisun heti toimituksen j\u00e4lkeen.<\/p>\n<p class=\"\" data-start=\"490\" data-end=\"520\"><strong data-start=\"490\" data-end=\"518\">Ominaisuudet ja edut:<\/strong><\/p>\n<ul data-start=\"521\" data-end=\"1084\">\n<li class=\"\" data-start=\"521\" data-end=\"648\">\n<p class=\"\" data-start=\"523\" data-end=\"648\"><strong data-start=\"523\" data-end=\"546\">Helppo asennus:<\/strong> Tuote on jo asennettu keskusyksikk\u00f6\u00f6n, mik\u00e4 s\u00e4\u00e4st\u00e4\u00e4 aikaa ja minimoi asennusty\u00f6t.<\/p>\n<\/li>\n<li class=\"\" data-start=\"649\" data-end=\"790\">\n<p class=\"\" data-start=\"651\" data-end=\"790\"><strong data-start=\"651\" data-end=\"680\">Laaja j\u00e4nnitealue:<\/strong> Tuloj\u00e4nnitteell\u00e4 8\u201332 VDC se on ihanteellinen liikkuviin asennuksiin, kuten veneisiin, matkailuautoihin ja asuntovaunuihin.<\/p>\n<\/li>\n<li class=\"\" data-start=\"791\" data-end=\"916\">\n<p class=\"\" data-start=\"793\" data-end=\"916\"><strong data-start=\"793\" data-end=\"816\">Korkea yhteensopivuus:<\/strong> Toimii saumattomasti Hub2:n, Hub2Plusin ja ReX 2:n kanssa tarjoten joustavuutta j\u00e4rjestelm\u00e4n asetuksista riippumatta.<\/p>\n<\/li>\n<li class=\"\" data-start=\"917\" data-end=\"1084\">\n<p class=\"\" data-start=\"919\" data-end=\"1084\"><strong data-start=\"919\" data-end=\"957\">Vakaa ja turvallinen virtal\u00e4hde:<\/strong> Varustettu tukevalla DC-pistokkeella (5,5 x 2,1 mm ruuviliittimell\u00e4), joka varmistaa luotettavan liit\u00e4nn\u00e4n ja virransy\u00f6t\u00f6n.<\/p>\n<\/li>\n<\/ul>\n<p class=\"\" data-start=\"1086\" data-end=\"1341\">Valitse valmiiksi koottu 12 V PSU, jos haluat t\u00e4ydellisen, vaivattoman tietoturvaratkaisun heti laatikosta otettuna. T\u00e4m\u00e4 tuote on t\u00e4ydellinen sek\u00e4 yksityisille ett\u00e4 ammattiasentajille, jotka haluavat nopean ja helpon ratkaisun mobiilisovelluksiin.<\/p>","protected":false},"excerpt":{"rendered":"<p><strong data-start=\"1404\" data-end=\"1459\">Valmiiksi koottu 12 V PSU \u2013 Heti k\u00e4ytt\u00f6valmis<\/strong><br data-start=\"1459\" data-end=\"1462\" \/>Esiasennettu 12 V PSUmme toimitetaan valmiiksi koottuna Ajax Hub2 Plus 12 V -virtal\u00e4hteeseen, mik\u00e4 tarkoittaa, ett\u00e4 sinun ei tarvitse koota sit\u00e4 itse. Yhteensopiva Hub2:n, Hub2Plusin ja ReX 2:n kanssa ja tuloj\u00e4nnitteell\u00e4 8-32 VDC, se on t\u00e4ydellinen ratkaisu veneisiin, matkailuautoihin ja matkailuvaunuihin. Hanki luotettava ja ongelmaton asennus heti toimituksen j\u00e4lkeen!<\/p>","protected":false},"featured_media":149221,"template":"","meta":{"_acf_changed":false},"product_brand":[],"product_cat":[3171],"product_tag":[],"class_list":{"0":"post-149220","1":"product","2":"type-product","3":"status-publish","4":"has-post-thumbnail","6":"product_cat-psu-stromforsorjning","7":"tm-no-options","9":"first","10":"instock","11":"taxable","12":"shipping-taxable","13":"purchasable","14":"product-type-simple"},"acf":[],"_links":{"self":[{"href":"https:\/\/secureus.se\/fi\/wp-json\/wp\/v2\/product\/149220","targetHints":{"allow":["GET"]}}],"collection":[{"href":"https:\/\/secureus.se\/fi\/wp-json\/wp\/v2\/product"}],"about":[{"href":"https:\/\/secureus.se\/fi\/wp-json\/wp\/v2\/types\/product"}],"wp:featuredmedia":[{"embeddable":true,"href":"https:\/\/secureus.se\/fi\/wp-json\/wp\/v2\/media\/149221"}],"wp:attachment":[{"href":"https:\/\/secureus.se\/fi\/wp-json\/wp\/v2\/media?parent=149220"}],"wp:term":[{"taxonomy":"product_brand","embeddable":true,"href":"https:\/\/secureus.se\/fi\/wp-json\/wp\/v2\/product_brand?post=149220"},{"taxonomy":"product_cat","embeddable":true,"href":"https:\/\/secureus.se\/fi\/wp-json\/wp\/v2\/product_cat?post=149220"},{"taxonomy":"product_tag","embeddable":true,"href":"https:\/\/secureus.se\/fi\/wp-json\/wp\/v2\/product_tag?post=149220"}],"curies":[{"name":"wp","href":"https:\/\/api.w.org\/{rel}","templated":true}]}}