{"id":149262,"date":"2025-03-25T11:25:58","date_gmt":"2025-03-25T10:25:58","guid":{"rendered":"https:\/\/secureus.se\/varning-for-hunden-skylt-hund-aluminium-a4-210-x-297-mm\/"},"modified":"2026-03-05T08:13:34","modified_gmt":"2026-03-05T07:13:34","slug":"varning-for-hunden-skylt-hund-aluminium-a4-210-x-297-mm","status":"publish","type":"product","link":"https:\/\/secureus.se\/fi\/varning-for-hunden-skylt-hund-aluminium-a4-210-x-297-mm\/","title":{"rendered":"VAROITUS KOIRILLE \u2013 Koirakyltti \u2013 Alumiini (A4 \u2013 210 x 297 mm)"},"content":{"rendered":"<p class=\"\" data-start=\"516\" data-end=\"873\"><strong data-start=\"516\" data-end=\"577\">VAROITUS KOIRILLE \u2013 alumiinikyltti (A4, 210 \u00d7 297 mm)<\/strong><br data-start=\"577\" data-end=\"580\" \/>Anna selke\u00e4 viesti ei-toivotuille vierailijoille ja helpota koiria pelk\u00e4\u00e4vien vieraiden el\u00e4m\u00e4\u00e4 t\u00e4ll\u00e4 vahvalla ja laadukkaalla alumiinikyltill\u00e4. Suunnittelussa n\u00e4kyy koiran siluetti keltaisella taustalla sek\u00e4 musta teksti &quot;VAROITUS KOIRALLE&quot;, mik\u00e4 tekee kyltist\u00e4 sek\u00e4 katseenvangitsijaa ett\u00e4 informatiivista.<\/p>\n<h3 class=\"\" data-start=\"875\" data-end=\"918\"><strong data-start=\"879\" data-end=\"918\">Miksi Varoitus koirasta -merkki?<\/strong><\/h3>\n<ul data-start=\"919\" data-end=\"1344\">\n<li class=\"\" data-start=\"919\" data-end=\"1045\">\n<p class=\"\" data-start=\"921\" data-end=\"1045\"><strong data-start=\"921\" data-end=\"947\">Varjelee tunkeilijoita:<\/strong> Ilmoitamalla selke\u00e4sti, ett\u00e4 alueella on koira, v\u00e4henn\u00e4t ei-toivottujen vierailujen riski\u00e4.<\/p>\n<\/li>\n<li class=\"\" data-start=\"1046\" data-end=\"1195\">\n<p class=\"\" data-start=\"1048\" data-end=\"1195\"><strong data-start=\"1048\" data-end=\"1074\">Huomioitavaa koiranomistajille:<\/strong> Vierailijat saavat ajoissa ilmoituksen koiran l\u00e4sn\u00e4olosta, mik\u00e4 luo turvallisuutta ja v\u00e4hent\u00e4\u00e4 yll\u00e4tyksi\u00e4.<\/p>\n<\/li>\n<li class=\"\" data-start=\"1196\" data-end=\"1344\">\n<p class=\"\" data-start=\"1198\" data-end=\"1344\"><strong data-start=\"1198\" data-end=\"1222\">Suojaa omaisuuttasi:<\/strong> Varoituskyltti on yksinkertainen mutta tehokas turvatoimenpide, erityisesti yhdistettyn\u00e4 muihin h\u00e4lytys- ja turvaratkaisuihin.<\/p>\n<\/li>\n<\/ul>\n<h3 class=\"\" data-start=\"1346\" data-end=\"1379\"><strong data-start=\"1350\" data-end=\"1379\">Kest\u00e4v\u00e4 ja s\u00e4\u00e4nkest\u00e4v\u00e4<\/strong><\/h3>\n<ul data-start=\"1380\" data-end=\"1848\">\n<li class=\"\" data-start=\"1380\" data-end=\"1509\">\n<p class=\"\" data-start=\"1382\" data-end=\"1509\"><strong data-start=\"1382\" data-end=\"1410\">Valmistettu alumiinista:<\/strong> Kest\u00e4\u00e4 ruostetta ja korroosiota, joten se sopii ankariin skandinaavisiin ilmasto-olosuhteisiin.<\/p>\n<\/li>\n<li class=\"\" data-start=\"1510\" data-end=\"1638\">\n<p class=\"\" data-start=\"1512\" data-end=\"1638\"><strong data-start=\"1512\" data-end=\"1538\">UV- ja kosteudenkest\u00e4v\u00e4:<\/strong> V\u00e4rit eiv\u00e4t haalistu ja kyltti pysyy hyv\u00e4ss\u00e4 kunnossa my\u00f6s vaihtelevissa l\u00e4mp\u00f6tiloissa ja s\u00e4\u00e4ss\u00e4.<\/p>\n<\/li>\n<li class=\"\" data-start=\"1639\" data-end=\"1848\">\n<p class=\"\" data-start=\"1641\" data-end=\"1848\"><strong data-start=\"1641\" data-end=\"1661\">Helppo koota:<\/strong> Varustettu vahvalla tarttuvalla alustalla (3M teippi) tai valmiiksi poratuilla rei&#039;ill\u00e4 (jos haluat ruuvata), mik\u00e4 tarjoaa useita vaihtoehtoja kyltin kiinnitt\u00e4miseen portteihin, oviin, aidoihin tai muihin pintoihin.<\/p>\n<\/li>\n<\/ul>\n<h3 class=\"\" data-start=\"1850\" data-end=\"1876\"><strong data-start=\"1854\" data-end=\"1876\">K\u00e4ytt\u00f6alueet<\/strong><\/h3>\n<ul data-start=\"1877\" data-end=\"2262\">\n<li class=\"\" data-start=\"1877\" data-end=\"2019\">\n<p class=\"\" data-start=\"1879\" data-end=\"2019\"><strong data-start=\"1879\" data-end=\"1898\">Yksityisasunnot:<\/strong> Aseta kyltti etuovelle, portille tai aidalle tiedottaaksesi vieraille ja est\u00e4\u00e4ksesi mahdolliset tunkeilijat.<\/p>\n<\/li>\n<li class=\"\" data-start=\"2020\" data-end=\"2126\">\n<p class=\"\" data-start=\"2022\" data-end=\"2126\"><strong data-start=\"2022\" data-end=\"2050\">Koiralenkit ja puutarhat:<\/strong> Merkitse selv\u00e4sti, ett\u00e4 alueella on koira, jotta vierailijat ovat valmiita.<\/p>\n<\/li>\n<li class=\"\" data-start=\"2127\" data-end=\"2262\">\n<p class=\"\" data-start=\"2129\" data-end=\"2262\"><strong data-start=\"2129\" data-end=\"2154\">Yritykset ja yhdistykset:<\/strong> Hy\u00f6dyllinen my\u00f6s tiloissa tai klubeissa, joissa on koiria, jotta henkil\u00f6kunta ja j\u00e4senet pysyv\u00e4t ajan tasalla.<\/p>\n<\/li>\n<\/ul>\n<h3 class=\"\" data-start=\"2264\" data-end=\"2294\"><strong data-start=\"2268\" data-end=\"2294\">Tuotteen tekniset tiedot<\/strong><\/h3>\n<ul data-start=\"2295\" data-end=\"2544\">\n<li class=\"\" data-start=\"2295\" data-end=\"2326\">\n<p class=\"\" data-start=\"2297\" data-end=\"2326\"><strong data-start=\"2297\" data-end=\"2306\">Mitata:<\/strong> A4 (210 \u00d7 297 mm)<\/p>\n<\/li>\n<li class=\"\" data-start=\"2327\" data-end=\"2385\">\n<p class=\"\" data-start=\"2329\" data-end=\"2385\"><strong data-start=\"2329\" data-end=\"2342\">Materiaali:<\/strong> Alumiini (kest\u00e4v\u00e4 ja s\u00e4\u00e4nkest\u00e4v\u00e4)<\/p>\n<\/li>\n<li class=\"\" data-start=\"2386\" data-end=\"2479\">\n<p class=\"\" data-start=\"2388\" data-end=\"2479\"><strong data-start=\"2388\" data-end=\"2402\">Kiinnitystapa:<\/strong> Itsekiinnittyv\u00e4 takaosa (3M) tai ruuvikiinnitys (rei\u00e4t voidaan porata tarvittaessa)<\/p>\n<\/li>\n<li class=\"\" data-start=\"2480\" data-end=\"2544\">\n<p class=\"\" data-start=\"2482\" data-end=\"2544\"><strong data-start=\"2482\" data-end=\"2500\">V\u00e4ri ja muotoilu:<\/strong> Keltainen tausta, musta teksti ja koiran siluetti<\/p>\n<\/li>\n<\/ul>\n<p class=\"\" data-start=\"2546\" data-end=\"2575\"><strong data-start=\"2546\" data-end=\"2575\">Paketin sis\u00e4lt\u00f6:<\/strong><\/p>\n<ul data-start=\"2576\" data-end=\"2626\">\n<li class=\"\" data-start=\"2576\" data-end=\"2626\">\n<p class=\"\" data-start=\"2578\" data-end=\"2626\">1 kpl <em data-start=\"2583\" data-end=\"2603\">VAROITUS KOIRALLE<\/em>- alumiinikyltti (A4)<\/p>\n<\/li>\n<\/ul>\n<hr class=\"\" data-start=\"2628\" data-end=\"2631\" \/>\n<p class=\"\" data-start=\"2633\" data-end=\"2821\">T\u00e4m\u00e4n kanssa <em data-start=\"2643\" data-end=\"2663\">VAROITUS KOIRALLE<\/em>-alumiinikyltti antaa sinulle kest\u00e4v\u00e4n, selke\u00e4n ja pitk\u00e4ik\u00e4isen ratkaisun, joka auttaa pit\u00e4m\u00e4\u00e4n ei-toivotut vieraat loitolla ja ilmoittaa vierailijoille koirasi l\u00e4sn\u00e4olosta.<\/p>","protected":false},"excerpt":{"rendered":"<p><strong data-start=\"192\" data-end=\"239\">VAROITUS KOIRILLE \u2013 Alumiinikyltti (A4)<\/strong><br data-start=\"239\" data-end=\"242\" \/>Suojaa kotisi ja koiraasi selke\u00e4ll\u00e4 ja kest\u00e4v\u00e4ll\u00e4 A4-kokoisella varoituskyltill\u00e4. Valmistettu alumiinista kest\u00e4m\u00e4\u00e4n ankaria s\u00e4\u00e4olosuhteita, t\u00e4ydellinen ulkok\u00e4ytt\u00f6\u00f6n. Est\u00e4 tunkeilijat ja kerro vierailijoille, ett\u00e4 paikan p\u00e4\u00e4ll\u00e4 on koira.<\/p>","protected":false},"featured_media":156006,"template":"","meta":{"_acf_changed":false},"product_brand":[],"product_cat":[1323],"product_tag":[],"class_list":{"0":"post-149262","1":"product","2":"type-product","3":"status-publish","4":"has-post-thumbnail","6":"product_cat-larmdekaler","7":"product_shipping_class-postnord-varubrev","8":"pa_brands-secureus","9":"pa_storlek-a4-21x29-7cm","10":"tm-no-options","12":"first","13":"instock","14":"sale","15":"taxable","16":"shipping-taxable","17":"purchasable","18":"product-type-simple"},"acf":[],"_links":{"self":[{"href":"https:\/\/secureus.se\/fi\/wp-json\/wp\/v2\/product\/149262","targetHints":{"allow":["GET"]}}],"collection":[{"href":"https:\/\/secureus.se\/fi\/wp-json\/wp\/v2\/product"}],"about":[{"href":"https:\/\/secureus.se\/fi\/wp-json\/wp\/v2\/types\/product"}],"wp:featuredmedia":[{"embeddable":true,"href":"https:\/\/secureus.se\/fi\/wp-json\/wp\/v2\/media\/156006"}],"wp:attachment":[{"href":"https:\/\/secureus.se\/fi\/wp-json\/wp\/v2\/media?parent=149262"}],"wp:term":[{"taxonomy":"product_brand","embeddable":true,"href":"https:\/\/secureus.se\/fi\/wp-json\/wp\/v2\/product_brand?post=149262"},{"taxonomy":"product_cat","embeddable":true,"href":"https:\/\/secureus.se\/fi\/wp-json\/wp\/v2\/product_cat?post=149262"},{"taxonomy":"product_tag","embeddable":true,"href":"https:\/\/secureus.se\/fi\/wp-json\/wp\/v2\/product_tag?post=149262"}],"curies":[{"name":"wp","href":"https:\/\/api.w.org\/{rel}","templated":true}]}}