{"id":149264,"date":"2025-03-25T11:26:19","date_gmt":"2025-03-25T10:26:19","guid":{"rendered":"https:\/\/secureus.se\/varning-for-hunden-skylt-hund-aluminium-a5-14-8x21cm\/"},"modified":"2026-03-27T11:20:45","modified_gmt":"2026-03-27T10:20:45","slug":"varning-for-hunden-skylt-hund-aluminium-a5-14-8x21cm","status":"publish","type":"product","link":"https:\/\/secureus.se\/fi\/varning-for-hunden-skylt-hund-aluminium-a5-14-8x21cm\/","title":{"rendered":"VAROITUS KOIRILLE \u2013 Koirankyltti \u2013 Alumiini (A5 \u2013 14,8x21cm)"},"content":{"rendered":"<p class=\"\" data-start=\"556\" data-end=\"848\"><strong data-start=\"556\" data-end=\"617\">VAROITUS KOIRILLE \u2013 Alumiinikyltti (A5, 148 \u00d7 210 mm)<\/strong><br data-start=\"617\" data-end=\"620\" \/>Tee selv\u00e4ksi, ett\u00e4 alueella on koira, ja karkoita ei-toivottuja vieraita. T\u00e4m\u00e4 A5-kokoinen kyltti on valmistettu kest\u00e4v\u00e4st\u00e4 alumiinista ja sopii t\u00e4ydellisesti niille, jotka haluavat hieman pienemm\u00e4n, mutta silti n\u00e4kyv\u00e4n varoituksen.<\/p>\n<h3 class=\"\" data-start=\"850\" data-end=\"904\"><strong data-start=\"854\" data-end=\"904\">Miksi Varoituskoira -merkki?<\/strong><\/h3>\n<ul data-start=\"905\" data-end=\"1259\">\n<li class=\"\" data-start=\"905\" data-end=\"1030\">\n<p class=\"\" data-start=\"907\" data-end=\"1030\"><strong data-start=\"907\" data-end=\"931\">Pelottava vaikutus:<\/strong> Ilmoita selv\u00e4sti, ett\u00e4 koira on l\u00e4hell\u00e4 ja v\u00e4henn\u00e4 murron ja ei-toivottujen k\u00e4yntien riski\u00e4.<\/p>\n<\/li>\n<li class=\"\" data-start=\"1031\" data-end=\"1135\">\n<p class=\"\" data-start=\"1033\" data-end=\"1135\"><strong data-start=\"1033\" data-end=\"1056\">Ilmoita vierailijoille:<\/strong> Tee vieraille, jotka pelk\u00e4\u00e4v\u00e4t koiria tai eiv\u00e4t ole tottuneet niihin, tietoiseksi koiran l\u00e4sn\u00e4olosta.<\/p>\n<\/li>\n<li class=\"\" data-start=\"1136\" data-end=\"1259\">\n<p class=\"\" data-start=\"1138\" data-end=\"1259\"><strong data-start=\"1138\" data-end=\"1157\">Joustava muoto:<\/strong> A5 (148 \u00d7 210 mm) on pienempi kuin A4 ja sopii hyvin portaisiin, oviin ja aidoihin, joissa on v\u00e4h\u00e4n tilaa.<\/p>\n<\/li>\n<\/ul>\n<h3 class=\"\" data-start=\"1261\" data-end=\"1292\"><strong data-start=\"1265\" data-end=\"1292\">Laadukas alumiini<\/strong><\/h3>\n<ul data-start=\"1293\" data-end=\"1663\">\n<li class=\"\" data-start=\"1293\" data-end=\"1419\">\n<p class=\"\" data-start=\"1295\" data-end=\"1419\"><strong data-start=\"1295\" data-end=\"1329\">Ruosteen- ja korroosionkest\u00e4v\u00e4:<\/strong> Alumiinirakenne takaa pitk\u00e4n k\u00e4ytt\u00f6i\u00e4n vaikeissakin ulko-olosuhteissa.<\/p>\n<\/li>\n<li class=\"\" data-start=\"1420\" data-end=\"1535\">\n<p class=\"\" data-start=\"1422\" data-end=\"1535\"><strong data-start=\"1422\" data-end=\"1450\">S\u00e4\u00e4n ja UV:n kest\u00e4v\u00e4:<\/strong> V\u00e4ri ei haalistu auringossa ja kyltti kest\u00e4\u00e4 sadetta, kylm\u00e4\u00e4 ja l\u00e4mp\u00f6\u00e4 ilman ongelmia.<\/p>\n<\/li>\n<li class=\"\" data-start=\"1536\" data-end=\"1663\">\n<p class=\"\" data-start=\"1538\" data-end=\"1663\"><strong data-start=\"1538\" data-end=\"1558\">Helppo koota:<\/strong> Varustettu itseliimautuvalla taustalla (3M teippi) tai ruuvikiinnitysvaihtoehdolla (jos haluat porata reiki\u00e4).<\/p>\n<\/li>\n<\/ul>\n<h3 class=\"\" data-start=\"1665\" data-end=\"1691\"><strong data-start=\"1669\" data-end=\"1691\">K\u00e4ytt\u00f6alueet<\/strong><\/h3>\n<ul data-start=\"1692\" data-end=\"1974\">\n<li class=\"\" data-start=\"1692\" data-end=\"1763\">\n<p class=\"\" data-start=\"1694\" data-end=\"1763\"><strong data-start=\"1694\" data-end=\"1711\">Yksityinen asunto:<\/strong> Aseta kyltti etuoveen, porttiin tai aidan p\u00e4\u00e4lle.<\/p>\n<\/li>\n<li class=\"\" data-start=\"1764\" data-end=\"1862\">\n<p class=\"\" data-start=\"1766\" data-end=\"1862\"><strong data-start=\"1766\" data-end=\"1794\">Koiran piha tai puutarha:<\/strong> Merkitse selv\u00e4sti, miss\u00e4 koira oleskelee yll\u00e4tysten v\u00e4ltt\u00e4miseksi.<\/p>\n<\/li>\n<li class=\"\" data-start=\"1863\" data-end=\"1974\">\n<p class=\"\" data-start=\"1865\" data-end=\"1974\"><strong data-start=\"1865\" data-end=\"1890\">Yritykset ja yhdistykset:<\/strong> T\u00e4ydellinen alueille, joissa koirat ovat sallittuja, kuten klubitalot tai vahtikoiraalueet.<\/p>\n<\/li>\n<\/ul>\n<h3 class=\"\" data-start=\"1976\" data-end=\"2006\"><strong data-start=\"1980\" data-end=\"2006\">Tuotteen tekniset tiedot<\/strong><\/h3>\n<ul data-start=\"2007\" data-end=\"2222\">\n<li class=\"\" data-start=\"2007\" data-end=\"2038\">\n<p class=\"\" data-start=\"2009\" data-end=\"2038\"><strong data-start=\"2009\" data-end=\"2018\">Mitata:<\/strong> A5 (148 \u00d7 210 mm)<\/p>\n<\/li>\n<li class=\"\" data-start=\"2039\" data-end=\"2066\">\n<p class=\"\" data-start=\"2041\" data-end=\"2066\"><strong data-start=\"2041\" data-end=\"2054\">Materiaali:<\/strong> Alumiini<\/p>\n<\/li>\n<li class=\"\" data-start=\"2067\" data-end=\"2134\">\n<p class=\"\" data-start=\"2069\" data-end=\"2134\"><strong data-start=\"2069\" data-end=\"2087\">V\u00e4ri ja muotoilu:<\/strong> Keltainen tausta mustalla tekstill\u00e4 ja koiran siluetilla<\/p>\n<\/li>\n<li class=\"\" data-start=\"2135\" data-end=\"2222\">\n<p class=\"\" data-start=\"2137\" data-end=\"2222\"><strong data-start=\"2137\" data-end=\"2151\">Kiinnitystapa:<\/strong> Itsekiinnittyv\u00e4 takaosa (3M) tai ruuvikiinnitys (porataan tarvittaessa reiki\u00e4)<\/p>\n<\/li>\n<\/ul>\n<p class=\"\" data-start=\"2224\" data-end=\"2253\"><strong data-start=\"2224\" data-end=\"2253\">Paketti sis\u00e4lt\u00e4\u00e4:<\/strong><\/p>\n<ul data-start=\"2254\" data-end=\"2304\">\n<li class=\"\" data-start=\"2254\" data-end=\"2304\">\n<p class=\"\" data-start=\"2256\" data-end=\"2304\">1 kpl <em data-start=\"2261\" data-end=\"2281\">VAROITUS KOIRALLE<\/em>- alumiinikyltti (A5)<\/p>\n<\/li>\n<\/ul>\n<p class=\"\" data-start=\"2306\" data-end=\"2541\">A5-kyltill\u00e4 saat k\u00e4yt\u00e4nn\u00f6llisen koon, joka on edelleen selke\u00e4 ja tehokas tiedottamiseen ja pelotteluun. Yhdist\u00e4m\u00e4ll\u00e4 vankan rakenteen katseenvangittuun muotoiluun t\u00e4st\u00e4 tulee luotettava turvatoimenpide miss\u00e4 tahansa ymp\u00e4rist\u00f6ss\u00e4.<\/p>","protected":false},"excerpt":{"rendered":"<p><strong data-start=\"224\" data-end=\"271\">VAROITUS KOIRILLE \u2013 Alumiinikyltti (A5)<\/strong><br data-start=\"271\" data-end=\"274\" \/>Suojaa kotisi ja koiraasi selke\u00e4ll\u00e4 ja kest\u00e4v\u00e4ll\u00e4 A5-kokoisella varoituskyltill\u00e4. Valmistettu alumiinista kest\u00e4m\u00e4\u00e4n ankaria s\u00e4\u00e4olosuhteita, t\u00e4ydellinen ulkok\u00e4ytt\u00f6\u00f6n. Est\u00e4 tunkeilijat ja kerro vierailijoille, ett\u00e4 paikan p\u00e4\u00e4ll\u00e4 on koira.<\/p>","protected":false},"featured_media":156006,"template":"","meta":{"_acf_changed":false},"product_brand":[],"product_cat":[1323],"product_tag":[],"class_list":{"0":"post-149264","1":"product","2":"type-product","3":"status-publish","4":"has-post-thumbnail","6":"product_cat-larmdekaler","7":"product_shipping_class-postnord-varubrev","8":"pa_brands-secureus","9":"pa_storlek-a5-14-8x21cm","10":"tm-no-options","12":"first","13":"instock","14":"sale","15":"taxable","16":"shipping-taxable","17":"purchasable","18":"product-type-simple"},"acf":[],"_links":{"self":[{"href":"https:\/\/secureus.se\/fi\/wp-json\/wp\/v2\/product\/149264","targetHints":{"allow":["GET"]}}],"collection":[{"href":"https:\/\/secureus.se\/fi\/wp-json\/wp\/v2\/product"}],"about":[{"href":"https:\/\/secureus.se\/fi\/wp-json\/wp\/v2\/types\/product"}],"wp:featuredmedia":[{"embeddable":true,"href":"https:\/\/secureus.se\/fi\/wp-json\/wp\/v2\/media\/156006"}],"wp:attachment":[{"href":"https:\/\/secureus.se\/fi\/wp-json\/wp\/v2\/media?parent=149264"}],"wp:term":[{"taxonomy":"product_brand","embeddable":true,"href":"https:\/\/secureus.se\/fi\/wp-json\/wp\/v2\/product_brand?post=149264"},{"taxonomy":"product_cat","embeddable":true,"href":"https:\/\/secureus.se\/fi\/wp-json\/wp\/v2\/product_cat?post=149264"},{"taxonomy":"product_tag","embeddable":true,"href":"https:\/\/secureus.se\/fi\/wp-json\/wp\/v2\/product_tag?post=149264"}],"curies":[{"name":"wp","href":"https:\/\/api.w.org\/{rel}","templated":true}]}}