{"id":149267,"date":"2025-03-25T11:32:45","date_gmt":"2025-03-25T10:32:45","guid":{"rendered":"https:\/\/secureus.se\/warning-varning-hund-skylt-aluminium-a5-14-8x21cm\/"},"modified":"2026-02-06T15:04:06","modified_gmt":"2026-02-06T14:04:06","slug":"warning-varning-hund-skylt-aluminium-a5-14-8x21cm","status":"publish","type":"product","link":"https:\/\/secureus.se\/fi\/warning-varning-hund-skylt-aluminium-a5-14-8x21cm\/","title":{"rendered":"VAROITUS \u2013 Koiran varoituskyltti \u2013 Alumiini (A5 \u2013 14,8x21cm)"},"content":{"rendered":"<p class=\"\" data-start=\"128\" data-end=\"431\"><strong data-start=\"128\" data-end=\"191\">VAROITUS \u2013 Alumiininen koiran varoituskyltti (A5, 14,8 \u00d7 21 cm)<\/strong><br data-start=\"191\" data-end=\"194\" \/>Pid\u00e4 ei-toivotut vieraat loitolla ja ilmoita vierailijoille, ett\u00e4 paikan p\u00e4\u00e4ll\u00e4 on koira. T\u00e4m\u00e4 A5-alumiininen kyltti yhdist\u00e4\u00e4 voimakkaan visuaalisen viestin korkeaan kest\u00e4vyyteen, mik\u00e4 tekee siit\u00e4 ihanteellisen sek\u00e4 yksityiskoteihin ett\u00e4 yrityksille.<\/p>\n<h3 class=\"\" data-start=\"433\" data-end=\"471\"><strong data-start=\"437\" data-end=\"471\">Selke\u00e4 ja pelottava muotoilu<\/strong><\/h3>\n<ul data-start=\"472\" data-end=\"759\">\n<li class=\"\" data-start=\"472\" data-end=\"629\">\n<p class=\"\" data-start=\"474\" data-end=\"629\"><strong data-start=\"474\" data-end=\"508\">Koiran siluetti ja &quot;VAROITUS&quot;-teksti:<\/strong> Kirkkaan keltaisella taustalla n\u00e4kyy n\u00e4kyv\u00e4 koiran siluetti ja teksti &quot;WARNING&quot;, joka her\u00e4tt\u00e4\u00e4 heti huomion.<\/p>\n<\/li>\n<li class=\"\" data-start=\"630\" data-end=\"759\">\n<p class=\"\" data-start=\"632\" data-end=\"759\"><strong data-start=\"632\" data-end=\"652\">Varoitus koiralle:<\/strong> Kyltti osoittaa, ett\u00e4 alueella on koira, mik\u00e4 v\u00e4hent\u00e4\u00e4 murron ja ei-toivottujen vierailijoiden riski\u00e4.<\/p>\n<\/li>\n<\/ul>\n<h3 class=\"\" data-start=\"761\" data-end=\"792\"><strong data-start=\"765\" data-end=\"792\">Laadukas alumiini<\/strong><\/h3>\n<ul data-start=\"793\" data-end=\"1038\">\n<li class=\"\" data-start=\"793\" data-end=\"919\">\n<p class=\"\" data-start=\"795\" data-end=\"919\"><strong data-start=\"795\" data-end=\"829\">Ruosteen- ja korroosionkest\u00e4v\u00e4:<\/strong> T\u00e4ydellinen ulkok\u00e4ytt\u00f6\u00f6n Skandinavian ilmastossa sateesta, lumesta tai kirkkaasta auringonpaisteesta riippumatta.<\/p>\n<\/li>\n<li class=\"\" data-start=\"920\" data-end=\"1038\">\n<p class=\"\" data-start=\"922\" data-end=\"1038\"><strong data-start=\"922\" data-end=\"941\">Pitk\u00e4 k\u00e4ytt\u00f6ik\u00e4:<\/strong> Alumiini s\u00e4ilytt\u00e4\u00e4 v\u00e4rins\u00e4 ja muotonsa useita vuosia, joten se on turvallinen sijoitus.<\/p>\n<\/li>\n<\/ul>\n<h3 class=\"\" data-start=\"1040\" data-end=\"1078\"><strong data-start=\"1044\" data-end=\"1078\">Helppo asennus 3M-teipill\u00e4<\/strong><\/h3>\n<ul data-start=\"1079\" data-end=\"1296\">\n<li class=\"\" data-start=\"1079\" data-end=\"1194\">\n<p class=\"\" data-start=\"1081\" data-end=\"1194\"><strong data-start=\"1081\" data-end=\"1107\">Itsekiinnittyv\u00e4 tausta:<\/strong> Kyltin mukana tulee itseliimautuva 3M-teippi, joka tekee asennuksesta nopeaa ja helppoa.<\/p>\n<\/li>\n<li class=\"\" data-start=\"1195\" data-end=\"1296\">\n<p class=\"\" data-start=\"1197\" data-end=\"1296\"><strong data-start=\"1197\" data-end=\"1216\">Ruuvikiinnitys:<\/strong> Jos haluat lis\u00e4voimaa, voit helposti porata reiki\u00e4 ja kiinnitt\u00e4\u00e4 kyltin ruuveilla.<\/p>\n<\/li>\n<\/ul>\n<h3 class=\"\" data-start=\"1298\" data-end=\"1335\"><strong data-start=\"1302\" data-end=\"1335\">Monipuoliset sovellukset<\/strong><\/h3>\n<ul data-start=\"1336\" data-end=\"1633\">\n<li class=\"\" data-start=\"1336\" data-end=\"1429\">\n<p class=\"\" data-start=\"1338\" data-end=\"1429\"><strong data-start=\"1338\" data-end=\"1364\">Kodin sis\u00e4\u00e4nk\u00e4ynnit ja portit:<\/strong> Sijoita kyltti sis\u00e4\u00e4nk\u00e4yntiin varoittaaksesi vieraita ajoissa.<\/p>\n<\/li>\n<li class=\"\" data-start=\"1430\" data-end=\"1528\">\n<p class=\"\" data-start=\"1432\" data-end=\"1528\"><strong data-start=\"1432\" data-end=\"1460\">Puutarhat ja koiralenkit:<\/strong> Ilmoita koiran l\u00e4sn\u00e4olosta selke\u00e4sti sek\u00e4 naapureille ett\u00e4 vieraille.<\/p>\n<\/li>\n<li class=\"\" data-start=\"1529\" data-end=\"1633\">\n<p class=\"\" data-start=\"1531\" data-end=\"1633\"><strong data-start=\"1531\" data-end=\"1551\">Yritysymp\u00e4rist\u00f6t:<\/strong> T\u00e4ydellinen my\u00f6s varastoihin, autotalliin tai muihin paikkoihin, joissa voi olla vahtikoiria.<\/p>\n<\/li>\n<\/ul>\n<h4 class=\"\" data-start=\"1635\" data-end=\"1666\"><strong data-start=\"1640\" data-end=\"1666\">Tuotteen tekniset tiedot<\/strong><\/h4>\n<ul data-start=\"1667\" data-end=\"1911\">\n<li class=\"\" data-start=\"1667\" data-end=\"1698\">\n<p class=\"\" data-start=\"1669\" data-end=\"1698\"><strong data-start=\"1669\" data-end=\"1678\">Mitata:<\/strong> A5 (14,8 \u00d7 21 cm)<\/p>\n<\/li>\n<li class=\"\" data-start=\"1699\" data-end=\"1757\">\n<p class=\"\" data-start=\"1701\" data-end=\"1757\"><strong data-start=\"1701\" data-end=\"1714\">Materiaali:<\/strong> Alumiini (kest\u00e4v\u00e4 ja s\u00e4\u00e4nkest\u00e4v\u00e4)<\/p>\n<\/li>\n<li class=\"\" data-start=\"1758\" data-end=\"1828\">\n<p class=\"\" data-start=\"1760\" data-end=\"1828\"><strong data-start=\"1760\" data-end=\"1771\">Design:<\/strong> Keltainen tausta koiran siluetilla ja mustalla tekstill\u00e4 &quot;WARNING&quot;<\/p>\n<\/li>\n<li class=\"\" data-start=\"1829\" data-end=\"1911\">\n<p class=\"\" data-start=\"1831\" data-end=\"1911\"><strong data-start=\"1831\" data-end=\"1845\">Asennus:<\/strong> Itsekiinnittyv\u00e4 3M teippi- tai ruuvikiinnitys (rei\u00e4t porataan tarvittaessa)<\/p>\n<\/li>\n<\/ul>","protected":false},"excerpt":{"rendered":"<p><strong data-start=\"203\" data-end=\"251\">VAROITUS \u2013 Koiran varoituskyltti (A5, alumiini)<\/strong><br data-start=\"251\" data-end=\"254\" \/>Kirkas ja kest\u00e4v\u00e4 alumiinikyltti, joka varoittaa koirista. Silm\u00e4\u00e4npist\u00e4v\u00e4ll\u00e4 koiran siluetilla ja tekstill\u00e4 &quot;WARNING&quot; keltaisella pohjalla se karkottaa tehokkaasti ei-toivottuja vierailijoita. T\u00e4ydellinen ulkok\u00e4ytt\u00f6\u00f6n s\u00e4\u00e4nkest\u00e4v\u00e4n materiaalin ja helpon asennuksen ansiosta.<\/p>","protected":false},"featured_media":156007,"template":"","meta":{"_acf_changed":false},"product_brand":[],"product_cat":[1323],"product_tag":[],"class_list":{"0":"post-149267","1":"product","2":"type-product","3":"status-publish","4":"has-post-thumbnail","6":"product_cat-larmdekaler","7":"product_shipping_class-postnord-varubrev","8":"pa_brands-secureus","9":"pa_storlek-a5-14-8x21cm","10":"tm-no-options","12":"first","13":"instock","14":"sale","15":"taxable","16":"shipping-taxable","17":"purchasable","18":"product-type-simple"},"acf":[],"_links":{"self":[{"href":"https:\/\/secureus.se\/fi\/wp-json\/wp\/v2\/product\/149267","targetHints":{"allow":["GET"]}}],"collection":[{"href":"https:\/\/secureus.se\/fi\/wp-json\/wp\/v2\/product"}],"about":[{"href":"https:\/\/secureus.se\/fi\/wp-json\/wp\/v2\/types\/product"}],"wp:featuredmedia":[{"embeddable":true,"href":"https:\/\/secureus.se\/fi\/wp-json\/wp\/v2\/media\/156007"}],"wp:attachment":[{"href":"https:\/\/secureus.se\/fi\/wp-json\/wp\/v2\/media?parent=149267"}],"wp:term":[{"taxonomy":"product_brand","embeddable":true,"href":"https:\/\/secureus.se\/fi\/wp-json\/wp\/v2\/product_brand?post=149267"},{"taxonomy":"product_cat","embeddable":true,"href":"https:\/\/secureus.se\/fi\/wp-json\/wp\/v2\/product_cat?post=149267"},{"taxonomy":"product_tag","embeddable":true,"href":"https:\/\/secureus.se\/fi\/wp-json\/wp\/v2\/product_tag?post=149267"}],"curies":[{"name":"wp","href":"https:\/\/api.w.org\/{rel}","templated":true}]}}