{"id":149268,"date":"2025-03-25T11:43:49","date_gmt":"2025-03-25T10:43:49","guid":{"rendered":"https:\/\/secureus.se\/?post_type=product&#038;p=149268"},"modified":"2026-01-11T14:12:36","modified_gmt":"2026-01-11T13:12:36","slug":"warning-varning-hund-skylt-aluminium-a4-210-x-297-mm","status":"publish","type":"product","link":"https:\/\/secureus.se\/fi\/warning-varning-hund-skylt-aluminium-a4-210-x-297-mm\/","title":{"rendered":"VAROITUS \u2013 Koiran varoituskyltti \u2013 Alumiini (A4 \u2013 210 x 297 mm)"},"content":{"rendered":"<p class=\"\" data-start=\"560\" data-end=\"852\"><strong data-start=\"560\" data-end=\"623\">VAROITUS \u2013 Koiran varoituskyltti alumiinia (A4, 21 \u00d7 29,7 cm)<\/strong><br data-start=\"623\" data-end=\"626\" \/>Anna selke\u00e4 ja ammattimainen vaikutelma, ett\u00e4 alueella on koira. T\u00e4m\u00e4 A4-alumiinikyltti on suurempi kuin A5-versiomme ja kiinnitt\u00e4\u00e4 siksi huomion entist\u00e4 helpommin ja karkottaa tehokkaasti ei-toivotut vierailijat.<\/p>\n<h3 class=\"\" data-start=\"854\" data-end=\"892\"><strong data-start=\"858\" data-end=\"892\">Selke\u00e4 ja pelottava muotoilu<\/strong><\/h3>\n<ul data-start=\"893\" data-end=\"1118\">\n<li class=\"\" data-start=\"893\" data-end=\"1030\">\n<p class=\"\" data-start=\"895\" data-end=\"1030\"><strong data-start=\"895\" data-end=\"913\">Vahva varoitus:<\/strong> Kirkkaan keltainen tausta yhdess\u00e4 tekstin &quot;VAROITUS&quot; ja koiran siluetin kanssa luo v\u00e4litt\u00f6m\u00e4n varoitussignaalin.<\/p>\n<\/li>\n<li class=\"\" data-start=\"1031\" data-end=\"1118\">\n<p class=\"\" data-start=\"1033\" data-end=\"1118\"><strong data-start=\"1033\" data-end=\"1053\">Varoitus koiralle:<\/strong> V\u00e4hent\u00e4\u00e4 murron riski\u00e4 eik\u00e4 yll\u00e4t\u00e4 koiria pelk\u00e4\u00e4vi\u00e4 vieraita.<\/p>\n<\/li>\n<\/ul>\n<h3 class=\"\" data-start=\"1120\" data-end=\"1151\"><strong data-start=\"1124\" data-end=\"1151\">Laadukas alumiini<\/strong><\/h3>\n<ul data-start=\"1152\" data-end=\"1374\">\n<li class=\"\" data-start=\"1152\" data-end=\"1283\">\n<p class=\"\" data-start=\"1154\" data-end=\"1283\"><strong data-start=\"1154\" data-end=\"1188\">Ruosteen- ja korroosionkest\u00e4v\u00e4:<\/strong> Kest\u00e4\u00e4 skandinaavisen ilmaston sateen, lumen ja kirkkaan auringonpaisteen kanssa menett\u00e4m\u00e4tt\u00e4 v\u00e4ri\u00e4 tai muotoa.<\/p>\n<\/li>\n<li class=\"\" data-start=\"1284\" data-end=\"1374\">\n<p class=\"\" data-start=\"1286\" data-end=\"1374\"><strong data-start=\"1286\" data-end=\"1305\">Pitk\u00e4 k\u00e4ytt\u00f6ik\u00e4:<\/strong> Kest\u00e4v\u00e4 sijoitus, joka pysyy kauniina ja selke\u00e4n\u00e4 monta vuotta.<\/p>\n<\/li>\n<\/ul>\n<h3 class=\"\" data-start=\"1376\" data-end=\"1402\"><strong data-start=\"1380\" data-end=\"1402\">Helppo asennus<\/strong><\/h3>\n<ul data-start=\"1403\" data-end=\"1574\">\n<li class=\"\" data-start=\"1403\" data-end=\"1476\">\n<p class=\"\" data-start=\"1405\" data-end=\"1476\"><strong data-start=\"1405\" data-end=\"1431\">Itsekiinnittyv\u00e4 3M teippi:<\/strong> Kiinnittyy nopeasti ja helposti tasaisille pinnoille.<\/p>\n<\/li>\n<li class=\"\" data-start=\"1477\" data-end=\"1574\">\n<p class=\"\" data-start=\"1479\" data-end=\"1574\"><strong data-start=\"1479\" data-end=\"1498\">Ruuvikiinnitys:<\/strong> Jos haluat lis\u00e4vakautta, voit porata reiki\u00e4 ja kiinnitt\u00e4\u00e4 kyltin ruuveilla.<\/p>\n<\/li>\n<\/ul>\n<h3 class=\"\" data-start=\"1576\" data-end=\"1613\"><strong data-start=\"1580\" data-end=\"1613\">Monipuoliset sovellukset<\/strong><\/h3>\n<ul data-start=\"1614\" data-end=\"1879\">\n<li class=\"\" data-start=\"1614\" data-end=\"1707\">\n<p class=\"\" data-start=\"1616\" data-end=\"1707\"><strong data-start=\"1616\" data-end=\"1635\">Yksityisasunnot:<\/strong> Sijoita etuovien, porttien tai aitojen luo varoittamaan vieraita.<\/p>\n<\/li>\n<li class=\"\" data-start=\"1708\" data-end=\"1775\">\n<p class=\"\" data-start=\"1710\" data-end=\"1775\"><strong data-start=\"1710\" data-end=\"1738\">Puutarhat ja koiralenkit:<\/strong> Merkitse selv\u00e4sti, miss\u00e4 koira oleskelee.<\/p>\n<\/li>\n<li class=\"\" data-start=\"1776\" data-end=\"1879\">\n<p class=\"\" data-start=\"1778\" data-end=\"1879\"><strong data-start=\"1778\" data-end=\"1798\">Yritys ja varasto:<\/strong> Hy\u00f6dyllinen my\u00f6s ammattiymp\u00e4rist\u00f6iss\u00e4 vahtikoirien kanssa tai rajoitetuilla alueilla.<\/p>\n<\/li>\n<\/ul>\n<h4 class=\"\" data-start=\"1881\" data-end=\"1912\"><strong data-start=\"1886\" data-end=\"1912\">Tuotteen tekniset tiedot<\/strong><\/h4>\n<ul data-start=\"1913\" data-end=\"2147\">\n<li class=\"\" data-start=\"1913\" data-end=\"1944\">\n<p class=\"\" data-start=\"1915\" data-end=\"1944\"><strong data-start=\"1915\" data-end=\"1924\">Mitata:<\/strong> A4 (21 \u00d7 29,7 cm)<\/p>\n<\/li>\n<li class=\"\" data-start=\"1945\" data-end=\"2003\">\n<p class=\"\" data-start=\"1947\" data-end=\"2003\"><strong data-start=\"1947\" data-end=\"1960\">Materiaali:<\/strong> Alumiini (kest\u00e4v\u00e4 ja s\u00e4\u00e4nkest\u00e4v\u00e4)<\/p>\n<\/li>\n<li class=\"\" data-start=\"2004\" data-end=\"2071\">\n<p class=\"\" data-start=\"2006\" data-end=\"2071\"><strong data-start=\"2006\" data-end=\"2017\">Design:<\/strong> Keltainen tausta, musta teksti &quot;WARNING&quot; ja koiran siluetti<\/p>\n<\/li>\n<li class=\"\" data-start=\"2072\" data-end=\"2147\">\n<p class=\"\" data-start=\"2074\" data-end=\"2147\"><strong data-start=\"2074\" data-end=\"2088\">Asennus:<\/strong> Itsekiinnittyv\u00e4 3M teippi tai ruuvit (porataan reiki\u00e4 tarvittaessa)<\/p>\n<\/li>\n<\/ul>\n<hr class=\"\" data-start=\"2149\" data-end=\"2152\" \/>\n<p class=\"\" data-start=\"2154\" data-end=\"2324\">Suuremman koon ja vankan muotoilunsa ansiosta t\u00e4m\u00e4 A4-kyltti on tehokas ratkaisu turvallisuuden lis\u00e4\u00e4miseen ja varoittaa kaikkia vierailijoita koiran l\u00e4sn\u00e4olosta l\u00e4hell\u00e4.<\/p>","protected":false},"excerpt":{"rendered":"<p><strong data-start=\"205\" data-end=\"253\">VAROITUS \u2013 Koiran varoituskyltti (A4, alumiini)<\/strong><br data-start=\"253\" data-end=\"256\" \/>Isompi, tukeva ja s\u00e4\u00e4nkest\u00e4v\u00e4 A4-kokoinen kyltti koirista varoittamaan. Valmistettu alumiinista katseenvangitsijalla keltaisella pohjalla. Mukana itseliimautuva 3M teippi asennuksen helpottamiseksi, mutta voidaan my\u00f6s ruuvata kiinni. T\u00e4ydellinen porteille, oville ja aidoille.<\/p>","protected":false},"featured_media":156007,"template":"","meta":{"_acf_changed":false},"product_brand":[],"product_cat":[1323],"product_tag":[],"class_list":{"0":"post-149268","1":"product","2":"type-product","3":"status-publish","4":"has-post-thumbnail","6":"product_cat-larmdekaler","7":"product_shipping_class-postnord-varubrev","8":"pa_brands-secureus","9":"pa_storlek-a4-21x29-7cm","10":"tm-no-options","12":"first","13":"instock","14":"sale","15":"taxable","16":"shipping-taxable","17":"purchasable","18":"product-type-simple"},"acf":[],"_links":{"self":[{"href":"https:\/\/secureus.se\/fi\/wp-json\/wp\/v2\/product\/149268","targetHints":{"allow":["GET"]}}],"collection":[{"href":"https:\/\/secureus.se\/fi\/wp-json\/wp\/v2\/product"}],"about":[{"href":"https:\/\/secureus.se\/fi\/wp-json\/wp\/v2\/types\/product"}],"wp:featuredmedia":[{"embeddable":true,"href":"https:\/\/secureus.se\/fi\/wp-json\/wp\/v2\/media\/156007"}],"wp:attachment":[{"href":"https:\/\/secureus.se\/fi\/wp-json\/wp\/v2\/media?parent=149268"}],"wp:term":[{"taxonomy":"product_brand","embeddable":true,"href":"https:\/\/secureus.se\/fi\/wp-json\/wp\/v2\/product_brand?post=149268"},{"taxonomy":"product_cat","embeddable":true,"href":"https:\/\/secureus.se\/fi\/wp-json\/wp\/v2\/product_cat?post=149268"},{"taxonomy":"product_tag","embeddable":true,"href":"https:\/\/secureus.se\/fi\/wp-json\/wp\/v2\/product_tag?post=149268"}],"curies":[{"name":"wp","href":"https:\/\/api.w.org\/{rel}","templated":true}]}}