{"id":149378,"date":"2022-07-04T07:51:45","date_gmt":"2022-07-04T05:51:45","guid":{"rendered":"https:\/\/secureus.se\/motorlas-6500\/"},"modified":"2026-01-12T13:18:10","modified_gmt":"2026-01-12T12:18:10","slug":"motorlas-6500","status":"publish","type":"product","link":"https:\/\/secureus.se\/fi\/motorlas-6500\/","title":{"rendered":"Safetron moottorilukko 6500"},"content":{"rendered":"<p>SAFETRON 6500 on markkinoiden t\u00e4ydellisin moottorilukko modernilla m\u00e4nt\u00e4sijoittelulla - identtinen ASSA connect -sarjan lukkojen kanssa. T\u00e4m\u00e4 tarkoittaa, ett\u00e4 moottorilukko on sovitettu nykyaikaisiin ovensyvennyksiin riippumatta siit\u00e4, ovatko ne kiinteit\u00e4 vai vaihdettavia p\u00e4\u00e4tylevyj\u00e4. SAFETRON 6500 kytkeytyy pois p\u00e4\u00e4lt\u00e4 0,1 sekunnissa, joten erillist\u00e4 p\u00e4iv\u00e4lukkoa ei normaalisti tarvita korkeataajuuksisissa ovissa. SAFETRON 6500 on sovitettu k\u00e4ytett\u00e4v\u00e4ksi yhdess\u00e4 oviautomaation kanssa.<\/p>\n<p>Tyypillisi\u00e4 k\u00e4ytt\u00f6kohteita ovat p\u00e4iv\u00e4-, y\u00f6- ja turvalukitus kaupassa, toimistoissa ja teollisuudessa ja joissa turvallisuudelle asetetaan eritt\u00e4in korkeat vaatimukset. Moottorilukot on sertifioitu SSF-3522 lukkoluokan 2B, 3, 4 ja 5 sek\u00e4 standardin SS-EN 14846 Grade 7 mukaisesti.<\/p>\n<p>SAFETRON 6500:ta voidaan k\u00e4ytt\u00e4\u00e4 h\u00e4t\u00e4poistumisreiteill\u00e4 yhdess\u00e4 eurooppalaisen standardin SS-EN 179:2008 mukaisten SAFETRON h\u00e4t\u00e4poistumistarvikkeiden 795 sek\u00e4 SSF 3522 luokan 2B mukaisten varusteiden kanssa.<\/p>\n<p>SAFETRON 6000 -sarja tarjoaa integroidun ohjauksen useisiin markkinoiden t\u00e4rkeimpiin p\u00e4\u00e4syj\u00e4rjestelmien toimittajiin. T\u00e4m\u00e4 tarkoittaa, ett\u00e4 moottorilukot voidaan liitt\u00e4\u00e4 suoraan kulkuj\u00e4rjestelm\u00e4n ovikeskukseen ilman ohjausyksikk\u00f6\u00e4 ja ne voidaan sitten konfiguroida kulkuj\u00e4rjestelm\u00e4n ohjelmiston kautta, mik\u00e4 mahdollistaa yksinkertaisemman asennuksen ja kustannustehokkaamman oviymp\u00e4rist\u00f6n. Valitse puolisarja, jos aiot liitt\u00e4\u00e4 kulkuj\u00e4rjestelm\u00e4\u00e4n integroidun moottorilukon tai jos kahta moottorilukkoa on tarkoitus k\u00e4ytt\u00e4\u00e4 ohjausyksik\u00f6n kanssa.<\/p>\n<p>SAFETRON 6500:ssa on vahvistettu koukkuohjausm\u00e4nt\u00e4, ja se on hyv\u00e4ksytty RC3- ja RC4-oviin suurimpien ovivalmistajien toimesta. 6000-sarjan moottorilukot k\u00e4ytt\u00e4v\u00e4t 128-bittist\u00e4 salausta maksimaalisen turvallisuuden takaamiseksi ja mahdollistavat jopa 100 metrin kaapelipituuden moottorin lukkojen ja ohjausyksik\u00f6n v\u00e4lill\u00e4. T\u00e4m\u00e4 tarkoittaa, ett\u00e4 ohjausyksikk\u00f6 voidaan asentaa suojattuihin ymp\u00e4rist\u00f6ihin, kuten voimakeskuksiin tai palvelinhuoneisiin.<\/p>\n<p>\u2022 Sertifioitu SSF-3522 lukkoluokan 2B, 3, 4 ja 5 sek\u00e4 SS-EN 14846 luokan 7 mukaisesti<br \/>\n\u2022 Karan syvyys 50 mm<br \/>\n\u2022 Vahvistettu koukun m\u00e4nt\u00e4<br \/>\n\u2022 Integroitu ohjaus kulkuj\u00e4rjestelmille<br \/>\n\u2022 M\u00e4nn\u00e4n sijoitus sama kuin ASSA-liit\u00e4nn\u00e4ss\u00e4<br \/>\n\u2022 Avausnopeus: 0,1 sekuntia<br \/>\n\u2022 Voidaan avata avaimella\/nupilla (90 asteen kierto)<br \/>\n\u2022 Mukautettu oviautomaatioon<br \/>\n\u2022 H\u00e4t\u00e4evakuointi\/uudelleenasjoittaminen yhdess\u00e4 h\u00e4t\u00e4evakuointitarvikkeiden kanssa 795<br \/>\n\u2022 Automaattinen alustus<br \/>\n\u2022 Tapahtumaloki<br \/>\n\u2022 Sarjaliit\u00e4nt\u00e4, jopa kaksi moottorilukkoa ohjausyksikk\u00f6\u00f6n<\/p>","protected":false},"excerpt":{"rendered":"<p>SAFETRON 6500 \u00e4r marknadens mest kompletta motorl\u00e5s med modern kolvplacering &#8211; identisk med med l\u00e5s i ASSA connect-serierna. Detta inneb\u00e4r att motorl\u00e5set \u00e4r anpassad f\u00f6r moderna d\u00f6rrurtag, oavsett om det<\/p>","protected":false},"featured_media":142444,"template":"","meta":{"_acf_changed":false},"product_brand":[],"product_cat":[2874],"product_tag":[4546,4500,4866,4501],"class_list":{"0":"post-149378","1":"product","2":"type-product","3":"status-publish","4":"has-post-thumbnail","6":"product_cat-motorlas","7":"product_tag-panikutrymning-ja","8":"product_tag-rel-safetron-motorlas","9":"product_tag-safetron-20","10":"product_tag-safetron-motorlas","11":"product_shipping_class-tunga-paket","12":"pa_brands-7safetron","13":"tm-no-options","15":"first","16":"instock","17":"sale","18":"featured","19":"taxable","20":"shipping-taxable","21":"purchasable","22":"product-type-simple"},"acf":[],"_links":{"self":[{"href":"https:\/\/secureus.se\/fi\/wp-json\/wp\/v2\/product\/149378","targetHints":{"allow":["GET"]}}],"collection":[{"href":"https:\/\/secureus.se\/fi\/wp-json\/wp\/v2\/product"}],"about":[{"href":"https:\/\/secureus.se\/fi\/wp-json\/wp\/v2\/types\/product"}],"wp:featuredmedia":[{"embeddable":true,"href":"https:\/\/secureus.se\/fi\/wp-json\/wp\/v2\/media\/142444"}],"wp:attachment":[{"href":"https:\/\/secureus.se\/fi\/wp-json\/wp\/v2\/media?parent=149378"}],"wp:term":[{"taxonomy":"product_brand","embeddable":true,"href":"https:\/\/secureus.se\/fi\/wp-json\/wp\/v2\/product_brand?post=149378"},{"taxonomy":"product_cat","embeddable":true,"href":"https:\/\/secureus.se\/fi\/wp-json\/wp\/v2\/product_cat?post=149378"},{"taxonomy":"product_tag","embeddable":true,"href":"https:\/\/secureus.se\/fi\/wp-json\/wp\/v2\/product_tag?post=149378"}],"curies":[{"name":"wp","href":"https:\/\/api.w.org\/{rel}","templated":true}]}}