{"id":149379,"date":"2022-07-04T07:50:38","date_gmt":"2022-07-04T05:50:38","guid":{"rendered":"https:\/\/secureus.se\/ellas-sl621-omvand-kpl\/"},"modified":"2026-01-12T15:24:29","modified_gmt":"2026-01-12T14:24:29","slug":"ellas-sl621-omvand-kpl","status":"publish","type":"product","link":"https:\/\/secureus.se\/fi\/ellas-sl621-omvand-kpl\/","title":{"rendered":"Safetron s\u00e4hk\u00f6lukko SL621 k\u00e4\u00e4nnett\u00e4v\u00e4n lukkokotelon sarja"},"content":{"rendered":"<h1>Safetron s\u00e4hk\u00f6lukko SL621 k\u00e4\u00e4nnett\u00e4v\u00e4n lukkokotelon sarja<\/h1>\n<p>SAFETRON SL621 -pakkaussarja. Pakkaus sis\u00e4lt\u00e4\u00e4:<\/p>\n<ul>\n<li>S\u00e4hk\u00f6inen ty\u00f6nt\u00f6lukko SL621<\/li>\n<li>Liit\u00e4nt\u00e4kaapeli C02 (10 m)<\/li>\n<li>Kehyksen siirto CT81<\/li>\n<\/ul>\n<p>SAFETRON SL621 on seuraavan sukupolven monitoiminen s\u00e4hk\u00f6inen painolukko, jossa on jakotoiminto ja patentoitu hybriditekniikka.<\/p>\n<p>Tyypillisi\u00e4 k\u00e4ytt\u00f6kohteita ovat korkeataajuisten ovien sis\u00e4inen lukitus liikerakennuksissa, sairaaloissa, kouluissa, teollisuuslaitoksissa ja kerrostaloissa, joissa vaaditaan korkeaa k\u00e4ytt\u00f6luotettavuutta.<\/p>\n<p>Ilmaisu annetaan lukituksesta, paineliikkeest\u00e4, oven tilasta magneettikoskettimen ja nupin n\u00e4yt\u00f6st\u00e4.<\/p>\n<p>Py\u00f6riv\u00e4 ilmaisin mahdollistaa h\u00e4lytyksen laukaisun, jos sylinteri\u00e4 ohitetaan luvattomasti. SL621:ss\u00e4 on k\u00e4\u00e4nteinen toiminto.<\/p>\n<p>SAFETRON SL621:ss\u00e4 on patentoitu hybriditekniikka, joka mahdollistaa m\u00e4nn\u00e4n sijoittelun muuttamisen.<\/p>\n<p>T\u00e4m\u00e4 tarkoittaa, ett\u00e4 lukkoa voidaan k\u00e4ytt\u00e4\u00e4 yhdess\u00e4 sek\u00e4 ASSA connect- ett\u00e4 ASSA classic -moduulisarjoille tarkoitettujen vastalevyjen ja karmisyvennysten kanssa.<\/p>\n<p>T\u00e4m\u00e4 tarkoittaa sek\u00e4 vanhempia ett\u00e4 uusia oviymp\u00e4rist\u00f6j\u00e4. M\u00e4nn\u00e4n sijoittelua on helppo s\u00e4\u00e4t\u00e4\u00e4, aivan yht\u00e4 helppoa kuin perinteist\u00e4 m\u00e4nn\u00e4n suunnanvaihtoa.<\/p>\n<p>SAFETRON SL621 on s\u00e4\u00e4dett\u00e4viss\u00e4 yksitoimisen toiminnon, joka mahdollistaa s\u00e4hk\u00f6isen aktivoinnin molemmilta puolilta (kaksoiskortinlukijat), jaetun toiminnon v\u00e4lill\u00e4. T\u00e4m\u00e4 tarkoittaa, ett\u00e4 ulkoinen painike on s\u00e4hk\u00f6isesti ohjattu, kun taas sis\u00e4inen painike on aina mekaanisesti kytketty ja mahdollistaa siten aina mekaanisen poistumisen.<\/p>\n<p>Lukituksen jakotoiminnon avulla avauspainiketta tai kulunvalvontaa sis\u00e4puolella ei tarvita.<\/p>\n<div class=\"tabRow\"><span class=\"bold\">J\u00e4nnite<\/span>12\u201324 VDC (-10%\/+15%)<\/div>\n<div class=\"tabRow\"><span class=\"bold\">Virrankulutus<\/span>12 VDC: 70 mA<br \/>\n24 VDC: 40 mA<\/div>\n<div class=\"tabRow\"><span class=\"bold\">L\u00e4mp\u00f6tila-alue<\/span>-20\u00b0C \u2013 +40\u00b0C<\/div>\n<div class=\"tabRow\"><span class=\"bold\">Toiminto<\/span>K\u00e4\u00e4nteinen funktio<\/div>\n<div class=\"tabRow\"><span class=\"bold\">Paloluokitus<\/span>Kyll\u00e4 (E\/EI 120)<\/div>\n<div class=\"tabRow\"><span class=\"bold\">Signaalit<\/span>Lukitus, painikkeen liike, oven tila, sylinteri<\/div>","protected":false},"excerpt":{"rendered":"<p>Safetron Ell\u00e5s SL621 Sats Omv\u00e4ndbart l\u00e5shus SAFETRON SL621 i satsf\u00f6rpackning. Satsf\u00f6rpackningen inneh\u00e5ller: Eltryckesl\u00e5s SL621 Anslutningskabel C02 (10m) Karm\u00f6verf\u00f6ring CT81 SAFETRON SL621 \u00e4r n\u00e4sta generationens multifunktionella eltryckesl\u00e5s med split funktion och<\/p>","protected":false},"featured_media":142231,"template":"","meta":{"_acf_changed":false},"product_brand":[],"product_cat":[2429],"product_tag":[2286,2290,4510,4866,4511],"class_list":{"0":"post-149379","1":"product","2":"type-product","3":"status-publish","4":"has-post-thumbnail","6":"product_cat-ellas","7":"product_tag-ellas-eltryckeslas","8":"product_tag-ellas-komplett-sats-kpl","9":"product_tag-rel-safetron-eltryckeslas","10":"product_tag-safetron-20","11":"product_tag-safetron-eltryckeslas","12":"product_shipping_class-tunga-paket","13":"tm-has-options","15":"first","16":"instock","17":"sale","18":"featured","19":"taxable","20":"shipping-taxable","21":"purchasable","22":"product-type-simple"},"acf":[],"_links":{"self":[{"href":"https:\/\/secureus.se\/fi\/wp-json\/wp\/v2\/product\/149379","targetHints":{"allow":["GET"]}}],"collection":[{"href":"https:\/\/secureus.se\/fi\/wp-json\/wp\/v2\/product"}],"about":[{"href":"https:\/\/secureus.se\/fi\/wp-json\/wp\/v2\/types\/product"}],"wp:featuredmedia":[{"embeddable":true,"href":"https:\/\/secureus.se\/fi\/wp-json\/wp\/v2\/media\/142231"}],"wp:attachment":[{"href":"https:\/\/secureus.se\/fi\/wp-json\/wp\/v2\/media?parent=149379"}],"wp:term":[{"taxonomy":"product_brand","embeddable":true,"href":"https:\/\/secureus.se\/fi\/wp-json\/wp\/v2\/product_brand?post=149379"},{"taxonomy":"product_cat","embeddable":true,"href":"https:\/\/secureus.se\/fi\/wp-json\/wp\/v2\/product_cat?post=149379"},{"taxonomy":"product_tag","embeddable":true,"href":"https:\/\/secureus.se\/fi\/wp-json\/wp\/v2\/product_tag?post=149379"}],"curies":[{"name":"wp","href":"https:\/\/api.w.org\/{rel}","templated":true}]}}