{"id":149382,"date":"2022-07-04T07:49:47","date_gmt":"2022-07-04T05:49:47","guid":{"rendered":"https:\/\/secureus.se\/motorlas-5328\/"},"modified":"2026-01-12T13:16:21","modified_gmt":"2026-01-12T12:16:21","slug":"motorlas-5328","status":"publish","type":"product","link":"https:\/\/secureus.se\/fi\/motorlas-5328\/","title":{"rendered":"Safetron Moottorin lukko 5328"},"content":{"rendered":"<p>Kapeaprofiilisen SAFETRON-moottorilukon 5328 lukitus avautuu 0,3 sekunnissa, joten erillist\u00e4 p\u00e4iv\u00e4lukkoa ei normaalisti tarvita suurtaajuusovissa. Moottorilukko toimii t\u00e4ydellisesti yhdess\u00e4 automaattisten ovenohjainten kanssa.<\/p>\n<p>Tyypillisi\u00e4 k\u00e4ytt\u00f6kohteita ovat p\u00e4iv\u00e4-, y\u00f6- ja turvalukitus kaupassa, toimistoissa ja teollisuudessa. Lukko t\u00e4ytt\u00e4\u00e4 SS 3079 lukkoluokan 3 vaatimukset. Moottorilukko on varustettu vahvistetulla suoralla m\u00e4nn\u00e4ll\u00e4 maksimaalisen lujuuden saavuttamiseksi.<\/p>\n<p>\u2022 Karan syvyys: 28 mm<\/p>\n<p>\u2022 Koukkum\u00e4nt\u00e4<\/p>\n<p>\u2022 Pois p\u00e4\u00e4lt\u00e4 0,3 sekunniksi<\/p>\n<p>\u2022 Mukautettu oviautomaatioon<\/p>\n<p>\u2022 Sertifioitu standardin SS-EN 14846 mukaisesti<\/p>","protected":false},"excerpt":{"rendered":"<p>SAFETRON motorl\u00e5s 5328 i smalprofilutf\u00f6rande fr\u00e5nreglar under 0.3 sekunder och d\u00e4rf\u00f6r beh\u00f6vs normalt sett inget separat dagl\u00e5s p\u00e5 h\u00f6gfrekventa d\u00f6rrar. Motorl\u00e5set fungerar utm\u00e4rkt tillsammans med d\u00f6rrautomatiker. Typiska anv\u00e4ndningsomr\u00e5den \u00e4r dag-,<\/p>","protected":false},"featured_media":142111,"template":"","meta":{"_acf_changed":false},"product_brand":[],"product_cat":[2874],"product_tag":[4500,4866,4511],"class_list":{"0":"post-149382","1":"product","2":"type-product","3":"status-publish","4":"has-post-thumbnail","6":"product_cat-motorlas","7":"product_tag-rel-safetron-motorlas","8":"product_tag-safetron-20","9":"product_tag-safetron-eltryckeslas","10":"product_shipping_class-tunga-paket","11":"pa_brands-7safetron","12":"tm-no-options","14":"first","15":"instock","16":"sale","17":"featured","18":"taxable","19":"shipping-taxable","20":"purchasable","21":"product-type-simple"},"acf":[],"_links":{"self":[{"href":"https:\/\/secureus.se\/fi\/wp-json\/wp\/v2\/product\/149382","targetHints":{"allow":["GET"]}}],"collection":[{"href":"https:\/\/secureus.se\/fi\/wp-json\/wp\/v2\/product"}],"about":[{"href":"https:\/\/secureus.se\/fi\/wp-json\/wp\/v2\/types\/product"}],"wp:featuredmedia":[{"embeddable":true,"href":"https:\/\/secureus.se\/fi\/wp-json\/wp\/v2\/media\/142111"}],"wp:attachment":[{"href":"https:\/\/secureus.se\/fi\/wp-json\/wp\/v2\/media?parent=149382"}],"wp:term":[{"taxonomy":"product_brand","embeddable":true,"href":"https:\/\/secureus.se\/fi\/wp-json\/wp\/v2\/product_brand?post=149382"},{"taxonomy":"product_cat","embeddable":true,"href":"https:\/\/secureus.se\/fi\/wp-json\/wp\/v2\/product_cat?post=149382"},{"taxonomy":"product_tag","embeddable":true,"href":"https:\/\/secureus.se\/fi\/wp-json\/wp\/v2\/product_tag?post=149382"}],"curies":[{"name":"wp","href":"https:\/\/api.w.org\/{rel}","templated":true}]}}