{"id":149383,"date":"2022-07-04T07:49:44","date_gmt":"2022-07-04T05:49:44","guid":{"rendered":"https:\/\/secureus.se\/ellas-sl620-rattvand\/"},"modified":"2026-01-15T16:03:21","modified_gmt":"2026-01-15T15:03:21","slug":"ellas-sl620-rattvand","status":"publish","type":"product","link":"https:\/\/secureus.se\/fi\/ellas-sl620-rattvand\/","title":{"rendered":"Safetron SL620 -lukkolaatikko"},"content":{"rendered":"<h1>Safetron SL620 -lukkolaatikko<\/h1>\n<p>SAFETRON SL620 on seuraavan sukupolven monitoiminen s\u00e4hk\u00f6inen painolukko, jossa on jakotoiminto ja patentoitu hybriditekniikka.<\/p>\n<p>Tyypillisi\u00e4 k\u00e4ytt\u00f6kohteita ovat korkeataajuisten ovien sis\u00e4inen lukitus liikerakennuksissa, sairaaloissa, kouluissa, teollisuuslaitoksissa ja kerrostaloissa, joissa vaaditaan korkeaa k\u00e4ytt\u00f6luotettavuutta.<\/p>\n<p>Ilmaisu annetaan lukituksesta, paineliikkeest\u00e4, oven tilasta magneettikoskettimen ja nupin n\u00e4yt\u00f6st\u00e4.<\/p>\n<p>Py\u00f6riv\u00e4n ilmaisimen avulla voidaan havaita h\u00e4lytykset luvattoman sylinterin ohituksen sattuessa. SL620:ssa on oikeak\u00e4tinen toiminto.<\/p>\n<p>SAFETRON SL620:ssa on patentoitu hybriditekniikka, joka mahdollistaa m\u00e4nn\u00e4n sijoittelun muuttamisen.<\/p>\n<p>T\u00e4m\u00e4 tarkoittaa, ett\u00e4 lukkoa voidaan k\u00e4ytt\u00e4\u00e4 yhdess\u00e4 sek\u00e4 ASSA connect- ett\u00e4 ASSA classic -moduulisarjoille tarkoitettujen vastalevyjen ja karmisyvennysten kanssa.<\/p>\n<p>T\u00e4m\u00e4 tarkoittaa sek\u00e4 vanhempia ett\u00e4 uusia oviymp\u00e4rist\u00f6j\u00e4. M\u00e4nn\u00e4n sijoittelua on helppo s\u00e4\u00e4t\u00e4\u00e4, aivan yht\u00e4 helppoa kuin perinteist\u00e4 m\u00e4nn\u00e4n suunnanvaihtoa.<\/p>\n<p>SAFETRON SL620 on s\u00e4\u00e4dett\u00e4viss\u00e4 yksitoimisen, joka mahdollistaa s\u00e4hk\u00f6isen aktivoinnin molemmilta puolilta (kaksoiskortinlukijat), jaetun toiminnon v\u00e4lill\u00e4. T\u00e4m\u00e4 tarkoittaa, ett\u00e4 ulkoinen painike on s\u00e4hk\u00f6isesti ohjattu, kun taas sis\u00e4inen painike on aina mekaanisesti kytketty ja mahdollistaa siten aina mekaanisen poistumisen.<\/p>\n<p>Lukituksen jakotoiminnon avulla avauspainiketta tai kulunvalvontaa sis\u00e4puolella ei tarvita.<\/p>\n<div class=\"tabRow\"><span class=\"bold\">J\u00e4nnite<\/span>12\u201324 VDC (-10%\/+15%)<\/div>\n<div><\/div>\n<div class=\"tabRow\"><span class=\"bold\">Virrankulutus<\/span>12 VDC: 70 mA<\/div>\n<div class=\"tabRow\">24 VDC: 40 mA<\/div>\n<div><\/div>\n<div class=\"tabRow\"><span class=\"bold\">L\u00e4mp\u00f6tila-alue<\/span>-20\u00b0C \u2013 +40\u00b0C<\/div>\n<div><\/div>\n<div class=\"tabRow\"><span class=\"bold\">Toiminto<\/span>Oikealle suunnattu toiminto<\/div>\n<div><\/div>\n<div class=\"tabRow\"><span class=\"bold\">Paloluokitus<\/span>Kyll\u00e4 (E\/EI 120)<\/div>\n<div><\/div>\n<div class=\"tabRow\"><span class=\"bold\">Signaalit<\/span>Lukitus, painikkeen liike, oven tila, sylinteri<\/div>\n<div><\/div>\n<div><span class=\"bold\">Sertifioitu<\/span>EN 14846<\/div>","protected":false},"excerpt":{"rendered":"<p>Safetron SL620 l\u00e5skasse SAFETRON SL620 \u00e4r n\u00e4sta generationens multifunktionella eltryckesl\u00e5s med split funktion och patenterad hybridteknologi. Typiska anv\u00e4ndningsomr\u00e5den \u00e4r intern l\u00e5sning av h\u00f6gfrekventa d\u00f6rrar i aff\u00e4rsbyggnader, sjukhus, skolor, industrier samt<\/p>","protected":false},"featured_media":142864,"template":"","meta":{"_acf_changed":false},"product_brand":[],"product_cat":[2429],"product_tag":[2286,4510,4866,4511],"class_list":{"0":"post-149383","1":"product","2":"type-product","3":"status-publish","4":"has-post-thumbnail","6":"product_cat-ellas","7":"product_tag-ellas-eltryckeslas","8":"product_tag-rel-safetron-eltryckeslas","9":"product_tag-safetron-20","10":"product_tag-safetron-eltryckeslas","11":"product_shipping_class-tunga-paket","12":"tm-has-options","14":"first","15":"instock","16":"sale","17":"featured","18":"taxable","19":"shipping-taxable","20":"purchasable","21":"product-type-simple"},"acf":[],"_links":{"self":[{"href":"https:\/\/secureus.se\/fi\/wp-json\/wp\/v2\/product\/149383","targetHints":{"allow":["GET"]}}],"collection":[{"href":"https:\/\/secureus.se\/fi\/wp-json\/wp\/v2\/product"}],"about":[{"href":"https:\/\/secureus.se\/fi\/wp-json\/wp\/v2\/types\/product"}],"wp:featuredmedia":[{"embeddable":true,"href":"https:\/\/secureus.se\/fi\/wp-json\/wp\/v2\/media\/142864"}],"wp:attachment":[{"href":"https:\/\/secureus.se\/fi\/wp-json\/wp\/v2\/media?parent=149383"}],"wp:term":[{"taxonomy":"product_brand","embeddable":true,"href":"https:\/\/secureus.se\/fi\/wp-json\/wp\/v2\/product_brand?post=149383"},{"taxonomy":"product_cat","embeddable":true,"href":"https:\/\/secureus.se\/fi\/wp-json\/wp\/v2\/product_cat?post=149383"},{"taxonomy":"product_tag","embeddable":true,"href":"https:\/\/secureus.se\/fi\/wp-json\/wp\/v2\/product_tag?post=149383"}],"curies":[{"name":"wp","href":"https:\/\/api.w.org\/{rel}","templated":true}]}}