{"id":149384,"date":"2022-03-10T15:08:00","date_gmt":"2022-03-10T14:08:00","guid":{"rendered":"https:\/\/secureus.se\/monteringsstolpe-sa25\/"},"modified":"2026-01-12T13:09:34","modified_gmt":"2026-01-12T12:09:34","slug":"monteringsstolpe-sa25","status":"publish","type":"product","link":"https:\/\/secureus.se\/fi\/monteringsstolpe-sa25\/","title":{"rendered":"Safetron Asennustolppa SA25"},"content":{"rendered":"<div>\n<div>\n<div>\n<p><span style=\"white-space: pre-line\">Ruostumattomasta ter\u00e4ksest\u00e4 valmistettu kulmikas kiinnitystolppa SAFETRONin s\u00e4hk\u00f6isille p\u00e4\u00e4tylevyille vakiosarjassa: ES 17 \/ ES 19 \/ ML 57 \/ ML 59. <\/span><\/p>\n<p><span style=\"white-space: pre-line\">Mukautettu puu- ja metallirungoille, k\u00e4ytet\u00e4\u00e4n yhdess\u00e4 kaksois- tai yksipulttilukkojen kanssa, jotka ovat connect\/evolution- tai moduulityyppisi\u00e4. <\/span><\/p>\n<p><span style=\"white-space: pre-line\">\u2022 Vastaa ST 4038:aa<\/span><\/p>\n<p><span style=\"white-space: pre-line\">\u2022 Kielekkeen koko: 15 mm<\/span><\/p>\n<p><span style=\"font-size: 14px\">\u00a0<\/span><\/p>\n<p>&nbsp;<\/p>\n<\/div>\n<\/div>\n<\/div>","protected":false},"excerpt":{"rendered":"<p>Vinklad monteringsstolpe i rostfritt st\u00e5l f\u00f6r SAFETRON elslutbleck i standardserien: ES 17 \/ ES 19 \/ ML 57 \/ ML 59. Anpassad f\u00f6r tr\u00e4- och metallkarmar, anv\u00e4nds tillsammans med dubbel-<\/p>","protected":false},"featured_media":145360,"template":"","meta":{"_acf_changed":false},"product_brand":[],"product_cat":[4735],"product_tag":[4440,4866],"class_list":{"0":"post-149384","1":"product","2":"type-product","3":"status-publish","4":"has-post-thumbnail","6":"product_cat-monteringsstolpe","7":"product_tag-safetron-montagestolpar-es17-es19-sa-modell","8":"product_tag-safetron-20","9":"product_shipping_class-postnord-varubrev","10":"pa_brands-7safetron","11":"tm-has-options","13":"first","14":"instock","15":"featured","16":"taxable","17":"shipping-taxable","18":"purchasable","19":"product-type-simple"},"acf":[],"_links":{"self":[{"href":"https:\/\/secureus.se\/fi\/wp-json\/wp\/v2\/product\/149384","targetHints":{"allow":["GET"]}}],"collection":[{"href":"https:\/\/secureus.se\/fi\/wp-json\/wp\/v2\/product"}],"about":[{"href":"https:\/\/secureus.se\/fi\/wp-json\/wp\/v2\/types\/product"}],"wp:featuredmedia":[{"embeddable":true,"href":"https:\/\/secureus.se\/fi\/wp-json\/wp\/v2\/media\/145360"}],"wp:attachment":[{"href":"https:\/\/secureus.se\/fi\/wp-json\/wp\/v2\/media?parent=149384"}],"wp:term":[{"taxonomy":"product_brand","embeddable":true,"href":"https:\/\/secureus.se\/fi\/wp-json\/wp\/v2\/product_brand?post=149384"},{"taxonomy":"product_cat","embeddable":true,"href":"https:\/\/secureus.se\/fi\/wp-json\/wp\/v2\/product_cat?post=149384"},{"taxonomy":"product_tag","embeddable":true,"href":"https:\/\/secureus.se\/fi\/wp-json\/wp\/v2\/product_tag?post=149384"}],"curies":[{"name":"wp","href":"https:\/\/api.w.org\/{rel}","templated":true}]}}