{"id":149385,"date":"2022-07-04T10:06:14","date_gmt":"2022-07-04T08:06:14","guid":{"rendered":"https:\/\/secureus.se\/monteringsstolpe-sa86\/"},"modified":"2026-01-12T13:18:38","modified_gmt":"2026-01-12T12:18:38","slug":"monteringsstolpe-sa86","status":"publish","type":"product","link":"https:\/\/secureus.se\/fi\/monteringsstolpe-sa86\/","title":{"rendered":"Safetron Asennustolppa SA86"},"content":{"rendered":"<p>Ruostumattomasta ter\u00e4ksest\u00e4 valmistettu litte\u00e4 asennustolppa SAFETRONin s\u00e4hk\u00f6isille p\u00e4\u00e4tylevyille vakiosarjassa: ES17 \/ ES19. Mukautettu SAPA-profiilij\u00e4rjestelm\u00e4 2086, k\u00e4ytet\u00e4\u00e4n yhdess\u00e4 kaksois- tai yksipudotuslukkojen kanssa, jotka ovat tyyppi\u00e4 connect\/evolution tai module. <\/p>\n<p>\u2022 Mukautettu SAPA 2086 -profiilij\u00e4rjestelm\u00e4\u00e4n<br \/>\n<br \/>\n\u2022 Vastaa ST 4086:ta<br \/>\n<br \/>\n\u2022 Kielekkeen koko: 27,5 mm<br \/>\n<br \/>\n\u2022 Mitat: (kxl) 200\u00d750 mm<\/p>","protected":false},"excerpt":{"rendered":"<p>Plan monteringsstolpe i rostfritt st\u00e5l f\u00f6r SAFETRON elslutbleck i standardserien: ES17 \/ ES19. Anpassad SAPA profilsystem 2086, anv\u00e4nds tillsammans med dubbel- eller enkelfall\u00e5s av typen connect\/evolution eller modul. \u2022 Anpassad<\/p>","protected":false},"featured_media":142193,"template":"","meta":{"_acf_changed":false},"product_brand":[],"product_cat":[4735],"product_tag":[4440,4866],"class_list":{"0":"post-149385","1":"product","2":"type-product","3":"status-publish","4":"has-post-thumbnail","6":"product_cat-monteringsstolpe","7":"product_tag-safetron-montagestolpar-es17-es19-sa-modell","8":"product_tag-safetron-20","9":"product_shipping_class-tunga-paket","10":"pa_brands-7safetron","11":"tm-has-options","13":"first","14":"instock","15":"featured","16":"taxable","17":"shipping-taxable","18":"purchasable","19":"product-type-simple"},"acf":[],"_links":{"self":[{"href":"https:\/\/secureus.se\/fi\/wp-json\/wp\/v2\/product\/149385","targetHints":{"allow":["GET"]}}],"collection":[{"href":"https:\/\/secureus.se\/fi\/wp-json\/wp\/v2\/product"}],"about":[{"href":"https:\/\/secureus.se\/fi\/wp-json\/wp\/v2\/types\/product"}],"wp:featuredmedia":[{"embeddable":true,"href":"https:\/\/secureus.se\/fi\/wp-json\/wp\/v2\/media\/142193"}],"wp:attachment":[{"href":"https:\/\/secureus.se\/fi\/wp-json\/wp\/v2\/media?parent=149385"}],"wp:term":[{"taxonomy":"product_brand","embeddable":true,"href":"https:\/\/secureus.se\/fi\/wp-json\/wp\/v2\/product_brand?post=149385"},{"taxonomy":"product_cat","embeddable":true,"href":"https:\/\/secureus.se\/fi\/wp-json\/wp\/v2\/product_cat?post=149385"},{"taxonomy":"product_tag","embeddable":true,"href":"https:\/\/secureus.se\/fi\/wp-json\/wp\/v2\/product_tag?post=149385"}],"curies":[{"name":"wp","href":"https:\/\/api.w.org\/{rel}","templated":true}]}}