{"id":149387,"date":"2022-07-04T07:52:43","date_gmt":"2022-07-04T05:52:43","guid":{"rendered":"https:\/\/secureus.se\/motorlas-6300\/"},"modified":"2026-01-12T13:17:53","modified_gmt":"2026-01-12T12:17:53","slug":"motorlas-6300","status":"publish","type":"product","link":"https:\/\/secureus.se\/fi\/motorlas-6300\/","title":{"rendered":"Safetron moottorilukko 6300"},"content":{"rendered":"<p>Moottorilukko 6300 kapeaprofiilisessa rakenteessa laukeaa 0,2 sekunnissa, joten normaalisti ei tarvita erillist\u00e4 p\u00e4iv\u00e4lukkoa korkeataajuisiin oviin. Tyypillisi\u00e4 k\u00e4ytt\u00f6alueita ovat p\u00e4iv\u00e4-, y\u00f6- ja turvalukitus kaupassa, toimistoissa ja teollisuudessa ja joissa turvallisuudelle asetetaan korkeita tai eritt\u00e4in korkeita vaatimuksia. Moottorilukko 6300 on sovitettu toimimaan yhdess\u00e4 oviautomaation kanssa.<\/p>\n<p>Ohjausyksik\u00f6ll\u00e4 CU2 on markkinoiden laajin sovellusvalikoima, mutta se on my\u00f6s k\u00e4ytt\u00e4j\u00e4yst\u00e4v\u00e4llisin. CU2:lla voidaan kytke\u00e4 kaksi moottorilukkoa ilman signaalinvaihdon rajoituksia, mik\u00e4 tarkoittaa, ett\u00e4 CU2 on k\u00e4yt\u00e4nn\u00f6ss\u00e4 kaksi ohjausyksikk\u00f6\u00e4 yhdess\u00e4. Haluttuun toimintoon on mahdollista ohjelmoida my\u00f6s AUX-releit\u00e4, esim. t\u00e4ydellinen ohjaus oviautomaatioon tai olennaiseen toimintoon.<\/p>\n<p>Ohjausyksik\u00f6ss\u00e4 CU2 on automaattinen skannaus, mik\u00e4 tekee asennuksesta plug and play -toiminnon. Ei vaadi aloitusta, vaan pariliitos laitteiden v\u00e4lill\u00e4 tapahtuu automaattisesti 12h kuluttua, jolloin laitteisiin asetetaan digitaalisesti my\u00f6s asennusp\u00e4iv\u00e4, josta alkaen takuuaika alkaa olla voimassa.<\/p>\n<p>Sek\u00e4 lukkokotelossa ett\u00e4 ohjausyksik\u00f6ss\u00e4 on sis\u00e4\u00e4nrakennettu navigoitava n\u00e4ytt\u00f6, joka mahdollistaa konfiguraation s\u00e4\u00e4t\u00e4misen ja tiedonhaun mm. tapahtumat ja asennusp\u00e4iv\u00e4m\u00e4\u00e4r\u00e4t.<\/p>\n<p>\u2022 Sertifioitu SSF-3522 lukkoluokkien 3, 4 ja 5 sek\u00e4 SS-EN 14846 Grade 7 mukaisesti<\/p>\n<p>\u2022 Koukkus\u00e4\u00e4nt\u00f6<\/p>\n<p>\u2022 Mukautettu oviautomaatioon<\/p>\n<p>\u2022 Jopa 100 metrin kaapeli<\/p>\n<p>\u2022 Automaattinen alustus<\/p>\n<p>\u2022 Karan syvyys 35 mm<\/p>\n<p>\u2022 Pois p\u00e4\u00e4lt\u00e4 0,2 sekunniksi<\/p>\n<p>\u2022 Voidaan avata avaimella\/nupilla (90 asteen kierto)<\/p>\n<p>\u2022 Huoltomoduuli ohjausyksik\u00f6ss\u00e4<\/p>\n<p>\u2022 Tapahtumaloki<\/p>\n<p>\u2022 Virhekoodiloki<\/p>\n<p>\u2022 Sarjaliit\u00e4nt\u00e4, jopa kaksi moottorilukkoa ohjausyksikk\u00f6\u00f6n<\/p>\n<p>\u2022 J\u00e4nnite: 10-48VDC, 8-35VAC, 60-300 mA<\/p>\n<p>\u2022 L\u00e4mp\u00f6tila: -30\u00b0C - +70\u00b0C<\/p>\n<p>\u2022 Sopii skandinaaviseen soikeaan ja py\u00f6re\u00e4\u00e4n sylinteriin<\/p>","protected":false},"excerpt":{"rendered":"<p>Motorl\u00e5s 6300 i smalprofilutf\u00f6rande fr\u00e5nreglar under 0.2 sekunder och d\u00e4rf\u00f6r beh\u00f6vs normalt sett inget separat dagl\u00e5s p\u00e5 h\u00f6gfrekventa d\u00f6rrar. Typiska anv\u00e4ndningsomr\u00e5den \u00e4r dag-, natt- och s\u00e4kerhetsl\u00e5sning inom handel, kontor och<\/p>","protected":false},"featured_media":142821,"template":"","meta":{"_acf_changed":false},"product_brand":[],"product_cat":[2874],"product_tag":[4542,4500,4866,4501],"class_list":{"0":"post-149387","1":"product","2":"type-product","3":"status-publish","4":"has-post-thumbnail","6":"product_cat-motorlas","7":"product_tag-panikutrymning-nej","8":"product_tag-rel-safetron-motorlas","9":"product_tag-safetron-20","10":"product_tag-safetron-motorlas","11":"product_shipping_class-tunga-paket","12":"pa_brands-7safetron","13":"tm-no-options","15":"first","16":"instock","17":"sale","18":"featured","19":"taxable","20":"shipping-taxable","21":"purchasable","22":"product-type-simple"},"acf":[],"_links":{"self":[{"href":"https:\/\/secureus.se\/fi\/wp-json\/wp\/v2\/product\/149387","targetHints":{"allow":["GET"]}}],"collection":[{"href":"https:\/\/secureus.se\/fi\/wp-json\/wp\/v2\/product"}],"about":[{"href":"https:\/\/secureus.se\/fi\/wp-json\/wp\/v2\/types\/product"}],"wp:featuredmedia":[{"embeddable":true,"href":"https:\/\/secureus.se\/fi\/wp-json\/wp\/v2\/media\/142821"}],"wp:attachment":[{"href":"https:\/\/secureus.se\/fi\/wp-json\/wp\/v2\/media?parent=149387"}],"wp:term":[{"taxonomy":"product_brand","embeddable":true,"href":"https:\/\/secureus.se\/fi\/wp-json\/wp\/v2\/product_brand?post=149387"},{"taxonomy":"product_cat","embeddable":true,"href":"https:\/\/secureus.se\/fi\/wp-json\/wp\/v2\/product_cat?post=149387"},{"taxonomy":"product_tag","embeddable":true,"href":"https:\/\/secureus.se\/fi\/wp-json\/wp\/v2\/product_tag?post=149387"}],"curies":[{"name":"wp","href":"https:\/\/api.w.org\/{rel}","templated":true}]}}