{"id":149390,"date":"2022-07-04T09:59:11","date_gmt":"2022-07-04T07:59:11","guid":{"rendered":"https:\/\/secureus.se\/styrenhet-motorlas-tc-cu2\/"},"modified":"2026-01-12T13:19:49","modified_gmt":"2026-01-12T12:19:49","slug":"styrenhet-motorlas-tc-cu2","status":"publish","type":"product","link":"https:\/\/secureus.se\/fi\/styrenhet-motorlas-tc-cu2\/","title":{"rendered":"Ohjausyksikk\u00f6 moottorin lukko TC CU2"},"content":{"rendered":"<p>TC CU2 -ohjausyksik\u00f6ll\u00e4 on markkinoiden laajin sovellusvalikoima, mutta se on my\u00f6s k\u00e4ytt\u00e4j\u00e4yst\u00e4v\u00e4llisin. TC CU2:een voidaan kytke\u00e4 kaksi moottorilukkoa ilman signaalinvaihdon rajoituksia, mik\u00e4 tarkoittaa, ett\u00e4 TC CU2 on k\u00e4yt\u00e4nn\u00f6ss\u00e4 kaksi ohjausyksikk\u00f6\u00e4 yhdess\u00e4. Haluttuun toimintoon on mahdollista ohjelmoida my\u00f6s AUX-releit\u00e4, esim. olennaisten toimintojen t\u00e4ydellinen hallinta. <\/p>\n<p>Ohjausyksik\u00f6ss\u00e4 TC CU2 on automaattinen skannaus, joka tekee asennuksesta plug-and-play-toiminnon. Ei vaadi aloitusta, vaan laitteiden v\u00e4linen pariliitos tapahtuu automaattisesti 12h kuluttua, jolloin laitteisiin asetetaan digitaalisesti my\u00f6s asennusp\u00e4iv\u00e4, josta takuuaika alkaa. <\/p>\n<p>TC CU2 kommunikoi 128-bittisell\u00e4 salauksella ja sallii jopa 100 metrin kaapelipituudet lukkokotelon ja ohjausyksik\u00f6n v\u00e4lill\u00e4. T\u00e4m\u00e4 avaa uusia mahdollisuuksia ohjausyksik\u00f6iden asentamiseen suojattuihin ymp\u00e4rist\u00f6ihin, kuten voimakeskuksiin tai palvelinhuoneisiin. <\/p>\n<p>TC CU2:een on mahdollista liitt\u00e4\u00e4 kaksi moottorilukkoa. K\u00e4yt\u00e4 kahta moottorilukkoa samassa tai erillisiss\u00e4 ovissa. Erilliset releosat lukolle 1 ja lukolle 2 Asennettaessa kaksi moottorilukkoa on sama signaalinvaihto.<\/p>\n<p>\u2022 Tulojen lukko 1: Aktivointi, Ulkooven magneettikosketin<br \/>\n<br \/>\n\u2022 Tulojen lukko 2: Aktivointi, Ulkooven magneettinen kosketin<br \/>\n<br \/>\n\u2022 L\u00e4ht\u00f6jen lukitus 1: Ulos\/sis\u00e4\u00e4n, Ovi auki\/kiinni, Impulssi, H\u00e4lytys<br \/>\n<br \/>\n\u2022 L\u00e4ht\u00f6jen lukko 2: Ulos\/sis\u00e4\u00e4n, Ovi auki\/kiinni, Impulssi, H\u00e4lytys<\/p>\n<p>\u2022 10-48 VDC<br \/>\n<br \/>\n\u2022 TwoCom BUS -tekniikka<br \/>\n<br \/>\n\u2022 Ohjelmoitavat AUX-releet (esim. automaattinen oven ohjaus, olennainen toiminto)<br \/>\n<br \/>\n\u2022 Sarjaliit\u00e4nt\u00e4, jopa kaksi moottorilukkoa TC CU2:ta vasten<br \/>\n<br \/>\n\u2022 Laitteiden automaattinen alustus<br \/>\n<br \/>\n\u2022 Jokainen relel\u00e4ht\u00f6 voidaan asettaa erikseen tilaan NO tai NC oikosulkusillan avulla<br \/>\n<br \/>\n\u2022 LED jokaisessa yksitt\u00e4isess\u00e4 relel\u00e4hd\u00f6ss\u00e4 ilmaisemaan aktivoinnin<br \/>\n<br \/>\n\u2022 Tapahtumaloki<br \/>\n<br \/>\n\u2022 Virhekoodien hallinta n\u00e4yt\u00f6n kautta<br \/>\n<br \/>\n\u2022 Huoltomoduuli<br \/>\n<br \/>\n\u2022 Kest\u00e4\u00e4 pitki\u00e4 johtoja, jopa 100 metri\u00e4 lukkokotelon ja ohjausyksik\u00f6n v\u00e4lill\u00e4<br \/>\n<br \/>\n\u2022 Alhainen virrankulutus (&gt;1W valmiustilassa)<br \/>\n<br \/>\n\u2022 Yhdess\u00e4 6000-sarjan moottorilukkojen kanssa SSF-3522 t\u00e4ytt\u00e4\u00e4 lukkoluokat 3, 4 ja 5<\/p>","protected":false},"excerpt":{"rendered":"<p>Styrenhet TC CU2 har marknadens bredaste anv\u00e4ndningsomr\u00e5de samtidigt som den ocks\u00e5 \u00e4r mest anv\u00e4ndarv\u00e4nlig. Med TC CU2 kan tv\u00e5 motorl\u00e5s anslutas utan n\u00e5gon begr\u00e4nsning i signalutbyte, detta inneb\u00e4r att TC<\/p>","protected":false},"featured_media":142212,"template":"","meta":{"_acf_changed":false},"product_brand":[],"product_cat":[2834],"product_tag":[4508,4866,4452],"class_list":{"0":"post-149390","1":"product","2":"type-product","3":"status-publish","4":"has-post-thumbnail","6":"product_cat-ellas-motorlastillbehor","7":"product_tag-ellas-tillbehor-styrenheter","8":"product_tag-safetron-20","9":"product_tag-safetron-tillbehor-motorlas-6000-serien","10":"product_shipping_class-tunga-paket","11":"pa_brands-7safetron","12":"tm-has-options","14":"first","15":"instock","16":"featured","17":"taxable","18":"shipping-taxable","19":"purchasable","20":"product-type-simple"},"acf":[],"_links":{"self":[{"href":"https:\/\/secureus.se\/fi\/wp-json\/wp\/v2\/product\/149390","targetHints":{"allow":["GET"]}}],"collection":[{"href":"https:\/\/secureus.se\/fi\/wp-json\/wp\/v2\/product"}],"about":[{"href":"https:\/\/secureus.se\/fi\/wp-json\/wp\/v2\/types\/product"}],"wp:featuredmedia":[{"embeddable":true,"href":"https:\/\/secureus.se\/fi\/wp-json\/wp\/v2\/media\/142212"}],"wp:attachment":[{"href":"https:\/\/secureus.se\/fi\/wp-json\/wp\/v2\/media?parent=149390"}],"wp:term":[{"taxonomy":"product_brand","embeddable":true,"href":"https:\/\/secureus.se\/fi\/wp-json\/wp\/v2\/product_brand?post=149390"},{"taxonomy":"product_cat","embeddable":true,"href":"https:\/\/secureus.se\/fi\/wp-json\/wp\/v2\/product_cat?post=149390"},{"taxonomy":"product_tag","embeddable":true,"href":"https:\/\/secureus.se\/fi\/wp-json\/wp\/v2\/product_tag?post=149390"}],"curies":[{"name":"wp","href":"https:\/\/api.w.org\/{rel}","templated":true}]}}