{"id":149394,"date":"2022-07-04T09:56:45","date_gmt":"2022-07-04T07:56:45","guid":{"rendered":"https:\/\/secureus.se\/styrenhet-5000\/"},"modified":"2026-01-12T13:24:41","modified_gmt":"2026-01-12T12:24:41","slug":"styrenhet-5000","status":"publish","type":"product","link":"https:\/\/secureus.se\/fi\/styrenhet-5000\/","title":{"rendered":"Safetron ohjausyksikk\u00f6 5000"},"content":{"rendered":"<p>Ohjausyksikk\u00f6 5000 standardi toimii yhdess\u00e4 moottorilukkokoteloiden 5150, 5188, 5250, 5350, 5450, 5328, 5335 kanssa ja t\u00e4ytt\u00e4\u00e4 mm. WEE ja RoHS. Ohjausyksikk\u00f6 on varustettu kahdella relel\u00e4hd\u00f6ll\u00e4 maksimaalista signaalinvaihtoa varten. Siin\u00e4 on kolme erillist\u00e4 tuloa lukon aktivointia, potentiaalivapaata sulkemista, ajastinta ja virtaimpulssia varten. H\u00e4lytysl\u00e4ht\u00f6 ja sabotaasimikrokytkin. Prosessori on ohjelmoitu niin, ett\u00e4 h\u00e4lytys laukeaa kaapelin katketessa, mik\u00e4 lis\u00e4\u00e4 turvallisuutta. ruotsalainen valmistettu.<br \/>\n<br \/>\n?T\u00e4ytt\u00e4\u00e4 vaatimukset mm. WEE ja RoHS<br \/>\n<br \/>\n?Relel\u00e4hd\u00f6t:<br \/>\n<br \/>\n P\u00e4iv\u00e4n esto<br \/>\n<br \/>\n H\u00e4t\u00e4avaus \/ ajanhallinta<br \/>\n<br \/>\n Ulkooven magneettinen kosketin<br \/>\n<br \/>\n H\u00e4lytys<br \/>\n<br \/>\n Ovi kiinni<br \/>\n<br \/>\n Ovi auki<br \/>\n<br \/>\n Esih\u00e4lytys<br \/>\n<br \/>\n S\u00e4\u00e4nt\u00f6 sis\u00e4ll\u00e4<br \/>\n<br \/>\n Sulkea pois<br \/>\n<br \/>\n Impulssisignaali<br \/>\n<br \/>\n Avausimpulssi, potentiaalivapaa<br \/>\n<br \/>\n Avausimpulssi, j\u00e4nnite<br \/>\n<br \/>\n Suojaava maaper\u00e4<br \/>\n<br \/>\n?Sabotaasi mikrokytkin<br \/>\n<br \/>\n?Oikosulkusuojattu<br \/>\n<br \/>\nJ\u00e4nnite: 10-35VDC\/8-24VAC, 50-350mA<br \/>\n<br \/>\nMitat: (kxl) 220\u00d7108 mm<\/p>","protected":false},"excerpt":{"rendered":"<p>Styrenhet 5000 standard fungererar tillsammans med motorl\u00e5skistorna 5150, 5188, 5250, 5350, 5450, 5328, 5335 och uppfyller kraven enligt bl.a. WEE och RoHS. Styrenheten \u00e4r f\u00f6rsedd med dubbla rel\u00e4utg\u00e5ngar f\u00f6r maximalt<\/p>","protected":false},"featured_media":142061,"template":"","meta":{"_acf_changed":false},"product_brand":[],"product_cat":[2834],"product_tag":[4508,4866,4503],"class_list":{"0":"post-149394","1":"product","2":"type-product","3":"status-publish","4":"has-post-thumbnail","6":"product_cat-ellas-motorlastillbehor","7":"product_tag-ellas-tillbehor-styrenheter","8":"product_tag-safetron-20","9":"product_tag-safetron-tillbehor-motorlas-5000-serien","10":"product_shipping_class-tunga-paket","11":"pa_brands-7safetron","12":"tm-no-options","14":"first","15":"instock","16":"featured","17":"taxable","18":"shipping-taxable","19":"purchasable","20":"product-type-simple"},"acf":[],"_links":{"self":[{"href":"https:\/\/secureus.se\/fi\/wp-json\/wp\/v2\/product\/149394","targetHints":{"allow":["GET"]}}],"collection":[{"href":"https:\/\/secureus.se\/fi\/wp-json\/wp\/v2\/product"}],"about":[{"href":"https:\/\/secureus.se\/fi\/wp-json\/wp\/v2\/types\/product"}],"wp:featuredmedia":[{"embeddable":true,"href":"https:\/\/secureus.se\/fi\/wp-json\/wp\/v2\/media\/142061"}],"wp:attachment":[{"href":"https:\/\/secureus.se\/fi\/wp-json\/wp\/v2\/media?parent=149394"}],"wp:term":[{"taxonomy":"product_brand","embeddable":true,"href":"https:\/\/secureus.se\/fi\/wp-json\/wp\/v2\/product_brand?post=149394"},{"taxonomy":"product_cat","embeddable":true,"href":"https:\/\/secureus.se\/fi\/wp-json\/wp\/v2\/product_cat?post=149394"},{"taxonomy":"product_tag","embeddable":true,"href":"https:\/\/secureus.se\/fi\/wp-json\/wp\/v2\/product_tag?post=149394"}],"curies":[{"name":"wp","href":"https:\/\/api.w.org\/{rel}","templated":true}]}}