{"id":149402,"date":"2022-07-04T07:49:46","date_gmt":"2022-07-04T05:49:46","guid":{"rendered":"https:\/\/secureus.se\/motorlas-5328-kpl\/"},"modified":"2026-01-12T13:16:32","modified_gmt":"2026-01-12T12:16:32","slug":"motorlas-5328-kpl","status":"publish","type":"product","link":"https:\/\/secureus.se\/fi\/motorlas-5328-kpl\/","title":{"rendered":"Safetron Moottorin lukko 5328 cpl"},"content":{"rendered":"<p>SAFETRON moottorilukko 5328 sarjapakkauksessa. Sarjapaketti sis\u00e4lt\u00e4\u00e4: moottorilukon 5328, ohjausyksik\u00f6n 5000, liit\u00e4nt\u00e4kaapelin C01 (10m), p\u00e4\u00e4tylevyn 102 ja rungon siirtolaitteen CT81.<\/p>\n<p>Kapeaprofiilisen SAFETRON-moottorilukon 5328 lukitus avautuu 0,3 sekunnissa, joten erillist\u00e4 p\u00e4iv\u00e4lukkoa ei normaalisti tarvita suurtaajuusovissa. Moottorilukko toimii t\u00e4ydellisesti yhdess\u00e4 automaattisten ovenohjainten kanssa.<\/p>\n<p>Tyypillisi\u00e4 k\u00e4ytt\u00f6kohteita ovat p\u00e4iv\u00e4-, y\u00f6- ja turvalukitus kaupassa, toimistoissa ja teollisuudessa. Lukko t\u00e4ytt\u00e4\u00e4 SS 3079 lukkoluokan 3 vaatimukset. Moottorilukko on varustettu vahvistetulla suoralla m\u00e4nn\u00e4ll\u00e4 maksimaalisen lujuuden saavuttamiseksi.<\/p>\n<p>\u2022 Karan syvyys: 28 mm<\/p>\n<p>\u2022 Koukkum\u00e4nt\u00e4<\/p>\n<p>\u2022 Pois p\u00e4\u00e4lt\u00e4 0,3 sekunniksi<\/p>\n<p>\u2022 Mukautettu oviautomaatioon<\/p>\n<p>\u2022 Sertifioitu standardin SS-EN 14846 mukaisesti<\/p>\n<p>Ohjausyksik\u00f6ss\u00e4 on kaksi liitinrivi\u00e4 (NC\/NO) ja seuraava reletoiminto:<\/p>\n<p>\u2022 Potentiaaliton avautumisimpulssi<\/p>\n<p>\u2022 Ajastin\/h\u00e4t\u00e4avaus<\/p>\n<p>\u2022 Ulko-ovimagneetti<\/p>\n<p>\u2022 H\u00e4lytys<\/p>\n<p>\u2022 Ovi kiinni<\/p>\n<p>\u2022 Sulje pois<\/p>\n<p>\u2022 Aukioloajan asetus 1-25 s<\/p>\n<p>\u2022 H\u00e4lytys, jos kaapeli katkeaa<\/p>\n<p>\u2022 Avausimpulssij\u00e4nnite<\/p>\n<p>\u2022 P\u00e4iv\u00e4n esto<\/p>\n<p>\u2022 Ovi auki<\/p>\n<p>\u2022 H\u00e4lytysnupin toiminto<\/p>\n<p>\u2022 S\u00e4\u00e4nt\u00f6 sis\u00e4ll\u00e4<\/p>\n<p>\u2022 Impulssisignaali<\/p>\n<p>\u2022 J\u00e4nnite: 10-35 VDC\/ 8-24 VAC<\/p>\n<p>\u2022 Virrankulutus: 50-350 mA<\/p>","protected":false},"excerpt":{"rendered":"<p>SAFETRON motorl\u00e5s 5328 i satsf\u00f6rpackning. Satsf\u00f6rpackningen inneh\u00e5ller: motorl\u00e5s 5328, styrenhet 5000, anslutningskabel C01 (10m), slutbleck 102 samt karm\u00f6verf\u00f6ring CT81. SAFETRON motorl\u00e5s 5328 i smalprofilutf\u00f6rande fr\u00e5nreglar under 0.3 sekunder och d\u00e4rf\u00f6r<\/p>","protected":false},"featured_media":142119,"template":"","meta":{"_acf_changed":false},"product_brand":[],"product_cat":[2874],"product_tag":[4512,4500,4866,4511],"class_list":{"0":"post-149402","1":"product","2":"type-product","3":"status-publish","4":"has-post-thumbnail","6":"product_cat-motorlas","7":"product_tag-motorlas-komplett-kpl","8":"product_tag-rel-safetron-motorlas","9":"product_tag-safetron-20","10":"product_tag-safetron-eltryckeslas","11":"product_shipping_class-tunga-paket","12":"pa_brands-7safetron","13":"tm-no-options","15":"first","16":"instock","17":"sale","18":"featured","19":"taxable","20":"shipping-taxable","21":"purchasable","22":"product-type-simple"},"acf":[],"_links":{"self":[{"href":"https:\/\/secureus.se\/fi\/wp-json\/wp\/v2\/product\/149402","targetHints":{"allow":["GET"]}}],"collection":[{"href":"https:\/\/secureus.se\/fi\/wp-json\/wp\/v2\/product"}],"about":[{"href":"https:\/\/secureus.se\/fi\/wp-json\/wp\/v2\/types\/product"}],"wp:featuredmedia":[{"embeddable":true,"href":"https:\/\/secureus.se\/fi\/wp-json\/wp\/v2\/media\/142119"}],"wp:attachment":[{"href":"https:\/\/secureus.se\/fi\/wp-json\/wp\/v2\/media?parent=149402"}],"wp:term":[{"taxonomy":"product_brand","embeddable":true,"href":"https:\/\/secureus.se\/fi\/wp-json\/wp\/v2\/product_brand?post=149402"},{"taxonomy":"product_cat","embeddable":true,"href":"https:\/\/secureus.se\/fi\/wp-json\/wp\/v2\/product_cat?post=149402"},{"taxonomy":"product_tag","embeddable":true,"href":"https:\/\/secureus.se\/fi\/wp-json\/wp\/v2\/product_tag?post=149402"}],"curies":[{"name":"wp","href":"https:\/\/api.w.org\/{rel}","templated":true}]}}