{"id":149414,"date":"2022-07-04T10:07:01","date_gmt":"2022-07-04T08:07:01","guid":{"rendered":"https:\/\/secureus.se\/slutbleck-106-6\/"},"modified":"2025-12-31T20:20:30","modified_gmt":"2025-12-31T19:20:30","slug":"slutbleck-106-6","status":"publish","type":"product","link":"https:\/\/secureus.se\/fi\/slutbleck-106-6\/","title":{"rendered":"P\u00e4\u00e4tylevy 106-6"},"content":{"rendered":"<h1>P\u00e4\u00e4tylevy 106-6<\/h1>\n<p class=\"\" data-start=\"261\" data-end=\"808\">Takalevy 106-6 on suunniteltu k\u00e4ytett\u00e4v\u00e4ksi SAPA-profiilij\u00e4rjestelm\u00e4ss\u00e4 2086 ja se on yhteensopiva 5000- ja 6000-sarjojen moottorilukkojen sek\u00e4 SAFETRON-s\u00e4hk\u00f6k\u00e4ytt\u00f6isten painikelukkojen kanssa.<\/p>\n<p class=\"\" data-start=\"261\" data-end=\"808\">Siin\u00e4 on s\u00e4\u00e4dett\u00e4v\u00e4 silta, mik\u00e4 tarkoittaa, ett\u00e4 sek\u00e4 ASSA-liitin ett\u00e4 klassiset m\u00e4nn\u00e4n sijoitukset sopivat t\u00e4h\u00e4n iskulevyyn.<\/p>\n<p class=\"\" data-start=\"261\" data-end=\"808\">Mukana s\u00e4\u00e4dett\u00e4v\u00e4 magneetti ja se on valmistettu ruostumattomasta ter\u00e4ksest\u00e4 kest\u00e4vyyden ja pitk\u00e4n k\u00e4ytt\u00f6i\u00e4n takaamiseksi.<\/p>\n<p class=\"\" data-start=\"261\" data-end=\"808\">Leveys 58 mm, pituus 200 mm ja syvyys 27 mm sopivat t\u00e4ydellisesti useisiin oviratkaisuihin, joissa sek\u00e4 turvallisuus ett\u00e4 toiminta ovat t\u00e4rkeit\u00e4.<\/p>\n<p class=\"\" data-start=\"810\" data-end=\"827\"><strong data-start=\"810\" data-end=\"824\">Ominaisuudet<\/strong>:<\/p>\n<ul data-start=\"828\" data-end=\"1099\">\n<li class=\"\" data-start=\"828\" data-end=\"867\">\n<p class=\"\" data-start=\"830\" data-end=\"867\">Mukautettu SAPA-profiilij\u00e4rjestelm\u00e4\u00e4n 2086<\/p>\n<\/li>\n<li class=\"\" data-start=\"868\" data-end=\"946\">\n<p class=\"\" data-start=\"870\" data-end=\"946\">Yhteensopiva 5000- ja 6000-sarjan moottorilukkojen sek\u00e4 SAFETRON-s\u00e4hk\u00f6k\u00e4ytt\u00f6isten painikelukkojen kanssa<\/p>\n<\/li>\n<li class=\"\" data-start=\"947\" data-end=\"1012\">\n<p class=\"\" data-start=\"949\" data-end=\"1012\">S\u00e4\u00e4dett\u00e4v\u00e4 silta ASSA-liit\u00e4nn\u00e4lle ja klassisille m\u00e4ntien sijoitteluille<\/p>\n<\/li>\n<li class=\"\" data-start=\"1013\" data-end=\"1047\">\n<p class=\"\" data-start=\"1015\" data-end=\"1047\">Mukana s\u00e4\u00e4dett\u00e4v\u00e4 magneetti<\/p>\n<\/li>\n<li class=\"\" data-start=\"1048\" data-end=\"1099\">\n<p class=\"\" data-start=\"1050\" data-end=\"1099\">Valmistettu ruostumattomasta ter\u00e4ksest\u00e4 pitk\u00e4n k\u00e4ytt\u00f6i\u00e4n takaamiseksi<\/p>\n<\/li>\n<\/ul>\n<p class=\"\" data-start=\"1101\" data-end=\"1120\"><strong data-start=\"1101\" data-end=\"1117\">Tekniset tiedot<\/strong>:<\/p>\n<ul data-start=\"1121\" data-end=\"1339\">\n<li class=\"\" data-start=\"1121\" data-end=\"1141\">\n<p class=\"\" data-start=\"1123\" data-end=\"1141\"><strong data-start=\"1123\" data-end=\"1132\">Leveys<\/strong>: 58mm<\/p>\n<\/li>\n<li class=\"\" data-start=\"1142\" data-end=\"1163\">\n<p class=\"\" data-start=\"1144\" data-end=\"1163\"><strong data-start=\"1144\" data-end=\"1153\">Pituus<\/strong>: 200mm<\/p>\n<\/li>\n<li class=\"\" data-start=\"1164\" data-end=\"1183\">\n<p class=\"\" data-start=\"1166\" data-end=\"1183\"><strong data-start=\"1166\" data-end=\"1174\">Syvyys<\/strong>: 27mm<\/p>\n<\/li>\n<li class=\"\" data-start=\"1184\" data-end=\"1209\">\n<p class=\"\" data-start=\"1186\" data-end=\"1209\"><strong data-start=\"1186\" data-end=\"1198\">Kielen mitta<\/strong>: 27,5 mm<\/p>\n<\/li>\n<li class=\"\" data-start=\"1210\" data-end=\"1242\">\n<p class=\"\" data-start=\"1212\" data-end=\"1242\"><strong data-start=\"1212\" data-end=\"1224\">Materiaali<\/strong>: Ruostumaton ter\u00e4s<\/p>\n<\/li>\n<li class=\"\" data-start=\"1243\" data-end=\"1339\">\n<p class=\"\" data-start=\"1245\" data-end=\"1339\"><strong data-start=\"1245\" data-end=\"1263\">Yhteensopivuus<\/strong>: SAPA profiilij\u00e4rjestelm\u00e4 2086, moottorilukko 5000\/6000 sarja, SAFETRON s\u00e4hk\u00f6inen ty\u00f6nt\u00f6lukko<\/p>\n<\/li>\n<\/ul>","protected":false},"excerpt":{"rendered":"<p>P\u00e4\u00e4tylevy 106-6 SAPA-profiilij\u00e4rjestelm\u00e4lle 2086, s\u00e4\u00e4dett\u00e4v\u00e4ll\u00e4 siltalla ja magneetilla.<\/p>\n<p>Yhteensopiva 5000\/6000-sarjan moottorilukkojen ja SAFETRON-s\u00e4hk\u00f6k\u00e4ytt\u00f6isten painikelukkojen kanssa.<\/p>","protected":false},"featured_media":142384,"template":"","meta":{"_acf_changed":false},"product_brand":[],"product_cat":[3355],"product_tag":[4504,4866,4503],"class_list":{"0":"post-149414","1":"product","2":"type-product","3":"status-publish","4":"has-post-thumbnail","6":"product_cat-elslutbleck","7":"product_tag-ellas-tillbehor-slutbleck","8":"product_tag-safetron-20","9":"product_tag-safetron-tillbehor-motorlas-5000-serien","10":"product_shipping_class-tunga-paket","11":"pa_brands-7safetron","12":"tm-no-options","14":"first","15":"instock","16":"featured","17":"taxable","18":"shipping-taxable","19":"purchasable","20":"product-type-simple"},"acf":[],"_links":{"self":[{"href":"https:\/\/secureus.se\/fi\/wp-json\/wp\/v2\/product\/149414","targetHints":{"allow":["GET"]}}],"collection":[{"href":"https:\/\/secureus.se\/fi\/wp-json\/wp\/v2\/product"}],"about":[{"href":"https:\/\/secureus.se\/fi\/wp-json\/wp\/v2\/types\/product"}],"wp:featuredmedia":[{"embeddable":true,"href":"https:\/\/secureus.se\/fi\/wp-json\/wp\/v2\/media\/142384"}],"wp:attachment":[{"href":"https:\/\/secureus.se\/fi\/wp-json\/wp\/v2\/media?parent=149414"}],"wp:term":[{"taxonomy":"product_brand","embeddable":true,"href":"https:\/\/secureus.se\/fi\/wp-json\/wp\/v2\/product_brand?post=149414"},{"taxonomy":"product_cat","embeddable":true,"href":"https:\/\/secureus.se\/fi\/wp-json\/wp\/v2\/product_cat?post=149414"},{"taxonomy":"product_tag","embeddable":true,"href":"https:\/\/secureus.se\/fi\/wp-json\/wp\/v2\/product_tag?post=149414"}],"curies":[{"name":"wp","href":"https:\/\/api.w.org\/{rel}","templated":true}]}}