{"id":149425,"date":"2025-03-28T15:13:48","date_gmt":"2025-03-28T14:13:48","guid":{"rendered":"https:\/\/secureus.se\/?post_type=product&#038;p=149425"},"modified":"2026-03-25T15:31:35","modified_gmt":"2026-03-25T14:31:35","slug":"eltryckeslas-step-132-modern-multi","status":"publish","type":"product","link":"https:\/\/secureus.se\/fi\/eltryckeslas-step-132-modern-multi\/","title":{"rendered":"S\u00e4hk\u00f6inen ty\u00f6nt\u00f6lukko STEP 132 Modern Multi"},"content":{"rendered":"<p>\nSTEP 132 on s\u00e4hk\u00f6inen painelukko, jossa on ainutlaatuinen automaattinen m\u00e4nt\u00e4, joka tarjoaa kaksinkertaisen toiminnon. Se mahdollistaa lukon avaamisen sek\u00e4 s\u00e4hk\u00f6isesti paineella ett\u00e4 oviautomaatiolla.<\/p>\n<div>Tietenkin t\u00e4m\u00e4 s\u00e4hk\u00f6inen painelukko on varustettu my\u00f6s patentoidulla nauhapainetekniikallamme, joka varmistaa, ett\u00e4 lukko kest\u00e4\u00e4 eritt\u00e4in korkeaa nauhapainetta. N\u00e4iden ominaisuuksien ansiosta STEP 132 on ilmeinen valinta oviymp\u00e4rist\u00f6ihin, joissa on oviautomaatio-, palo- ja evakuointivaatimukset, joissa halutaan samanaikaisesti varmistaa korkea toimintavarmuus.\u00a0<\/div>\n<div>STEP 132:ssa on t\u00e4sm\u00e4lleen samat hienot ominaisuudet ja tekniikat kuin STEP 112:ssa. Kahden s\u00e4hk\u00f6isen painelukon erona on, ett\u00e4 STEP 132:ssa on automaattinen m\u00e4nt\u00e4, joka taittuu, kun ovi avataan s\u00e4hk\u00f6isesti. STEP 132 on siksi sovitettu oviymp\u00e4rist\u00f6ihin, joissa haluat parempaa k\u00e4ytett\u00e4vyytt\u00e4.<\/div>\n<div><\/div>\n<div><b>Automaattisen m\u00e4nn\u00e4n kaksoistoiminto<\/b><\/div>\n<div>Automaattinen m\u00e4nt\u00e4 antaa s\u00e4hk\u00f6iselle p\u00e4\u00e4tylevylle kaksinkertaisen toiminnon. Kun ovi avataan paineella, STEP 132 toimii aivan kuten tavallinen s\u00e4hk\u00f6inen painelukko, jossa on pudotusm\u00e4nt\u00e4.<\/div>\n<div>Kun ovi avataan s\u00e4hk\u00f6isesti, automaattinen m\u00e4nt\u00e4 voi taittua ja mahdollistaa siten avaamisen oviautomaatiolla. Heti oven avaamisen j\u00e4lkeen automaattim\u00e4nt\u00e4 ty\u00f6ntyy ulos, kiinnittyy asentoonsa ja toimii taas normaalina pudotusm\u00e4nt\u00e4n\u00e4. STEP 132 on ilman split-toimintoa, mik\u00e4 tarkoittaa, ett\u00e4 lukkoa ohjataan s\u00e4hk\u00f6isesti molemmilta puolilta.<\/div>\n<div><\/div>\n<div><b>Palonkesto ja korkea kulutuskest\u00e4vyys<\/b><\/div>\n<div>Koska automaattinen m\u00e4nt\u00e4 n\u00e4ytt\u00e4\u00e4 tavalliselta pudotusm\u00e4nn\u00e4lt\u00e4, se voi jakaa kulumiskest\u00e4vyyden koko pinnalle. Se varmistaa my\u00f6s palosuojan s\u00e4ilymisen, vaikka m\u00e4nn\u00e4n ja p\u00e4\u00e4tylevyn v\u00e4liss\u00e4 olisi rako. T\u00e4m\u00e4 yhdess\u00e4 STEP Strip -painetekniikan kanssa tarkoittaa, ett\u00e4 STEP 132 kest\u00e4\u00e4 korkeaa nauhapainetta ja varmistaa korkean toimintavarmuuden.<\/div>\n<div><b>Ominaisuudet:<\/b><\/p>\n<ul>\n<li>Nykyaikainen m\u00e4nn\u00e4n sijoitus.<\/li>\n<li>Ainutlaatuinen automaattinen m\u00e4nt\u00e4<\/li>\n<li>Mikrokytkin yksinapainen vuorotteleva, max. 30 V DC, 1 A<\/li>\n<li>Monij\u00e4nnite<\/li>\n<li>Ilman split-toimintoa<\/li>\n<li>K\u00e4\u00e4nnett\u00e4v\u00e4 sopivaksi oikeaan ja vasempaan oveen<\/li>\n<li>Vaihdettavissa eteenp\u00e4in\/taakse-toiminto.<\/li>\n<li>Hyv\u00e4ksytty h\u00e4t\u00e4evakuointi STEP Exit -h\u00e4t\u00e4evakuointitarvikkeilla. Sertifioitu standardin SS-EN 179:2008 mukaisesti.<\/li>\n<li>STEP List -tulostustekniikalla<\/li>\n<li>Sis\u00e4\u00e4nrakennettu patentoitu DirectDrive\u00ae-toiminto tarjoaa suoran paineen hallinnan<\/li>\n<li>Sis\u00e4\u00e4nrakennetut mikrokytkimet osoittavat suljetun ja lukitun asennon sek\u00e4 paineen aktivoinnin<\/li>\n<li>Sis\u00e4\u00e4nrakennettu suojadiodi.<\/li>\n<li>Sis\u00e4\u00e4nrakennettu uudelleenasennustoiminto<\/li>\n<li>Mukautettu py\u00f6reisiin ja soikeisiin skandinaavisiin sylintereihin<\/li>\n<li>Karan syvyys 50 mm<\/li>\n<li>Paluupaineet ovat suositeltavia<\/li>\n<li>Halogeeniton kaapeli<\/li>\n<li>Patentti vireill\u00e4<\/li>\n<\/ul>\n<\/div>\n<div><b>Teht\u00e4v\u00e4:<\/b><\/p>\n<ul>\n<li>Automaattinen m\u00e4nt\u00e4 lukittuu\/avautuu s\u00e4hk\u00f6isesti p\u00e4\u00e4syj\u00e4rjestelm\u00e4n, koodilukon, painikkeen tai vastaavan avoimen signaalin kautta.<\/li>\n<li>Automaattinen m\u00e4nt\u00e4 vedet\u00e4\u00e4n sis\u00e4\u00e4n mekaanisesti sylinterisoittimen kautta avaimella ulkopuolelta tai avaimella\/nupilla sis\u00e4lt\u00e4.<\/li>\n<li>Sis\u00e4- ja ulkopuolinen paine aktivoituu s\u00e4hk\u00f6isesti p\u00e4\u00e4st\u00f6j\u00e4rjestelm\u00e4n, koodilukon tai vastaavan kautta ja vet\u00e4\u00e4 automaattisen m\u00e4nn\u00e4n sis\u00e4\u00e4n.<\/li>\n<\/ul>\n<\/div>","protected":false},"excerpt":{"rendered":"<p>STEP 132 on s\u00e4hk\u00f6inen ty\u00f6nt\u00f6lukko, jossa on ainutlaatuinen automaattinen m\u00e4nt\u00e4, joka tarjoaa kaksitoimintoa. T\u00e4m\u00e4 mahdollistaa lukon avaamisen sek\u00e4 s\u00e4hk\u00f6isesti painikkeella ett\u00e4 automaattisesti. Tietysti my\u00f6s t\u00e4m\u00e4<\/p>","protected":false},"featured_media":149424,"template":"","meta":{"_acf_changed":false},"product_brand":[],"product_cat":[2429],"product_tag":[],"class_list":{"0":"post-149425","1":"product","2":"type-product","3":"status-publish","4":"has-post-thumbnail","6":"product_cat-ellas","7":"pa_brands-step","8":"tm-no-options","10":"first","11":"instock","12":"sale","13":"taxable","14":"shipping-taxable","15":"purchasable","16":"product-type-simple"},"acf":[],"_links":{"self":[{"href":"https:\/\/secureus.se\/fi\/wp-json\/wp\/v2\/product\/149425","targetHints":{"allow":["GET"]}}],"collection":[{"href":"https:\/\/secureus.se\/fi\/wp-json\/wp\/v2\/product"}],"about":[{"href":"https:\/\/secureus.se\/fi\/wp-json\/wp\/v2\/types\/product"}],"wp:featuredmedia":[{"embeddable":true,"href":"https:\/\/secureus.se\/fi\/wp-json\/wp\/v2\/media\/149424"}],"wp:attachment":[{"href":"https:\/\/secureus.se\/fi\/wp-json\/wp\/v2\/media?parent=149425"}],"wp:term":[{"taxonomy":"product_brand","embeddable":true,"href":"https:\/\/secureus.se\/fi\/wp-json\/wp\/v2\/product_brand?post=149425"},{"taxonomy":"product_cat","embeddable":true,"href":"https:\/\/secureus.se\/fi\/wp-json\/wp\/v2\/product_cat?post=149425"},{"taxonomy":"product_tag","embeddable":true,"href":"https:\/\/secureus.se\/fi\/wp-json\/wp\/v2\/product_tag?post=149425"}],"curies":[{"name":"wp","href":"https:\/\/api.w.org\/{rel}","templated":true}]}}