{"id":149429,"date":"2025-03-28T15:13:50","date_gmt":"2025-03-28T14:13:50","guid":{"rendered":"https:\/\/secureus.se\/?post_type=product&#038;p=149429"},"modified":"2026-04-23T11:24:20","modified_gmt":"2026-04-23T09:24:20","slug":"eltryckeslas-step-122-klassisk-sats-12-24v","status":"publish","type":"product","link":"https:\/\/secureus.se\/fi\/eltryckeslas-step-122-klassisk-sats-12-24v\/","title":{"rendered":"S\u00e4hk\u00f6inen ty\u00f6nt\u00f6lukko STEP 122 Classic Kit 12-24V"},"content":{"rendered":"<h1>S\u00e4hk\u00f6inen ty\u00f6nt\u00f6lukko STEP 122 Classic Kit 12-24V<\/h1>\n<div>STEP 122 on kest\u00e4v\u00e4 ruostumattomasta ter\u00e4ksest\u00e4 valmistettu s\u00e4hk\u00f6inen ty\u00f6nt\u00f6lukko, jossa on klassinen m\u00e4nn\u00e4n sijoitus ja useita joustavia ominaisuuksia.<\/div>\n<div>Suunnittelu on kehitetty STEPin tunnustettujen korkeiden laatuvaatimusten mukaisesti, mik\u00e4 takaa tehokkaan suorituskyvyn ja korkean k\u00e4ytt\u00f6varmuuden.<\/div>\n<div>Lukkoa voidaan k\u00e4ytt\u00e4\u00e4 oviymp\u00e4rist\u00f6iss\u00e4, joissa on sek\u00e4 palo- ett\u00e4 evakuointivaatimuksia, ja se on sovitettu k\u00e4ytett\u00e4v\u00e4ksi yhdess\u00e4 s\u00e4hk\u00f6isten iskulevyjen kanssa.<\/div>\n<div>CE-merkint\u00e4 standardin SS-EN 14846:2008 mukaisesti paloluokassa E\/EI120.<\/p>\n<p><b>Sarjapaketti sis\u00e4lt\u00e4\u00e4:<\/b><br \/>\nS\u00e4hk\u00f6inen ty\u00f6nt\u00f6lukko Step 122 24V, liit\u00e4nt\u00e4kaapeli (10 m) ja rungon siirto.<\/div>\n<div><\/div>\n<div><b>Ominaisuudet:<\/b><\/div>\n<div>\n<ul>\n<li>Klassinen m\u00e4nn\u00e4n sijoitus.<\/li>\n<li>Sertifioitu palonkest\u00e4vyysluokkaan E\/EI 120 asti.<\/li>\n<li>Mikrokytkin yksinapainen vuorotteleva, max. 30 V DC, 1 A.<\/li>\n<li>Sis\u00e4\u00e4nrakennetut mikrokytkimet osoittavat suljetun ja lukitun asennon sek\u00e4 paineen aktivoinnin.<\/li>\n<li>Sis\u00e4\u00e4nrakennettu suojadiodi.<\/li>\n<li>K\u00e4\u00e4nnett\u00e4v\u00e4 sopivaksi oikeaan ja vasempaan oveen.<\/li>\n<li>Vaihdettavissa eteenp\u00e4in\/taakse-toiminto.<\/li>\n<li>S\u00e4hk\u00f6isesti\/mekaanisesti ohjattava puoli.<\/li>\n<li>Mukautettu py\u00f6reisiin ja soikeisiin skandinaavisiin sylintereihin.<\/li>\n<li>Karan syvyys 50 mm.<\/li>\n<li>Paluupaineet ovat suositeltavia.<\/li>\n<\/ul>\n<\/div>\n<div><\/div>\n<div><b>Tekniset tiedot:<\/b><\/div>\n<div>\n<ul>\n<li>K\u00e4ytt\u00f6j\u00e4nnite: 24 V DC + 15 % \u2013 10 %.<\/li>\n<li>Virrankulutus: Max 60 mA.<\/li>\n<li>Kest\u00e4vyys: Luokka X standardin SS-EN 14846 mukaan.<\/li>\n<\/ul>\n<\/div>","protected":false},"excerpt":{"rendered":"<p>Eltryckesl\u00e5s STEP 122 Klassisk Sats 12-24V STEP 122 \u00e4r ett slitstarkt eltryckesl\u00e5s i rostfritt st\u00e5l med klassisk kolvplacering och flera flexibla egenskaper. Konstruktionen \u00e4r framtagen med STEPs erk\u00e4nt h\u00f6ga kvalitetskrav<\/p>","protected":false},"featured_media":149428,"template":"","meta":{"_acf_changed":false},"product_brand":[],"product_cat":[2429],"product_tag":[2290],"class_list":{"0":"post-149429","1":"product","2":"type-product","3":"status-publish","4":"has-post-thumbnail","6":"product_cat-ellas","7":"product_tag-ellas-komplett-sats-kpl","8":"pa_brands-step","9":"tm-no-options","11":"first","12":"onbackorder","13":"sale","14":"taxable","15":"shipping-taxable","16":"purchasable","17":"product-type-simple"},"acf":[],"_links":{"self":[{"href":"https:\/\/secureus.se\/fi\/wp-json\/wp\/v2\/product\/149429","targetHints":{"allow":["GET"]}}],"collection":[{"href":"https:\/\/secureus.se\/fi\/wp-json\/wp\/v2\/product"}],"about":[{"href":"https:\/\/secureus.se\/fi\/wp-json\/wp\/v2\/types\/product"}],"wp:featuredmedia":[{"embeddable":true,"href":"https:\/\/secureus.se\/fi\/wp-json\/wp\/v2\/media\/149428"}],"wp:attachment":[{"href":"https:\/\/secureus.se\/fi\/wp-json\/wp\/v2\/media?parent=149429"}],"wp:term":[{"taxonomy":"product_brand","embeddable":true,"href":"https:\/\/secureus.se\/fi\/wp-json\/wp\/v2\/product_brand?post=149429"},{"taxonomy":"product_cat","embeddable":true,"href":"https:\/\/secureus.se\/fi\/wp-json\/wp\/v2\/product_cat?post=149429"},{"taxonomy":"product_tag","embeddable":true,"href":"https:\/\/secureus.se\/fi\/wp-json\/wp\/v2\/product_tag?post=149429"}],"curies":[{"name":"wp","href":"https:\/\/api.w.org\/{rel}","templated":true}]}}