{"id":149442,"date":"2025-03-28T15:13:50","date_gmt":"2025-03-28T14:13:50","guid":{"rendered":"https:\/\/secureus.se\/?post_type=product&#038;p=149442"},"modified":"2026-03-25T15:30:31","modified_gmt":"2026-03-25T14:30:31","slug":"eltryckeslas-step-120-klassisk-split-sats-12-24v","status":"publish","type":"product","link":"https:\/\/secureus.se\/fi\/eltryckeslas-step-120-klassisk-split-sats-12-24v\/","title":{"rendered":"S\u00e4hk\u00f6inen ty\u00f6nt\u00f6lukko STEP 120 Classic Split Set 12-24V"},"content":{"rendered":"<div>\n<div><\/div>\n<h1>S\u00e4hk\u00f6inen ty\u00f6nt\u00f6lukko STEP 120 Classic Split Set 12-24V<\/h1>\n<div>STEP 120 on kest\u00e4v\u00e4 s\u00e4hk\u00f6inen ty\u00f6nt\u00f6lukko split-toiminnolla. Valmistettu ruostumattomasta ter\u00e4ksest\u00e4 klassisella m\u00e4nn\u00e4n sijoittelulla ja useilla joustavilla ominaisuuksilla.<\/div>\n<div>Suunnittelu on kehitetty STEPin tunnustettujen korkeiden laatuvaatimusten mukaisesti, mik\u00e4 takaa tehokkaan suorituskyvyn ja korkean k\u00e4ytt\u00f6varmuuden.<\/div>\n<div>Lukkoa voidaan k\u00e4ytt\u00e4\u00e4 oviymp\u00e4rist\u00f6iss\u00e4, joissa on sek\u00e4 palo- ett\u00e4 evakuointivaatimuksia, ja se on sovitettu k\u00e4ytett\u00e4v\u00e4ksi yhdess\u00e4 s\u00e4hk\u00f6isten iskulevyjen kanssa.<\/div>\n<div>CE-merkitty standardin SS-EN 14846:2008 mukaisesti paloluokassa E\/EI120 ja sertifioitu standardin SS-EN 179:2008 mukaisesti yhdess\u00e4 STEP Exit -h\u00e4t\u00e4evakuointiliittimien ST17901, ST17902, ST17903 ja ST17904 kanssa.<\/div>\n<\/div>\n<div>\n<b>Sarjapaketti sis\u00e4lt\u00e4\u00e4:<\/b><br \/>\nS\u00e4hk\u00f6inen painelukko Step 120 24V, liit\u00e4nt\u00e4kaapeli (10 m) ja rungon siirto.<\/div>\n<div><b><br \/>\nOminaisuudet:<\/b><\/div>\n<div>\n<div>\n<ul>\n<li>Klassinen m\u00e4nn\u00e4n sijoitus.<\/li>\n<li>Split-toiminto<\/li>\n<li>Sertifioitu standardin SS-EN 179:2008 mukaisesti yhdess\u00e4 STEP Exit -h\u00e4t\u00e4poistumisvarusteiden kanssa.<\/li>\n<li>Sertifioitu palonkest\u00e4vyysluokkaan E\/EI 120 asti.<\/li>\n<li>Mikrokytkin yksinapainen vuorotteleva, max. 30 V DC, 1 A.<\/li>\n<li>Sis\u00e4\u00e4nrakennetut mikrokytkimet osoittavat suljetun ja lukitun asennon sek\u00e4 paineen aktivoinnin.<\/li>\n<li>Sis\u00e4\u00e4nrakennettu suojadiodi.<\/li>\n<li>K\u00e4\u00e4nnett\u00e4v\u00e4 sopivaksi oikeaan ja vasempaan oveen.<\/li>\n<li>Vaihdettavissa eteenp\u00e4in\/taakse-toiminto.<\/li>\n<li>S\u00e4hk\u00f6isesti\/mekaanisesti ohjattava puoli.<\/li>\n<li>Mukautettu py\u00f6reisiin ja soikeisiin skandinaavisiin sylintereihin.<\/li>\n<li>Karan syvyys 50 mm.<\/li>\n<li>Paluupaineet ovat suositeltavia.<\/li>\n<\/ul>\n<\/div>\n<\/div>\n<div><b>\u00a0<\/b><\/div>\n<div><b>Tekniset tiedot:<\/b><\/div>\n<div>\n<ul>\n<li>K\u00e4ytt\u00f6j\u00e4nnite: 24 V DC + 15 % \u2013 10 %.<\/li>\n<li>Virrankulutus: Max 60 mA.<\/li>\n<li>Kest\u00e4vyys: Luokka X standardin SS-EN 14846 mukaan.<\/li>\n<\/ul>\n<\/div>\n<div><\/div>","protected":false},"excerpt":{"rendered":"<p>S\u00e4hk\u00f6inen ty\u00f6nt\u00f6lukko STEP 120 Classic Split Set 12-24V STEP 120 on kest\u00e4v\u00e4 s\u00e4hk\u00f6inen ty\u00f6nt\u00f6lukko split-toiminnolla. Valmistettu ruostumattomasta ter\u00e4ksest\u00e4 klassisella m\u00e4nn\u00e4n sijoittelulla ja useilla joustavilla ominaisuuksilla. Suunnittelu on kehitetty STEP:ill\u00e4<\/p>","protected":false},"featured_media":149441,"template":"","meta":{"_acf_changed":false},"product_brand":[],"product_cat":[2429],"product_tag":[],"class_list":{"0":"post-149442","1":"product","2":"type-product","3":"status-publish","4":"has-post-thumbnail","6":"product_cat-ellas","7":"pa_brands-step","8":"tm-no-options","10":"first","11":"instock","12":"sale","13":"taxable","14":"shipping-taxable","15":"purchasable","16":"product-type-simple"},"acf":[],"_links":{"self":[{"href":"https:\/\/secureus.se\/fi\/wp-json\/wp\/v2\/product\/149442","targetHints":{"allow":["GET"]}}],"collection":[{"href":"https:\/\/secureus.se\/fi\/wp-json\/wp\/v2\/product"}],"about":[{"href":"https:\/\/secureus.se\/fi\/wp-json\/wp\/v2\/types\/product"}],"wp:featuredmedia":[{"embeddable":true,"href":"https:\/\/secureus.se\/fi\/wp-json\/wp\/v2\/media\/149441"}],"wp:attachment":[{"href":"https:\/\/secureus.se\/fi\/wp-json\/wp\/v2\/media?parent=149442"}],"wp:term":[{"taxonomy":"product_brand","embeddable":true,"href":"https:\/\/secureus.se\/fi\/wp-json\/wp\/v2\/product_brand?post=149442"},{"taxonomy":"product_cat","embeddable":true,"href":"https:\/\/secureus.se\/fi\/wp-json\/wp\/v2\/product_cat?post=149442"},{"taxonomy":"product_tag","embeddable":true,"href":"https:\/\/secureus.se\/fi\/wp-json\/wp\/v2\/product_tag?post=149442"}],"curies":[{"name":"wp","href":"https:\/\/api.w.org\/{rel}","templated":true}]}}