{"id":149455,"date":"2025-03-28T15:13:51","date_gmt":"2025-03-28T14:13:51","guid":{"rendered":"https:\/\/secureus.se\/?post_type=product&#038;p=149455"},"modified":"2026-03-25T15:30:17","modified_gmt":"2026-03-25T14:30:17","slug":"eltryckeslas-step-130-modern-split-sats-multi","status":"publish","type":"product","link":"https:\/\/secureus.se\/fi\/eltryckeslas-step-130-modern-split-sats-multi\/","title":{"rendered":"S\u00e4hk\u00f6inen ty\u00f6nt\u00f6lukko STEP 130 Modern Split Set Multi"},"content":{"rendered":"<h1>STEP 130 on s\u00e4hk\u00f6inen ty\u00f6nt\u00f6lukko, jossa on ainutlaatuinen automaattinen m\u00e4nt\u00e4, joka tarjoaa kaksitoimintoa.<\/h1>\n<p>T\u00e4m\u00e4 mahdollistaa lukon avaamisen sek\u00e4 s\u00e4hk\u00f6isesti painikkeella ett\u00e4 automaattisella oven avaamisella.<\/p>\n<div>Tietenkin t\u00e4m\u00e4 s\u00e4hk\u00f6inen ty\u00f6nt\u00f6lukko on varustettu my\u00f6s patentoidulla nauhapainetekniikallamme, joka varmistaa, ett\u00e4 lukko kest\u00e4\u00e4 eritt\u00e4in korkeaa nauhapainetta.<\/div>\n<div>N\u00e4iden ominaisuuksien ansiosta STEP 130 on ilmeinen valinta oviymp\u00e4rist\u00f6ihin, joissa on automaattinen ovij\u00e4rjestelm\u00e4, palo- ja evakuointivaatimukset, joissa halutaan my\u00f6s varmistaa korkea toimintavarmuus.<\/div>\n<div>STEP 130:ssa on t\u00e4sm\u00e4lleen samat upeat ominaisuudet ja tekniikat kuin STEP 110:ss\u00e4.<\/div>\n<div>Kahden s\u00e4hk\u00f6isen ty\u00f6nt\u00f6lukon erona on, ett\u00e4 STEP 130:ssa on automaattinen m\u00e4nt\u00e4, joka taittuu, kun ovi avataan s\u00e4hk\u00f6isesti.<\/div>\n<div>STEP 130 on siksi sovitettu oviymp\u00e4rist\u00f6ihin, joissa halutaan parantaa esteett\u00f6myytt\u00e4 ja\/tai mukauttaa vammaisuuteen.<\/div>\n<div><\/div>\n<div><b>Automaattisen m\u00e4nn\u00e4n kaksoistoiminto<\/b><\/div>\n<div>Automaattinen m\u00e4nt\u00e4 antaa s\u00e4hk\u00f6iselle p\u00e4\u00e4tylevylle kaksinkertaisen toiminnon.<\/div>\n<div>Kun ovi avataan paineella, STEP 130 toimii aivan kuten tavallinen s\u00e4hk\u00f6inen painelukko, jossa on pudotusm\u00e4nt\u00e4.<\/div>\n<div>Kun ovi avataan s\u00e4hk\u00f6isesti, automaattinen m\u00e4nt\u00e4 voi taittua, mik\u00e4 mahdollistaa avaamisen automaattisella oven toiminnalla.<\/div>\n<div>Heti oven avaamisen j\u00e4lkeen automaattinen m\u00e4nt\u00e4 ty\u00f6ntyy ulos, lukittuu paikalleen ja toimii taas tavallisena pudotusm\u00e4nt\u00e4n\u00e4.<\/div>\n<div><\/div>\n<div><b>Palonkesto ja korkea kulutuskest\u00e4vyys<\/b><\/div>\n<div>Koska automaattinen m\u00e4nt\u00e4 n\u00e4ytt\u00e4\u00e4 tavalliselta pudotusm\u00e4nn\u00e4lt\u00e4, se voi jakaa kulumiskest\u00e4vyyden koko pinnalle.<\/div>\n<div>Se varmistaa my\u00f6s, ett\u00e4 palontorjunta s\u00e4ilyy, vaikka m\u00e4nn\u00e4n ja vastalevyn v\u00e4liin muodostuisi rako.<\/div>\n<div>T\u00e4m\u00e4 yhdess\u00e4 STEP Strip Pressure Technologyn kanssa tarkoittaa, ett\u00e4 STEP 130 kest\u00e4\u00e4 suurta nauhapainetta ja varmistaa korkean toimintavarmuuden.<\/div>\n<div><\/div>\n<div><b>Split-toiminnolla<\/b><\/div>\n<div>STEP 130 on varustettu split-toiminnolla, mik\u00e4 tarkoittaa, ett\u00e4 voit antaa lukon mink\u00e4 tahansa puolen tapahtua mekaanisella ulosk\u00e4ynnill\u00e4.<\/div>\n<div>\n<p>Tilavuuden ja kest\u00e4vyyden takaa se, ett\u00e4 mekaanisesti ohjatulla puolella on kiinte\u00e4 kiinnitys, jossa jakotoiminto on varmistettu ruostumattomilla ja karkaistuilla yksityiskohdilla.<\/p>\n<p><b>Sarjapaketti sis\u00e4lt\u00e4\u00e4:<\/b><br \/>\nS\u00e4hk\u00f6inen ty\u00f6nt\u00f6lukko STEP 130, liit\u00e4nt\u00e4kaapeli (10 m) ja rungon siirto.<\/p>\n<p><b>Ominaisuudet:<\/b><\/p>\n<ul>\n<li>Nykyaikainen m\u00e4nn\u00e4n sijoitus.<\/li>\n<li>Ainutlaatuinen automaattinen m\u00e4nt\u00e4<\/li>\n<li>Mikrokytkin yksinapainen vuorotteleva, max. 30 V DC, 1 A<\/li>\n<li>Monij\u00e4nnite<\/li>\n<li>K\u00e4\u00e4nnett\u00e4v\u00e4 sopivaksi oikeaan ja vasempaan oveen<\/li>\n<li>Vaihdettavissa eteenp\u00e4in\/taakse-toiminto.<\/li>\n<li>Hyv\u00e4ksytty h\u00e4t\u00e4evakuointi STEP Exit -h\u00e4t\u00e4evakuointitarvikkeilla. Sertifioitu standardin SS-EN 179:2008 mukaisesti.<\/li>\n<li>Split-toiminnolla. S\u00e4hk\u00f6isesti\/mekaanisesti ohjattava puoli<\/li>\n<li>STEP List -tulostustekniikalla<\/li>\n<li>Sis\u00e4\u00e4nrakennettu patentoitu DirectDrive\u00ae-toiminto tarjoaa suoran paineen hallinnan<\/li>\n<li>Sis\u00e4\u00e4nrakennetut mikrokytkimet osoittavat suljetun ja lukitun asennon sek\u00e4 paineen aktivoinnin<\/li>\n<li>Sis\u00e4\u00e4nrakennettu suojadiodi.<\/li>\n<li>Sis\u00e4\u00e4nrakennettu uudelleenasennustoiminto<\/li>\n<li>Mukautettu py\u00f6reisiin ja soikeisiin skandinaavisiin sylintereihin<\/li>\n<li>Karan syvyys 50 mm<\/li>\n<li>Paluupaineet ovat suositeltavia<\/li>\n<li>Halogeeniton kaapeli<\/li>\n<li>Patentti vireill\u00e4<\/li>\n<\/ul>\n<\/div>\n<div>\n<p><b>Teht\u00e4v\u00e4:<\/b><\/p>\n<ul>\n<li>Automaattinen m\u00e4nt\u00e4 lukittuu\/avautuu s\u00e4hk\u00f6isesti p\u00e4\u00e4syj\u00e4rjestelm\u00e4n, koodilukon, painikkeen tai vastaavan avoimen signaalin kautta.<\/li>\n<li>Automaattinen m\u00e4nt\u00e4 vedet\u00e4\u00e4n sis\u00e4\u00e4n mekaanisesti sylinterisoittimen kautta avaimella ulkopuolelta tai avaimella\/nupilla sis\u00e4lt\u00e4.<\/li>\n<li>Ulkopuolinen paine aktivoituu s\u00e4hk\u00f6isesti p\u00e4\u00e4syj\u00e4rjestelm\u00e4n, koodilukon tai vastaavan kautta ja vet\u00e4\u00e4 automaattisen m\u00e4nn\u00e4n sis\u00e4\u00e4n.<\/li>\n<li>Sis\u00e4puolen paine on aina mekaanisesti aktiivinen ja vet\u00e4\u00e4 automaattisen m\u00e4nn\u00e4n sis\u00e4\u00e4n.<\/li>\n<\/ul>\n<\/div>","protected":false},"excerpt":{"rendered":"<p>STEP 130 on s\u00e4hk\u00f6inen ty\u00f6nt\u00f6lukko, jossa on ainutlaatuinen automaattinen m\u00e4nt\u00e4, joka tarjoaa kaksitoimintoa. T\u00e4m\u00e4 mahdollistaa lukon avaamisen sek\u00e4 s\u00e4hk\u00f6isesti painikkeella ett\u00e4 automaattisesti. Tietysti my\u00f6s t\u00e4m\u00e4<\/p>","protected":false},"featured_media":149454,"template":"","meta":{"_acf_changed":false},"product_brand":[],"product_cat":[2429],"product_tag":[2290],"class_list":{"0":"post-149455","1":"product","2":"type-product","3":"status-publish","4":"has-post-thumbnail","6":"product_cat-ellas","7":"product_tag-ellas-komplett-sats-kpl","8":"pa_brands-step","9":"tm-no-options","11":"first","12":"instock","13":"sale","14":"taxable","15":"shipping-taxable","16":"purchasable","17":"product-type-simple"},"acf":[],"_links":{"self":[{"href":"https:\/\/secureus.se\/fi\/wp-json\/wp\/v2\/product\/149455","targetHints":{"allow":["GET"]}}],"collection":[{"href":"https:\/\/secureus.se\/fi\/wp-json\/wp\/v2\/product"}],"about":[{"href":"https:\/\/secureus.se\/fi\/wp-json\/wp\/v2\/types\/product"}],"wp:featuredmedia":[{"embeddable":true,"href":"https:\/\/secureus.se\/fi\/wp-json\/wp\/v2\/media\/149454"}],"wp:attachment":[{"href":"https:\/\/secureus.se\/fi\/wp-json\/wp\/v2\/media?parent=149455"}],"wp:term":[{"taxonomy":"product_brand","embeddable":true,"href":"https:\/\/secureus.se\/fi\/wp-json\/wp\/v2\/product_brand?post=149455"},{"taxonomy":"product_cat","embeddable":true,"href":"https:\/\/secureus.se\/fi\/wp-json\/wp\/v2\/product_cat?post=149455"},{"taxonomy":"product_tag","embeddable":true,"href":"https:\/\/secureus.se\/fi\/wp-json\/wp\/v2\/product_tag?post=149455"}],"curies":[{"name":"wp","href":"https:\/\/api.w.org\/{rel}","templated":true}]}}