{"id":149465,"date":"2025-03-28T15:13:50","date_gmt":"2025-03-28T14:13:50","guid":{"rendered":"https:\/\/secureus.se\/?post_type=product&#038;p=149465"},"modified":"2026-03-25T15:30:25","modified_gmt":"2026-03-25T14:30:25","slug":"eltryckeslas-step-110-modern-split-12-24v","status":"publish","type":"product","link":"https:\/\/secureus.se\/fi\/eltryckeslas-step-110-modern-split-12-24v\/","title":{"rendered":"S\u00e4hk\u00f6inen painelukko STEP 110 Modern Split 12-24V"},"content":{"rendered":"<h1>S\u00e4hk\u00f6inen painelukko STEP 110 Modern Split 12-24V<\/h1>\n<div>STEP 110 on kest\u00e4v\u00e4 s\u00e4hk\u00f6inen ty\u00f6nt\u00f6lukko split-toiminnolla. Patentissa haettu suorak\u00e4ytt\u00f6, ns. Direct Drive TM.<\/div>\n<div>T\u00e4m\u00e4 tuottaa eritt\u00e4in pehme\u00e4n ja herk\u00e4n kokemuksen tulostetta k\u00e4ytett\u00e4ess\u00e4.<\/div>\n<div>Tyylikk\u00e4\u00e4ss\u00e4 lukossa on moderni m\u00e4nn\u00e4n sijoitus, jossa sylinterin salpa on sijoitettu lukkokotelon keskelle.<\/div>\n<div>Suunnittelu on kehitetty STEPin tunnustettujen korkeiden laatuvaatimusten mukaisesti, mik\u00e4 takaa tehokkaan suorituskyvyn ja korkean k\u00e4ytt\u00f6varmuuden.<\/div>\n<div>Se soveltuu eritt\u00e4in hyvin k\u00e4ytett\u00e4v\u00e4ksi s\u00e4hk\u00f6levyjen kanssa.<\/div>\n<div>CE-merkitty standardin SS-EN 14846:2008 mukaisesti paloluokassa E\/EI120 ja sertifioitu standardin SS-EN 179:2008 mukaisesti yhdess\u00e4 STEP Exit -h\u00e4t\u00e4evakuointiliittimien ST17901, ST17902, ST17903 ja ST17904 kanssa.<\/div>\n<div><\/div>\n<div><b>Ominaisuudet:\u00a0<\/b><\/div>\n<div>\n<ul>\n<li>Nykyaikainen m\u00e4nn\u00e4n sijoitus vastaa Assas connectia<\/li>\n<li>Split-toiminto<\/li>\n<li>Testattu ja sertifioitu palonkest\u00e4vyysluokkaan FE\/EI 120 asti.<\/li>\n<li>Mikrokytkin yksinapainen vuorotteleva, max. 30 V DC, 1 A.<\/li>\n<li>Sis\u00e4\u00e4nrakennettu patentoitu Direct DriveTM \u2013 toiminto, joka ohjaa painetta suoraan.<\/li>\n<li>Sis\u00e4\u00e4nrakennetut mikrokytkimet osoittavat suljetun ja lukitun asennon sek\u00e4 painikkeen k\u00e4yt\u00f6n.<\/li>\n<li>Suojadiodi on sis\u00e4\u00e4nrakennettu.<\/li>\n<li>K\u00e4\u00e4nnett\u00e4v\u00e4 sopivaksi oikeaan ja vasempaan oveen.<\/li>\n<li>Vaihdettavissa eteenp\u00e4in\/taakse-toiminto.<\/li>\n<li>S\u00e4hk\u00f6isesti\/mekaanisesti ohjattava puoli.<\/li>\n<li>Mukautettu py\u00f6reisiin ja soikeisiin skandinaavisiin sylintereihin.<\/li>\n<li>Karan syvyys 50 mm.<\/li>\n<li>Voidaan k\u00e4ytt\u00e4\u00e4 sek\u00e4 jousikuormitettuja ett\u00e4 ei-jousikuormitettuja puristimia.<\/li>\n<li>Halogeeniton kaapeli.<\/li>\n<\/ul>\n<\/div>\n<div><\/div>\n<div><b>Tekniset tiedot:<\/b><\/div>\n<div>\n<ul>\n<li>K\u00e4ytt\u00f6j\u00e4nnite: 24 V DC + 15 % \u2013 10 %.<\/li>\n<li>Virrankulutus: Max 60 mA.<\/li>\n<li>Kest\u00e4vyys: Luokka X standardin SS-EN 14846 mukaan.<\/li>\n<\/ul>\n<div><\/div>\n<\/div>","protected":false},"excerpt":{"rendered":"<p>S\u00e4hk\u00f6inen ty\u00f6nt\u00f6lukko STEP 110 Modern Split 12-24V STEP 110 on kest\u00e4v\u00e4 s\u00e4hk\u00f6inen ty\u00f6nt\u00f6lukko split-toiminnolla. Patentissa haettu suorak\u00e4ytt\u00f6, ns. Direct Drive TM. T\u00e4m\u00e4 johtaa eritt\u00e4in pehme\u00e4\u00e4n ja joustavaan kokemukseen<\/p>","protected":false},"featured_media":149460,"template":"","meta":{"_acf_changed":false},"product_brand":[],"product_cat":[2429],"product_tag":[],"class_list":{"0":"post-149465","1":"product","2":"type-product","3":"status-publish","4":"has-post-thumbnail","6":"product_cat-ellas","7":"pa_brands-step","8":"tm-no-options","10":"first","11":"instock","12":"sale","13":"taxable","14":"shipping-taxable","15":"purchasable","16":"product-type-simple"},"acf":[],"_links":{"self":[{"href":"https:\/\/secureus.se\/fi\/wp-json\/wp\/v2\/product\/149465","targetHints":{"allow":["GET"]}}],"collection":[{"href":"https:\/\/secureus.se\/fi\/wp-json\/wp\/v2\/product"}],"about":[{"href":"https:\/\/secureus.se\/fi\/wp-json\/wp\/v2\/types\/product"}],"wp:featuredmedia":[{"embeddable":true,"href":"https:\/\/secureus.se\/fi\/wp-json\/wp\/v2\/media\/149460"}],"wp:attachment":[{"href":"https:\/\/secureus.se\/fi\/wp-json\/wp\/v2\/media?parent=149465"}],"wp:term":[{"taxonomy":"product_brand","embeddable":true,"href":"https:\/\/secureus.se\/fi\/wp-json\/wp\/v2\/product_brand?post=149465"},{"taxonomy":"product_cat","embeddable":true,"href":"https:\/\/secureus.se\/fi\/wp-json\/wp\/v2\/product_cat?post=149465"},{"taxonomy":"product_tag","embeddable":true,"href":"https:\/\/secureus.se\/fi\/wp-json\/wp\/v2\/product_tag?post=149465"}],"curies":[{"name":"wp","href":"https:\/\/api.w.org\/{rel}","templated":true}]}}