{"id":149483,"date":"2025-03-28T15:27:37","date_gmt":"2025-03-28T14:27:37","guid":{"rendered":"https:\/\/secureus.se\/?post_type=product&#038;p=149483"},"modified":"2026-03-25T14:52:51","modified_gmt":"2026-03-25T13:52:51","slug":"ajax-doorbell-dorrklocka-med-kamera","status":"publish","type":"product","link":"https:\/\/secureus.se\/fi\/ajax-doorbell-dorrklocka-med-kamera\/","title":{"rendered":"Ajax-ovikello \u2013 Ovikello kameralla \u2013 Valkoinen"},"content":{"rendered":"<p data-start=\"959\" data-end=\"1251\"><strong data-start=\"959\" data-end=\"976\">Ajax-ovikello<\/strong> tarjoaa ammattimaista turvallisuutta heti oven edess\u00e4. Kun joku l\u00e4hestyy, PIR-anturi ja teko\u00e4lyll\u00e4 toimiva kamera aktivoituvat. Saat <strong data-start=\"1109\" data-end=\"1133\">v\u00e4lit\u00f6n push-ilmoitus<\/strong> Ajax-sovelluksessa voit katsoa reaaliaikaista videota JetSparrow-teknologian avulla muutamassa sekunnissa ja puhua reaaliajassa kristallinkirkkaan \u00e4\u00e4nen kera.<\/p>\n<p data-start=\"1253\" data-end=\"1562\">Jos Wi-Fi-yhteys katkeaa, DoorBell vaihtaa saumattomasti Ajax-keskittimeen. <strong data-start=\"1327\" data-end=\"1351\">Kultasep\u00e4n p\u00f6yt\u00e4kirja<\/strong> ja l\u00e4hett\u00e4\u00e4 tapahtumia tai valokuvia <strong data-start=\"1390\" data-end=\"1399\">Siivet<\/strong> \u2013 aivan kuten muutkin Ajax-ilmaisimet. Kiitos tuesta <strong data-start=\"1455\" data-end=\"1490\">Ajax Cloud NVR (julkaistaan pian)<\/strong> voit pian tallentaa ja toistaa tallenteita ilman lis\u00e4laitteita.<\/p>\n<hr data-start=\"1564\" data-end=\"1567\" \/>\n<h2 data-start=\"1569\" data-end=\"1597\"><strong data-start=\"1572\" data-end=\"1597\">Ominaisuudet ja edut<\/strong><\/h2>\n<div class=\"_tableContainer_16hzy_1\">\n<div class=\"_tableWrapper_16hzy_14 group flex w-fit flex-col-reverse\">\n<table class=\"w-fit min-w-(--thread-content-width)\" data-start=\"1599\" data-end=\"2487\">\n<thead data-start=\"1599\" data-end=\"1628\">\n<tr data-start=\"1599\" data-end=\"1628\">\n<th data-start=\"1599\" data-end=\"1614\" data-col-size=\"sm\"><strong data-start=\"1601\" data-end=\"1613\">Luokka<\/strong><\/th>\n<th data-start=\"1614\" data-end=\"1628\" data-col-size=\"md\"><strong data-start=\"1616\" data-end=\"1626\">Yksityiskohta<\/strong><\/th>\n<\/tr>\n<\/thead>\n<tbody data-start=\"1658\" data-end=\"2487\">\n<tr data-start=\"1658\" data-end=\"1737\">\n<td data-start=\"1658\" data-end=\"1671\" data-col-size=\"sm\"><strong data-start=\"1660\" data-end=\"1670\">Kamera<\/strong><\/td>\n<td data-col-size=\"md\" data-start=\"1671\" data-end=\"1737\">4MP, 2K (2560 \u00d7 1440), <strong data-start=\"1698\" data-end=\"1713\">H.264-koodekki<\/strong>, HDR, 155\u00b0 laajakulma<\/td>\n<\/tr>\n<tr data-start=\"1738\" data-end=\"1805\">\n<td data-start=\"1738\" data-end=\"1756\" data-col-size=\"sm\"><strong data-start=\"1740\" data-end=\"1755\">IR-y\u00f6tila<\/strong><\/td>\n<td data-start=\"1756\" data-end=\"1805\" data-col-size=\"md\">\u00c4lyk\u00e4s infrapuna jopa 6 m \u2013 automaattinen kirkkaus<\/td>\n<\/tr>\n<tr data-start=\"1806\" data-end=\"1884\">\n<td data-start=\"1806\" data-end=\"1822\" data-col-size=\"sm\"><strong data-start=\"1808\" data-end=\"1821\">AI-analyysi<\/strong><\/td>\n<td data-start=\"1822\" data-end=\"1884\" data-col-size=\"md\">Tunnistaa <strong data-start=\"1835\" data-end=\"1864\">ihmiset \/ el\u00e4imet \/ ajoneuvot<\/strong>, vy\u00f6hykkeet voidaan peitt\u00e4\u00e4<\/td>\n<\/tr>\n<tr data-start=\"1885\" data-end=\"1960\">\n<td data-start=\"1885\" data-end=\"1902\" data-col-size=\"sm\"><strong data-start=\"1887\" data-end=\"1901\">PIR anturi<\/strong><\/td>\n<td data-start=\"1902\" data-end=\"1960\" data-col-size=\"md\">Kantama \u2264 4 m, 120\u00b0 vaakasuora \/ 100\u00b0 pystysuora, 3 herkkyystasoa<\/td>\n<\/tr>\n<tr data-start=\"1961\" data-end=\"2026\">\n<td data-start=\"1961\" data-end=\"1972\" data-col-size=\"sm\"><strong data-start=\"1963\" data-end=\"1971\">\u00c4\u00e4ni<\/strong><\/td>\n<td data-start=\"1972\" data-end=\"2026\" data-col-size=\"md\">2-suuntainen, melun- ja kaiunvaimennus, 70 dB:n h\u00e4lytys 10 cm:n et\u00e4isyydell\u00e4<\/td>\n<\/tr>\n<tr data-start=\"2027\" data-end=\"2150\">\n<td data-start=\"2027\" data-end=\"2047\" data-col-size=\"sm\"><strong data-start=\"2029\" data-end=\"2046\">Viestint\u00e4<\/strong><\/td>\n<td data-start=\"2047\" data-end=\"2150\" data-col-size=\"md\">Wi-Fi 802.11 b\/g\/n 2,4 GHz (\u2264 2 Mbit\/s)<br \/>\nKultasep\u00e4n radio \u2264 1 700 m<br \/>\nSiivet kuvansiirtoa varten<\/td>\n<\/tr>\n<tr data-start=\"2151\" data-end=\"2231\">\n<td data-start=\"2151\" data-end=\"2166\" data-col-size=\"sm\"><strong data-start=\"2153\" data-end=\"2165\">Turvallisuus<\/strong><\/td>\n<td data-start=\"2166\" data-end=\"2231\" data-col-size=\"md\">mTLS-salaus, Secure Boot, peukalointipainike, taajuushyppely<\/td>\n<\/tr>\n<tr data-start=\"2232\" data-end=\"2313\">\n<td data-start=\"2232\" data-end=\"2244\" data-col-size=\"sm\"><strong data-start=\"2234\" data-end=\"2243\">Nykyinen<\/strong><\/td>\n<td data-start=\"2244\" data-end=\"2313\" data-col-size=\"md\">12\u201324 V tasavirta \/ 16\u201324 V vaihtovirta, <strong data-start=\"2271\" data-end=\"2281\">\u2264 10 W<\/strong>, Li-ion 600 mAh varavirta-akku<\/td>\n<\/tr>\n<tr data-start=\"2314\" data-end=\"2364\">\n<td data-start=\"2314\" data-end=\"2331\" data-col-size=\"sm\"><strong data-start=\"2316\" data-end=\"2330\">Toimintaymp\u00e4rist\u00f6<\/strong><\/td>\n<td data-start=\"2331\" data-end=\"2364\" data-col-size=\"md\">\u201325 \u2026 +60 \u00b0C, \u2264 90 \u00b0C suhteellinen kosteus, IP54<\/td>\n<\/tr>\n<tr data-start=\"2365\" data-end=\"2410\">\n<td data-start=\"2365\" data-end=\"2383\" data-col-size=\"sm\"><strong data-start=\"2367\" data-end=\"2382\">Mitat \/ Paino<\/strong><\/td>\n<td data-start=\"2383\" data-end=\"2410\" data-col-size=\"md\">145 \u00d7 47 \u00d7 34 mm, 163 g<\/td>\n<\/tr>\n<tr data-start=\"2411\" data-end=\"2487\">\n<td data-start=\"2411\" data-end=\"2427\" data-col-size=\"sm\"><strong data-start=\"2413\" data-end=\"2426\">Asennus<\/strong><\/td>\n<td data-start=\"2427\" data-end=\"2487\" data-col-size=\"md\">SmartBracket kiinnitysruuvilla, suositeltu korkeus 1,2\u20131,5 m<\/td>\n<\/tr>\n<\/tbody>\n<\/table>\n<div class=\"sticky end-(--thread-content-margin) h-0 self-end select-none\">\n<div class=\"absolute end-0 flex items-end\"><\/div>\n<\/div>\n<\/div>\n<\/div>\n<hr data-start=\"2489\" data-end=\"2492\" \/>\n<h2 data-start=\"585\" data-end=\"635\"><strong data-start=\"602\" data-end=\"635\">Helppo asennus ja k\u00e4ytt\u00f6\u00f6notto<\/strong><\/h2>\n<ul data-start=\"637\" data-end=\"940\">\n<li data-start=\"637\" data-end=\"717\">\n<p data-start=\"639\" data-end=\"717\"><strong data-start=\"639\" data-end=\"661\">Pariliitos QR-koodin kautta<\/strong> \u2013 skannaa Ajax-sovelluksessa muodostaaksesi suoran yhteyden keskittimeen.<\/p>\n<\/li>\n<li data-start=\"718\" data-end=\"794\">\n<p data-start=\"720\" data-end=\"794\"><strong data-start=\"720\" data-end=\"742\">T\u00e4ysi kaukos\u00e4\u00e4din<\/strong> \u2013 m\u00e4\u00e4rit\u00e4 vy\u00f6hykkeet, teko\u00e4lysuodattimet ja ilmoitukset sovelluksessa.<\/p>\n<\/li>\n<li data-start=\"795\" data-end=\"863\">\n<p data-start=\"797\" data-end=\"863\"><strong data-start=\"797\" data-end=\"819\">SmartBracket-paneeli<\/strong> \u2013 kiinnit\u00e4 ovikello avaamatta koteloa.<\/p>\n<\/li>\n<li data-start=\"864\" data-end=\"940\">\n<p data-start=\"866\" data-end=\"940\"><strong data-start=\"866\" data-end=\"884\">BellKitin ohitus<\/strong> \u2013 mahdollistaa DoorBellin yhdist\u00e4misen olemassa olevaan langalliseen ovikelloosi.<\/p>\n<\/li>\n<\/ul>\n<hr data-start=\"2912\" data-end=\"2915\" \/>\n<h2 data-start=\"126\" data-end=\"165\"><strong data-start=\"143\" data-end=\"165\">Pakkaus sis\u00e4lt\u00e4\u00e4<\/strong><\/h2>\n<div class=\"_tableContainer_16hzy_1\">\n<div class=\"_tableWrapper_16hzy_14 group flex w-fit flex-col-reverse\">\n<table class=\"w-fit min-w-(--thread-content-width)\" data-start=\"167\" data-end=\"470\">\n<thead data-start=\"167\" data-end=\"186\">\n<tr data-start=\"167\" data-end=\"186\">\n<th data-start=\"167\" data-end=\"171\" data-col-size=\"md\">#<\/th>\n<th data-start=\"171\" data-end=\"177\" data-col-size=\"sm\">Osa<\/th>\n<th data-start=\"177\" data-end=\"186\" data-col-size=\"sm\">M\u00e4\u00e4r\u00e4<\/th>\n<\/tr>\n<\/thead>\n<tbody data-start=\"207\" data-end=\"470\">\n<tr data-start=\"207\" data-end=\"235\">\n<td data-start=\"207\" data-end=\"230\" data-col-size=\"md\">\u2460 <strong data-start=\"211\" data-end=\"229\">Ovikellolaite<\/strong><\/td>\n<td data-start=\"230\" data-end=\"235\" data-col-size=\"sm\">1<\/td>\n<td data-col-size=\"sm\"><\/td>\n<\/tr>\n<tr data-start=\"236\" data-end=\"278\">\n<td data-start=\"236\" data-end=\"273\" data-col-size=\"md\">\u2461 <strong data-start=\"240\" data-end=\"256\">SmartBracket<\/strong> asennuspaneeli<\/td>\n<td data-start=\"273\" data-end=\"278\" data-col-size=\"sm\">1<\/td>\n<td data-col-size=\"sm\"><\/td>\n<\/tr>\n<tr data-start=\"279\" data-end=\"317\">\n<td data-start=\"279\" data-end=\"312\" data-col-size=\"md\">\u2462 <strong data-start=\"283\" data-end=\"300\">Kiilakiinnike<\/strong> (5\u00b0 + 15\u00b0)<\/td>\n<td data-start=\"312\" data-end=\"317\" data-col-size=\"sm\">2<\/td>\n<td data-col-size=\"sm\"><\/td>\n<\/tr>\n<tr data-start=\"318\" data-end=\"380\">\n<td data-start=\"318\" data-end=\"375\" data-col-size=\"md\">\u2463 <strong data-start=\"322\" data-end=\"340\">BellKitin ohitus<\/strong> (Yhdist\u00e4 olemassa olevaan soitto\u00e4\u00e4neen)<\/td>\n<td data-start=\"375\" data-end=\"380\" data-col-size=\"sm\">1<\/td>\n<td data-col-size=\"sm\"><\/td>\n<\/tr>\n<tr data-start=\"381\" data-end=\"427\">\n<td data-start=\"381\" data-end=\"422\" data-col-size=\"md\">\u2464 <strong data-start=\"385\" data-end=\"405\">Asennussarja<\/strong> (ruuvi ja tulppa)<\/td>\n<td data-start=\"422\" data-end=\"427\" data-col-size=\"sm\">1<\/td>\n<td data-col-size=\"sm\"><\/td>\n<\/tr>\n<tr data-start=\"428\" data-end=\"470\">\n<td data-start=\"428\" data-end=\"465\" data-col-size=\"md\">\u2465 <strong data-start=\"432\" data-end=\"453\">Pikaopas<\/strong><\/td>\n<td data-start=\"465\" data-end=\"470\" data-col-size=\"sm\">1<\/td>\n<td data-col-size=\"sm\"><\/td>\n<\/tr>\n<\/tbody>\n<\/table>\n<div class=\"sticky end-(--thread-content-margin) h-0 self-end select-none\">\n<div class=\"absolute end-0 flex items-end\"><em data-start=\"474\" data-end=\"578\"><br \/>\nErillist\u00e4 virtajohtoa ei sis\u00e4lly toimitukseen \u2013 laite liitet\u00e4\u00e4n olemassa olevaan 12\u201324 V tasavirta- tai 16\u201324 V vaihtovirtaverkkoon.<\/em><\/div>\n<\/div>\n<\/div>\n<\/div>\n<div class=\"_tableContainer_16hzy_1\"><\/div>\n<div class=\"_tableContainer_16hzy_1\"><\/div>","protected":false},"excerpt":{"rendered":"<p data-start=\"113\" data-end=\"195\">\ud83d\udcf8 <strong data-start=\"116\" data-end=\"154\">4 megapikselin kamera (2K), 155\u00b0 kuvakulma + HDR<\/strong> \u2013 selke\u00e4t yksityiskohdat jopa voimakkaassa vastavalossa<\/p>\n<p data-start=\"113\" data-end=\"195\">\ud83c\udf19 <strong data-start=\"201\" data-end=\"235\">\u00c4lyk\u00e4s infrapunay\u00f6tila jopa 6 m:n kantamalla<\/strong> \u2013 automaattinen valaistuksen s\u00e4\u00e4t\u00f6, ei ylivalottuneita kasvoja<\/p>\n<p data-start=\"299\" data-end=\"380\">\ud83e\udde0 <strong data-start=\"302\" data-end=\"326\">Teko\u00e4lytunnistus + PIR<\/strong> \u2013 erottaa ihmiset, el\u00e4imet ja ajoneuvot, v\u00e4hemm\u00e4n v\u00e4\u00e4ri\u00e4 h\u00e4lytyksi\u00e4<\/p>\n<p data-start=\"383\" data-end=\"444\">\ud83d\udd0a <strong data-start=\"386\" data-end=\"401\">Kaksisuuntainen \u00e4\u00e4ni<\/strong> \u2013 melun ja kaiun poisto selkeit\u00e4 keskusteluja varten<\/p>\n<p data-start=\"447\" data-end=\"533\">\ud83d\udce1 <strong data-start=\"450\" data-end=\"474\">Kaksoisviestint\u00e4<\/strong> \u2013 Wi-Fi 2,4 GHz <strong data-start=\"491\" data-end=\"520\">+ Kultasepp\u00e4radio (1,7 km)<\/strong> varmuuskopiona<\/p>\n<p data-start=\"536\" data-end=\"609\">\ud83c\udfa6 <strong data-start=\"539\" data-end=\"564\">JetSparrow\u2122-suoratoisto<\/strong> \u2013 viiveet\u00f6n live-video Ajax-sovelluksessa<\/p>\n<p data-start=\"612\" data-end=\"692\">\ud83d\udee1\ufe0f <strong data-start=\"616\" data-end=\"651\">mTLS-salaus ja peukalointih\u00e4lytys<\/strong> \u2013 korkein mahdollinen tietosuoja ja fyysinen turvallisuus<\/p>\n<p data-start=\"695\" data-end=\"777\">\ud83d\udd0b <strong data-start=\"698\" data-end=\"740\">Virtasovitin + 600 mAh vara-akku<\/strong> \u2013 jatkuu my\u00f6s s\u00e4hk\u00f6katkon aikana<\/p>\n<p data-start=\"780\" data-end=\"837\">\u2614 <strong data-start=\"782\" data-end=\"804\">IP54, \u201325 \u2026 +60 \u00b0C<\/strong> \u2013 rakennettu pohjoismaiseen ulkoilmastoon<\/p>\n<p data-start=\"840\" data-end=\"925\">\ud83d\ude80 <strong data-start=\"843\" data-end=\"879\">Valmiina tulevaan Ajax Cloud NVR -j\u00e4rjestelm\u00e4\u00e4n<\/strong> \u2013 tulevaisuudenkest\u00e4v\u00e4 tallennus ja et\u00e4toisto<\/p>","protected":false},"featured_media":155508,"template":"","meta":{"_acf_changed":false},"product_brand":[],"product_cat":[4011,3156,3157],"product_tag":[4863],"class_list":{"0":"post-149483","1":"product","2":"type-product","3":"status-publish","4":"has-post-thumbnail","6":"product_cat-ajax-kameror","7":"product_cat-rorelse-och-kamera","8":"product_cat-utomhussakerhet","9":"product_tag-pf","10":"pa_brands-ajax-systems","11":"pa_farg-vit","12":"tm-no-options","14":"first","15":"instock","16":"sale","17":"taxable","18":"shipping-taxable","19":"purchasable","20":"product-type-simple"},"acf":[],"_links":{"self":[{"href":"https:\/\/secureus.se\/fi\/wp-json\/wp\/v2\/product\/149483","targetHints":{"allow":["GET"]}}],"collection":[{"href":"https:\/\/secureus.se\/fi\/wp-json\/wp\/v2\/product"}],"about":[{"href":"https:\/\/secureus.se\/fi\/wp-json\/wp\/v2\/types\/product"}],"wp:featuredmedia":[{"embeddable":true,"href":"https:\/\/secureus.se\/fi\/wp-json\/wp\/v2\/media\/155508"}],"wp:attachment":[{"href":"https:\/\/secureus.se\/fi\/wp-json\/wp\/v2\/media?parent=149483"}],"wp:term":[{"taxonomy":"product_brand","embeddable":true,"href":"https:\/\/secureus.se\/fi\/wp-json\/wp\/v2\/product_brand?post=149483"},{"taxonomy":"product_cat","embeddable":true,"href":"https:\/\/secureus.se\/fi\/wp-json\/wp\/v2\/product_cat?post=149483"},{"taxonomy":"product_tag","embeddable":true,"href":"https:\/\/secureus.se\/fi\/wp-json\/wp\/v2\/product_tag?post=149483"}],"curies":[{"name":"wp","href":"https:\/\/api.w.org\/{rel}","templated":true}]}}