{"id":149552,"date":"2022-03-10T15:40:00","date_gmt":"2022-03-10T14:40:00","guid":{"rendered":"https:\/\/secureus.se\/abloy-motorlas-el595-50-22mm-2\/"},"modified":"2026-04-17T14:42:38","modified_gmt":"2026-04-17T12:42:38","slug":"abloy-motorlas-el595-50-22mm","status":"publish","type":"product","link":"https:\/\/secureus.se\/fi\/abloy-motorlas-el595-50-22mm\/","title":{"rendered":"Abloy moottorilukko EL595 50\/22mm"},"content":{"rendered":"<div>\n<h3>K\u00e4ytt\u00f6alue<\/h3>\n<p>ABLOY EL595 on moottorilukko pudotusm\u00e4nn\u00e4ll\u00e4. T\u00e4m\u00e4 tarkoittaa ainutlaatuista mahdollisuutta yhdist\u00e4\u00e4 esteett\u00f6myyden, paloturvallisuuden ja evakuoinnin vaatimukset. Tukevat poistohelat t\u00e4ytt\u00e4v\u00e4t standardin SS-EN 179 vaatimukset. T\u00e4ll\u00e4 lukkotyypill\u00e4 varustetut ovet avataan oviohjaimella tai vetokahvan\/painelevyn tai vaihtoehtoisesti paineen avulla. Lukkoja ohjataan signaaleilla mm. passij\u00e4rjestelm\u00e4.<\/p>\n<h3>Toiminto<\/h3>\n<p>Pudotusm\u00e4nt\u00e4 ohjataan avautumaan sis\u00e4\u00e4nrakennetulla moottorilla. Lukitus tapahtuu automaattisesti\/mekaanisesti s\u00e4hk\u00f6virrasta riippumatta, mik\u00e4 varmistaa k\u00e4yt\u00f6n palokennojen ovissa. EL595:ss\u00e4 on jousilukolla varustettu pudotusm\u00e4nt\u00e4, mik\u00e4 tarkoittaa, ett\u00e4 se lukittuu 20 mm:iin. Jos EL595:t\u00e4 k\u00e4ytet\u00e4\u00e4n palokennorajassa, pudotusm\u00e4nt\u00e4 on asetettava 14 mm:n asentoon. Lukko on s\u00e4\u00e4detty niin, ett\u00e4 poistoliitin on aina kiinni. T\u00e4m\u00e4 on standardin SS-EN 179 edellytys.<\/p>\n<h3>Mekaaniset ominaisuudet<\/h3>\n<p>EL595:n karan syvyys on 50 mm ja CC-mitta 105 mm. T\u00e4m\u00e4 on sama kuin moduuli- ja Connect-lukkosarja. Kuitenkin EL595 poikkeaa korkeusmittauksessa, katso piirustus.<\/p>\n<p>EL595:ss\u00e4 on s\u00e4\u00e4dett\u00e4v\u00e4 pudotusm\u00e4nt\u00e4, 14 mm tai 20 mm ulkonema. Palo-ovissa k\u00e4ytet\u00e4\u00e4n vain 14 mm:n asentoa.<\/p>\n<h3>S\u00e4hk\u00f6iset ominaisuudet<\/h3>\n<p>Lukossa on sis\u00e4\u00e4nrakennettu ohjain ja se vaatii jatkuvan virransy\u00f6t\u00f6n lukkokoteloon. Avattu aika on 1,7 sekuntia.<\/p>\n<h3>Tekniset tiedot EL595<\/h3>\n<ul>\n<li>J\u00e4nnite 12 (-10%) - 24 (+15%) V DC Stab<\/li>\n<li>Virta 12 V DC Max 1 700 mA K\u00e4ytt\u00f6 600 mA (50 N nauhapaineella) Lepo 50 mA 24 V DC Max 700 mA K\u00e4ytt\u00f6 250 mA (50 N nauhapaineella) Lepo 25 mA<\/li>\n<li>Merkkivalot Lukittu (lukittu) Avattu (avattava) Paineen liike Nupin tai sylinterin liike (lis\u00e4varuste, katso alla)<\/li>\n<li>Mikrokytkin Max 30 V AC\/DC 100 mA resistiivinen kuorma, 3<\/li>\n<li>Ymp\u00e4rist\u00f6vaatimukset -20 - + 60 \u02da C 20-90% suhteellinen kosteus, ei tiivistyv\u00e4<\/li>\n<li>Liit\u00e4nt\u00e4kaapeli EA 227 (10 m)<\/li>\n<\/ul>\n<\/div>","protected":false},"excerpt":{"rendered":"<p>K\u00e4ytt\u00f6alue ABLOY EL595 on moottorilukko pudotusm\u00e4nn\u00e4ll\u00e4. T\u00e4m\u00e4 tarkoittaa ainutlaatuista mahdollisuutta yhdist\u00e4\u00e4 esteett\u00f6myyden, paloturvallisuuden ja evakuoinnin vaatimukset. Tukevat evakuointihelat t\u00e4ytt\u00e4v\u00e4t standardin SS-EN 179 vaatimukset<\/p>","protected":false},"featured_media":144994,"template":"","meta":{"_acf_changed":false},"product_brand":[],"product_cat":[2874,1324],"product_tag":[2286,2417],"class_list":{"0":"post-149552","1":"product","2":"type-product","3":"status-publish","4":"has-post-thumbnail","6":"product_cat-motorlas","7":"product_cat-outlet","8":"product_tag-ellas-eltryckeslas","9":"product_tag-rel-abloy-ellas","10":"product_shipping_class-tunga-paket","11":"pa_brands-abloy","12":"tm-no-options","14":"first","15":"instock","16":"sale","17":"featured","18":"taxable","19":"shipping-taxable","20":"purchasable","21":"product-type-simple"},"acf":[],"_links":{"self":[{"href":"https:\/\/secureus.se\/fi\/wp-json\/wp\/v2\/product\/149552","targetHints":{"allow":["GET"]}}],"collection":[{"href":"https:\/\/secureus.se\/fi\/wp-json\/wp\/v2\/product"}],"about":[{"href":"https:\/\/secureus.se\/fi\/wp-json\/wp\/v2\/types\/product"}],"wp:featuredmedia":[{"embeddable":true,"href":"https:\/\/secureus.se\/fi\/wp-json\/wp\/v2\/media\/144994"}],"wp:attachment":[{"href":"https:\/\/secureus.se\/fi\/wp-json\/wp\/v2\/media?parent=149552"}],"wp:term":[{"taxonomy":"product_brand","embeddable":true,"href":"https:\/\/secureus.se\/fi\/wp-json\/wp\/v2\/product_brand?post=149552"},{"taxonomy":"product_cat","embeddable":true,"href":"https:\/\/secureus.se\/fi\/wp-json\/wp\/v2\/product_cat?post=149552"},{"taxonomy":"product_tag","embeddable":true,"href":"https:\/\/secureus.se\/fi\/wp-json\/wp\/v2\/product_tag?post=149552"}],"curies":[{"name":"wp","href":"https:\/\/api.w.org\/{rel}","templated":true}]}}