{"id":149640,"date":"2025-02-11T15:45:51","date_gmt":"2025-02-11T14:45:51","guid":{"rendered":"https:\/\/secureus.se\/porthallare-580-assa-abloy-2\/"},"modified":"2026-04-08T15:28:04","modified_gmt":"2026-04-08T13:28:04","slug":"porthallare-580-assa-abloy","status":"publish","type":"product","link":"https:\/\/secureus.se\/fi\/porthallare-580-assa-abloy\/","title":{"rendered":"Ovenpidin Fix 580 \u2013 Assa Abloy"},"content":{"rendered":"<div>Ovenpidin ASSA ABLOY 580 on ovenpidin, jota k\u00e4ytet\u00e4\u00e4n suurempien tai painavampien sivuovien sijoittamiseen t\u00e4ysin auki.<\/div>\n<div><b><br \/>\nOminaisuudet: <\/b><\/div>\n<div>\n<ul>\n<li>Varren pituus: 1320 mm<\/li>\n<li>T\u00e4ysin auki-asennossa (n. 90 astetta) salpa putoaa automaattisesti lukitusasentoon, jolloin ovi pysyy tukevasti paikallaan.<\/li>\n<li>Kun ovea ty\u00f6nnet\u00e4\u00e4n edelleen auki-asentoon, salpa vapautuu, jolloin ovi sulkeutuu.<\/li>\n<li>Pys\u00e4ytysjousi toimii my\u00f6s iskunvaimentimena ja suojaa siten ovea ja saranoita.<\/li>\n<li>Sopii oikea- ja vasenk\u00e4tisiin oviin.<\/li>\n<\/ul>\n<\/div>\n<div><\/div>","protected":false},"excerpt":{"rendered":"<p>ASSA ABLOY:n ovenpidin 580<\/p>","protected":false},"featured_media":147796,"template":"","meta":{"_acf_changed":false},"product_brand":[],"product_cat":[4607],"product_tag":[],"class_list":{"0":"post-149640","1":"product","2":"type-product","3":"status-publish","4":"has-post-thumbnail","6":"product_cat-porthallare","7":"pa_brands-abloy","8":"tm-no-options","10":"first","11":"onbackorder","12":"sale","13":"taxable","14":"shipping-taxable","15":"purchasable","16":"product-type-simple"},"acf":[],"_links":{"self":[{"href":"https:\/\/secureus.se\/fi\/wp-json\/wp\/v2\/product\/149640","targetHints":{"allow":["GET"]}}],"collection":[{"href":"https:\/\/secureus.se\/fi\/wp-json\/wp\/v2\/product"}],"about":[{"href":"https:\/\/secureus.se\/fi\/wp-json\/wp\/v2\/types\/product"}],"wp:featuredmedia":[{"embeddable":true,"href":"https:\/\/secureus.se\/fi\/wp-json\/wp\/v2\/media\/147796"}],"wp:attachment":[{"href":"https:\/\/secureus.se\/fi\/wp-json\/wp\/v2\/media?parent=149640"}],"wp:term":[{"taxonomy":"product_brand","embeddable":true,"href":"https:\/\/secureus.se\/fi\/wp-json\/wp\/v2\/product_brand?post=149640"},{"taxonomy":"product_cat","embeddable":true,"href":"https:\/\/secureus.se\/fi\/wp-json\/wp\/v2\/product_cat?post=149640"},{"taxonomy":"product_tag","embeddable":true,"href":"https:\/\/secureus.se\/fi\/wp-json\/wp\/v2\/product_tag?post=149640"}],"curies":[{"name":"wp","href":"https:\/\/api.w.org\/{rel}","templated":true}]}}