{"id":149866,"date":"2025-04-03T14:21:11","date_gmt":"2025-04-03T12:21:11","guid":{"rendered":"https:\/\/secureus.se\/apollo-pp5067-intelligent-testutrustning-for-soteria-serien\/"},"modified":"2026-04-01T15:47:58","modified_gmt":"2026-04-01T13:47:58","slug":"apollo-pp5067-intelligent-testutrustning-for-soteria-serien","status":"publish","type":"product","link":"https:\/\/secureus.se\/fi\/apollo-pp5067-intelligent-testutrustning-for-soteria-serien\/","title":{"rendered":"Apollo PP5067 \u00e4lyk\u00e4s testilaitteisto Soteria-sarjalle"},"content":{"rendered":"<h1>Apollo PP5067 \u00e4lyk\u00e4s testilaitteisto Soteria-sarjalle<\/h1>\n<p class=\"\" data-start=\"443\" data-end=\"816\">Apollo PP5067 Intelligent Test Equipment on kannettava testilaite, jossa on 7 tuuman LCD-kosketusn\u00e4ytt\u00f6, jonka avulla k\u00e4ytt\u00e4j\u00e4 voi helposti olla vuorovaikutuksessa, ohjata ja yll\u00e4pit\u00e4\u00e4 kaikkia laitteeseen kytkettyj\u00e4 laitteita.<\/p>\n<p class=\"\" data-start=\"443\" data-end=\"816\">Se toimii sek\u00e4 yksitt\u00e4isiss\u00e4 laitteissa ett\u00e4 kokonaisissa Apollo-sarjan analogisten osoitteiden piiriss\u00e4, mukaan lukien CoreProtocol, Discovery ja XP95.<\/p>\n<p class=\"\" data-start=\"818\" data-end=\"1193\">T\u00e4m\u00e4 laite mahdollistaa silmukan eheyden testauksen ja diagnosoinnin, mik\u00e4 on t\u00e4rke\u00e4\u00e4 sek\u00e4 k\u00e4ytt\u00f6\u00f6noton ett\u00e4 jatkuvan huollon aikana.<\/p>\n<p class=\"\" data-start=\"818\" data-end=\"1193\">Laite tukee p\u00e4ivityksi\u00e4 USB:n kautta ja tarjoaa monikielist\u00e4 tukea erilaisiin alueellisiin tarpeisiin.<\/p>\n<p class=\"\" data-start=\"818\" data-end=\"1193\">Se toimitetaan tukevassa kantolaukussa, jossa on yleislaturi, liit\u00e4nt\u00e4kaapeli ja \u00e4lyk\u00e4s XPERT8-asennusalusta.<\/p>\n<p class=\"\" data-start=\"1195\" data-end=\"1215\"><strong data-start=\"1195\" data-end=\"1214\">Tekniset tiedot<\/strong>:<\/p>\n<ul data-start=\"1216\" data-end=\"1656\">\n<li class=\"\" data-start=\"1216\" data-end=\"1291\">\n<p class=\"\" data-start=\"1218\" data-end=\"1291\"><strong data-start=\"1218\" data-end=\"1232\">Virtal\u00e4hde<\/strong>: Litiumioniakku tai 12 V virtal\u00e4hde<\/p>\n<\/li>\n<li class=\"\" data-start=\"1292\" data-end=\"1333\">\n<p class=\"\" data-start=\"1294\" data-end=\"1333\"><strong data-start=\"1294\" data-end=\"1317\">Akun latausaika<\/strong>: Noin 3 tuntia<\/p>\n<\/li>\n<li class=\"\" data-start=\"1334\" data-end=\"1370\">\n<p class=\"\" data-start=\"1336\" data-end=\"1370\"><strong data-start=\"1336\" data-end=\"1355\">K\u00e4ytt\u00f6l\u00e4mp\u00f6tila<\/strong>: 0\u00baC - 40\u00baC<\/p>\n<\/li>\n<li class=\"\" data-start=\"1371\" data-end=\"1435\">\n<p class=\"\" data-start=\"1373\" data-end=\"1435\"><strong data-start=\"1373\" data-end=\"1386\">Kosteus<\/strong>: 10 - 95 % RH (ilman kondensaatiota tai j\u00e4\u00e4tymist\u00e4)<\/p>\n<\/li>\n<li class=\"\" data-start=\"1436\" data-end=\"1478\">\n<p class=\"\" data-start=\"1438\" data-end=\"1478\"><strong data-start=\"1438\" data-end=\"1453\">Mitat<\/strong>: 215mm x 165mm x 50mm<\/p>\n<\/li>\n<li class=\"\" data-start=\"1479\" data-end=\"1496\">\n<p class=\"\" data-start=\"1481\" data-end=\"1496\"><strong data-start=\"1481\" data-end=\"1489\">Paino<\/strong>Paino: 935 g<\/p>\n<\/li>\n<li class=\"\" data-start=\"1497\" data-end=\"1531\">\n<p class=\"\" data-start=\"1499\" data-end=\"1531\"><strong data-start=\"1499\" data-end=\"1510\">N\u00e4ytt\u00f6<\/strong>: 7 tuuman LCD-kosketusn\u00e4ytt\u00f6<\/p>\n<\/li>\n<li class=\"\" data-start=\"1532\" data-end=\"1592\">\n<p class=\"\" data-start=\"1534\" data-end=\"1592\"><strong data-start=\"1534\" data-end=\"1562\">Ohjelmistop\u00e4ivitykset<\/strong>: USB:n ja Apollon verkkosivujen kautta<\/p>\n<\/li>\n<li class=\"\" data-start=\"1593\" data-end=\"1656\">\n<p class=\"\" data-start=\"1595\" data-end=\"1656\"><strong data-start=\"1595\" data-end=\"1613\">Yhteensopivuus<\/strong>: XP95, Discovery- ja CoreProtocol-sarja<\/p>\n<\/li>\n<\/ul>","protected":false},"excerpt":{"rendered":"<p>Soteria-sarjan \u00e4lykk\u00e4\u00e4t Apollo PP5067 testilaitteet mahdollistavat silmukan eheyden testauksen ja diagnosoinnin k\u00e4ytt\u00f6\u00f6noton ja huollon aikana.<\/p>\n<p>Kannettava kosketusn\u00e4ytt\u00f6yksikk\u00f6 n\u00e4ytt\u00e4\u00e4 laitetiedot ja ohjaa yksitt\u00e4isten laitteiden tai Apollo-sarjan analogisten osoitteellisten laitteiden yhdistelm\u00e4piirej\u00e4 toimintatiloja.<\/p>","protected":false},"featured_media":149865,"template":"","meta":{"_acf_changed":false},"product_brand":[],"product_cat":[4750],"product_tag":[],"class_list":{"0":"post-149866","1":"product","2":"type-product","3":"status-publish","4":"has-post-thumbnail","6":"product_cat-soteria-serien","7":"pa_brands-apollo-fire-detectors","8":"tm-no-options","10":"first","11":"instock","12":"taxable","13":"shipping-taxable","14":"purchasable","15":"product-type-simple"},"acf":[],"_links":{"self":[{"href":"https:\/\/secureus.se\/fi\/wp-json\/wp\/v2\/product\/149866","targetHints":{"allow":["GET"]}}],"collection":[{"href":"https:\/\/secureus.se\/fi\/wp-json\/wp\/v2\/product"}],"about":[{"href":"https:\/\/secureus.se\/fi\/wp-json\/wp\/v2\/types\/product"}],"wp:featuredmedia":[{"embeddable":true,"href":"https:\/\/secureus.se\/fi\/wp-json\/wp\/v2\/media\/149865"}],"wp:attachment":[{"href":"https:\/\/secureus.se\/fi\/wp-json\/wp\/v2\/media?parent=149866"}],"wp:term":[{"taxonomy":"product_brand","embeddable":true,"href":"https:\/\/secureus.se\/fi\/wp-json\/wp\/v2\/product_brand?post=149866"},{"taxonomy":"product_cat","embeddable":true,"href":"https:\/\/secureus.se\/fi\/wp-json\/wp\/v2\/product_cat?post=149866"},{"taxonomy":"product_tag","embeddable":true,"href":"https:\/\/secureus.se\/fi\/wp-json\/wp\/v2\/product_tag?post=149866"}],"curies":[{"name":"wp","href":"https:\/\/api.w.org\/{rel}","templated":true}]}}