{"id":149868,"date":"2025-04-03T14:21:08","date_gmt":"2025-04-03T12:21:08","guid":{"rendered":"https:\/\/secureus.se\/apollo-sa5100-810apo-soteria-tri-sensor-detector-dual-optical-heat-co\/"},"modified":"2026-04-16T15:04:05","modified_gmt":"2026-04-16T13:04:05","slug":"apollo-sa5100-810apo-soteria-tri-sensor-detector-dual-optical-heat-co","status":"publish","type":"product","link":"https:\/\/secureus.se\/fi\/apollo-sa5100-810apo-soteria-tri-sensor-detector-dual-optical-heat-co\/","title":{"rendered":"Apollo SA5100-810APO Soteria Tri-Sensor Detector Dual Optical \/ Heat \/ CO"},"content":{"rendered":"<h1>Apollo SA5100-810APO Soteria Tri-Sensor Detector Dual Optical \/ Heat \/ CO<\/h1>\n<p class=\"\" data-start=\"445\" data-end=\"1031\">Apollo SA5100-810APO Soteria Tri-Sensor Detector on edistyksellinen laite, jossa yhdistyv\u00e4t kolme tunnistusmenetelm\u00e4\u00e4: kaksoisoptinen tunnistus, l\u00e4mp\u00f6anturi ja hiilidioksidianturi (CO).<\/p>\n<p class=\"\" data-start=\"445\" data-end=\"1031\">T\u00e4m\u00e4 monipuolinen ilmaisin sis\u00e4lt\u00e4\u00e4 viisi eri herkkyysmallia suorituskyvyn optimoimiseksi eri ymp\u00e4rist\u00f6iss\u00e4, mukaan lukien NT (Normal Sensitivity) ja MT (Medium Sensitivity) -asetukset.<\/p>\n<p class=\"\" data-start=\"445\" data-end=\"1031\">Laite k\u00e4ytt\u00e4\u00e4 kehittynytt\u00e4 optista savuanturia, jossa on IR-l\u00e4hetin-vastaanotin ja toissijainen valodiodi, jotta saadaan aikaan useita valonsirontakulmia, mik\u00e4 parantaa kyky\u00e4 suodattaa h\u00e4iritsevi\u00e4 signaaleja.<\/p>\n<p class=\"\" data-start=\"1033\" data-end=\"1479\">Sen l\u00e4mp\u00f6anturi, NTC-termistori, mahdollistaa tarkan l\u00e4mp\u00f6tilan valvonnan, kun taas s\u00e4hk\u00f6kemialliseen kennoteknologiaan perustuva CO-anturi mittaa hiilidioksiditasoja ja tukee palon havaitsemista.<\/p>\n<p class=\"\" data-start=\"1033\" data-end=\"1479\">Ilmaisimessa on my\u00f6s sis\u00e4\u00e4nrakennettu isolaattori ja FasTest\u00ae-ominaisuus, joka nopeuttaa ja helpottaa testausta ja v\u00e4hent\u00e4\u00e4 yll\u00e4pitoaikaa.<\/p>\n<p class=\"\" data-start=\"1033\" data-end=\"1479\">Lis\u00e4ksi DIL-kytkimet mahdollistavat osoitteiden ja kolmiv\u00e4risen LED-tilan ilmaisimen, joka n\u00e4ytt\u00e4\u00e4 h\u00e4lytyksen tilan ja toimintatilan.<\/p>\n<p class=\"\" data-start=\"1481\" data-end=\"1501\"><strong data-start=\"1481\" data-end=\"1500\">Tekniset tiedot<\/strong>:<\/p>\n<ul data-start=\"1502\" data-end=\"1959\">\n<li class=\"\" data-start=\"1502\" data-end=\"1532\">\n<p class=\"\" data-start=\"1504\" data-end=\"1532\"><strong data-start=\"1504\" data-end=\"1518\">Virtal\u00e4hde<\/strong>: 17V \u2013 35V DC<\/p>\n<\/li>\n<li class=\"\" data-start=\"1533\" data-end=\"1583\">\n<p class=\"\" data-start=\"1535\" data-end=\"1583\"><strong data-start=\"1535\" data-end=\"1558\">Modulaatioj\u00e4nnite<\/strong>: 5V \u2013 13V huipusta huippuun<\/p>\n<\/li>\n<li class=\"\" data-start=\"1584\" data-end=\"1627\">\n<p class=\"\" data-start=\"1586\" data-end=\"1627\"><strong data-start=\"1586\" data-end=\"1610\">Pieni virrankulutus<\/strong>: 600 \u00b5A levossa<\/p>\n<\/li>\n<li class=\"\" data-start=\"1628\" data-end=\"1662\">\n<p class=\"\" data-start=\"1630\" data-end=\"1662\"><strong data-start=\"1630\" data-end=\"1656\">Tehohuippu k\u00e4ynnistyksen yhteydess\u00e4<\/strong>: 2mA<\/p>\n<\/li>\n<li class=\"\" data-start=\"1663\" data-end=\"1704\">\n<p class=\"\" data-start=\"1665\" data-end=\"1704\"><strong data-start=\"1665\" data-end=\"1679\">H\u00e4lytysvirta<\/strong>: 4 mA, kun LED-valaistus<\/p>\n<\/li>\n<li class=\"\" data-start=\"1705\" data-end=\"1750\">\n<p class=\"\" data-start=\"1707\" data-end=\"1750\"><strong data-start=\"1707\" data-end=\"1733\">K\u00e4ytt\u00f6l\u00e4mp\u00f6tilat<\/strong>: -10\u00b0C - 55\u00b0C<\/p>\n<\/li>\n<li class=\"\" data-start=\"1751\" data-end=\"1814\">\n<p class=\"\" data-start=\"1753\" data-end=\"1814\"><strong data-start=\"1753\" data-end=\"1766\">Kosteus<\/strong>: 0% - 90% RH (ilman kondensaatiota tai j\u00e4\u00e4tymist\u00e4)<\/p>\n<\/li>\n<li class=\"\" data-start=\"1815\" data-end=\"1842\">\n<p class=\"\" data-start=\"1817\" data-end=\"1842\"><strong data-start=\"1817\" data-end=\"1825\">Mitata<\/strong>: \u00d8103mm x 55mm<\/p>\n<\/li>\n<li class=\"\" data-start=\"1843\" data-end=\"1860\">\n<p class=\"\" data-start=\"1845\" data-end=\"1860\"><strong data-start=\"1845\" data-end=\"1853\">Paino<\/strong>: 105 g<\/p>\n<\/li>\n<li class=\"\" data-start=\"1861\" data-end=\"1909\">\n<p class=\"\" data-start=\"1863\" data-end=\"1909\"><strong data-start=\"1863\" data-end=\"1881\">Yhteensopivuus<\/strong>: Discovery ja CoreProtocol<\/p>\n<\/li>\n<li class=\"\" data-start=\"1910\" data-end=\"1930\">\n<p class=\"\" data-start=\"1912\" data-end=\"1930\"><strong data-start=\"1912\" data-end=\"1924\">IP-luokka<\/strong>: IP40<\/p>\n<\/li>\n<li class=\"\" data-start=\"1931\" data-end=\"1959\">\n<p class=\"\" data-start=\"1933\" data-end=\"1959\"><strong data-start=\"1933\" data-end=\"1945\">Materiaali<\/strong>: ABS, POM, PC<\/p>\n<\/li>\n<\/ul>","protected":false},"excerpt":{"rendered":"<p>Apollo SA5100-810APO Soteria Tri-Sensor Detector k\u00e4ytt\u00e4\u00e4 kahta optista tunnistustekniikkaa sek\u00e4 l\u00e4mp\u00f6anturia ja CO-anturia tarkan savunilmaisun ja v\u00e4\u00e4rien h\u00e4lytysten riskin minimoimiseksi.<\/p>\n<p>Laite on yhteensopiva sek\u00e4 Discoveryn ett\u00e4 CoreProtocolin kanssa ja tarjoaa viisi herkkyysmallia.<\/p>","protected":false},"featured_media":149867,"template":"","meta":{"_acf_changed":false},"product_brand":[],"product_cat":[4750],"product_tag":[],"class_list":{"0":"post-149868","1":"product","2":"type-product","3":"status-publish","4":"has-post-thumbnail","6":"product_cat-soteria-serien","7":"pa_brands-apollo-fire-detectors","8":"tm-no-options","10":"first","11":"onbackorder","12":"taxable","13":"shipping-taxable","14":"purchasable","15":"product-type-simple"},"acf":[],"_links":{"self":[{"href":"https:\/\/secureus.se\/fi\/wp-json\/wp\/v2\/product\/149868","targetHints":{"allow":["GET"]}}],"collection":[{"href":"https:\/\/secureus.se\/fi\/wp-json\/wp\/v2\/product"}],"about":[{"href":"https:\/\/secureus.se\/fi\/wp-json\/wp\/v2\/types\/product"}],"wp:featuredmedia":[{"embeddable":true,"href":"https:\/\/secureus.se\/fi\/wp-json\/wp\/v2\/media\/149867"}],"wp:attachment":[{"href":"https:\/\/secureus.se\/fi\/wp-json\/wp\/v2\/media?parent=149868"}],"wp:term":[{"taxonomy":"product_brand","embeddable":true,"href":"https:\/\/secureus.se\/fi\/wp-json\/wp\/v2\/product_brand?post=149868"},{"taxonomy":"product_cat","embeddable":true,"href":"https:\/\/secureus.se\/fi\/wp-json\/wp\/v2\/product_cat?post=149868"},{"taxonomy":"product_tag","embeddable":true,"href":"https:\/\/secureus.se\/fi\/wp-json\/wp\/v2\/product_tag?post=149868"}],"curies":[{"name":"wp","href":"https:\/\/api.w.org\/{rel}","templated":true}]}}