{"id":149872,"date":"2025-04-03T14:21:06","date_gmt":"2025-04-03T12:21:06","guid":{"rendered":"https:\/\/secureus.se\/apollo-pp2517-soteria-series-varmedetektor-vit\/"},"modified":"2026-04-09T11:24:11","modified_gmt":"2026-04-09T09:24:11","slug":"apollo-pp2517-soteria-series-varmedetektor-vit","status":"publish","type":"product","link":"https:\/\/secureus.se\/fi\/apollo-pp2517-soteria-series-varmedetektor-vit\/","title":{"rendered":"Apollo PP2517 Soteria -sarjan l\u00e4mp\u00f6anturi, valkoinen"},"content":{"rendered":"<h1>Apollo PP2517 Soteria -sarjan l\u00e4mp\u00f6anturi, valkoinen<\/h1>\n<p class=\"\" data-start=\"374\" data-end=\"874\">Apollo PP2517 Soteria -sarjan l\u00e4mm\u00f6ntunnistin tarjoaa korkean suorituskyvyn paloilmaisun kahdella sivuttain sijoitetulla l\u00e4mp\u00f6anturilla, jotka varmistavat tarkan l\u00e4mm\u00f6n havaitsemisen kaikkiin suuntiin.<\/p>\n<p class=\"\" data-start=\"374\" data-end=\"874\">CoreProtocol-digitaaliviestint\u00e4 mahdollistaa edistyneet palonhavaitsemisominaisuudet ja varmistaa yhteensopivuuden sek\u00e4 XP95- ett\u00e4 Discovery-j\u00e4rjestelmien kanssa.<\/p>\n<p class=\"\" data-start=\"374\" data-end=\"874\">L\u00e4mm\u00f6ntunnistimessa on my\u00f6s kolmiv\u00e4rinen LED-tilan ilmaisin, joka n\u00e4ytt\u00e4\u00e4 palotilan, vian ja eristyksen tilan.<\/p>\n<p class=\"\" data-start=\"876\" data-end=\"1279\">Laite on mekaanisesti yhteensopiva olemassa olevien alustojen kanssa ja se on saatavana integroidulla kytkett\u00e4v\u00e4ll\u00e4 eristimell\u00e4 tai ilman.<\/p>\n<p class=\"\" data-start=\"876\" data-end=\"1279\">Ilmaisintestauksen nopeuttamiseksi siin\u00e4 on my\u00f6s FasTest\u00ae-toiminto, joka tekee yll\u00e4pidosta ja asennuksesta helpompaa ja nopeampaa.<\/p>\n<p class=\"\" data-start=\"876\" data-end=\"1279\">Se on testattu laajasti ylitt\u00e4\u00e4kseen EN 54-5 -standardin ja tarjoaa luotettavan palonilmaisun useissa ymp\u00e4rist\u00f6iss\u00e4.<\/p>\n<p class=\"\" data-start=\"1281\" data-end=\"1301\"><strong data-start=\"1281\" data-end=\"1300\">Tekniset tiedot<\/strong>:<\/p>\n<ul data-start=\"1302\" data-end=\"1735\">\n<li class=\"\" data-start=\"1302\" data-end=\"1329\">\n<p class=\"\" data-start=\"1304\" data-end=\"1329\"><strong data-start=\"1304\" data-end=\"1318\">Virtal\u00e4hde<\/strong>: 17-35V DC<\/p>\n<\/li>\n<li class=\"\" data-start=\"1330\" data-end=\"1404\">\n<p class=\"\" data-start=\"1332\" data-end=\"1404\"><strong data-start=\"1332\" data-end=\"1359\">Viestint\u00e4protokolla<\/strong>: CoreProtocol-, XP95- ja Discovery-yhteensopiva<\/p>\n<\/li>\n<li class=\"\" data-start=\"1405\" data-end=\"1438\">\n<p class=\"\" data-start=\"1407\" data-end=\"1438\"><strong data-start=\"1407\" data-end=\"1419\">Anturit<\/strong>: L\u00e4mmitys (termistori)<\/p>\n<\/li>\n<li class=\"\" data-start=\"1439\" data-end=\"1466\">\n<p class=\"\" data-start=\"1441\" data-end=\"1466\"><strong data-start=\"1441\" data-end=\"1449\">Mitata<\/strong>\u00d8100mm x 38mm<\/p>\n<\/li>\n<li class=\"\" data-start=\"1467\" data-end=\"1483\">\n<p class=\"\" data-start=\"1469\" data-end=\"1483\"><strong data-start=\"1469\" data-end=\"1477\">Paino<\/strong>Paino: 83g<\/p>\n<\/li>\n<li class=\"\" data-start=\"1484\" data-end=\"1502\">\n<p class=\"\" data-start=\"1486\" data-end=\"1502\"><strong data-start=\"1486\" data-end=\"1494\">Maali<\/strong>: Hopea<\/p>\n<\/li>\n<li class=\"\" data-start=\"1503\" data-end=\"1523\">\n<p class=\"\" data-start=\"1505\" data-end=\"1523\"><strong data-start=\"1505\" data-end=\"1517\">IP-luokka<\/strong>: IP54<\/p>\n<\/li>\n<li class=\"\" data-start=\"1524\" data-end=\"1557\">\n<p class=\"\" data-start=\"1526\" data-end=\"1557\"><strong data-start=\"1526\" data-end=\"1540\">L\u00e4mp\u00f6tila<\/strong>: -40\u00b0C - 70\u00b0C<\/p>\n<\/li>\n<li class=\"\" data-start=\"1558\" data-end=\"1615\">\n<p class=\"\" data-start=\"1560\" data-end=\"1615\"><strong data-start=\"1560\" data-end=\"1573\">Kosteus<\/strong>: 0\u201395% RH (ilman kondensaatiota tai j\u00e4\u00e4t\u00e4)<\/p>\n<\/li>\n<li class=\"\" data-start=\"1616\" data-end=\"1655\">\n<p class=\"\" data-start=\"1618\" data-end=\"1655\"><strong data-start=\"1618\" data-end=\"1629\">Takuu<\/strong>: Rajoitettu 10 vuoden takuu<\/p>\n<\/li>\n<li class=\"\" data-start=\"1656\" data-end=\"1703\">\n<p class=\"\" data-start=\"1658\" data-end=\"1703\"><strong data-start=\"1658\" data-end=\"1676\">Yhteensopivuus<\/strong>: XP95 ja Discovery-j\u00e4rjestelm\u00e4t<\/p>\n<\/li>\n<li class=\"\" data-start=\"1704\" data-end=\"1735\">\n<p class=\"\" data-start=\"1706\" data-end=\"1735\"><strong data-start=\"1706\" data-end=\"1727\">Yhteystekniikka<\/strong>: Kierretty<\/p>\n<\/li>\n<\/ul>","protected":false},"excerpt":{"rendered":"<p>Apollo PP2517 Soteria -sarjan l\u00e4mp\u00f6anturi k\u00e4ytt\u00e4\u00e4 kahta sivuttain sijoitettua l\u00e4mp\u00f6anturia varmistamaan tarkan l\u00e4mm\u00f6n havaitsemisen kaikkiin suuntiin.<\/p>\n<p>Se on varustettu digitaalisella CoreProtocol-kommunikaatiolla ja on yhteensopiva XP95- ja Discovery-j\u00e4rjestelmien kanssa.<\/p>","protected":false},"featured_media":149871,"template":"","meta":{"_acf_changed":false},"product_brand":[],"product_cat":[4750,4157],"product_tag":[],"class_list":{"0":"post-149872","1":"product","2":"type-product","3":"status-publish","4":"has-post-thumbnail","6":"product_cat-soteria-serien","7":"product_cat-varmedetektor","8":"pa_brands-apollo-fire-detectors","9":"tm-no-options","11":"first","12":"instock","13":"taxable","14":"shipping-taxable","15":"purchasable","16":"product-type-simple"},"acf":[],"_links":{"self":[{"href":"https:\/\/secureus.se\/fi\/wp-json\/wp\/v2\/product\/149872","targetHints":{"allow":["GET"]}}],"collection":[{"href":"https:\/\/secureus.se\/fi\/wp-json\/wp\/v2\/product"}],"about":[{"href":"https:\/\/secureus.se\/fi\/wp-json\/wp\/v2\/types\/product"}],"wp:featuredmedia":[{"embeddable":true,"href":"https:\/\/secureus.se\/fi\/wp-json\/wp\/v2\/media\/149871"}],"wp:attachment":[{"href":"https:\/\/secureus.se\/fi\/wp-json\/wp\/v2\/media?parent=149872"}],"wp:term":[{"taxonomy":"product_brand","embeddable":true,"href":"https:\/\/secureus.se\/fi\/wp-json\/wp\/v2\/product_brand?post=149872"},{"taxonomy":"product_cat","embeddable":true,"href":"https:\/\/secureus.se\/fi\/wp-json\/wp\/v2\/product_cat?post=149872"},{"taxonomy":"product_tag","embeddable":true,"href":"https:\/\/secureus.se\/fi\/wp-json\/wp\/v2\/product_tag?post=149872"}],"curies":[{"name":"wp","href":"https:\/\/api.w.org\/{rel}","templated":true}]}}