{"id":149876,"date":"2025-04-03T14:19:27","date_gmt":"2025-04-03T12:19:27","guid":{"rendered":"https:\/\/secureus.se\/apollo-55000-137apo-65-series-cs-varmedetektor-vit\/"},"modified":"2026-04-23T13:12:11","modified_gmt":"2026-04-23T11:12:11","slug":"apollo-55000-137apo-65-series-cs-varmedetektor-vit","status":"publish","type":"product","link":"https:\/\/secureus.se\/fi\/apollo-55000-137apo-65-series-cs-varmedetektor-vit\/","title":{"rendered":"Apollo 55000-137APO 65 Series, CS-l\u00e4mp\u00f6anturi, valkoinen"},"content":{"rendered":"<h1>Apollo 55000-137APO 65 Series, CS-l\u00e4mp\u00f6anturi, valkoinen<\/h1>\n<p class=\"\" data-start=\"453\" data-end=\"821\">Apollo 55000-137APO 65 -sarjan CS-l\u00e4mm\u00f6nilmaisin k\u00e4ytt\u00e4\u00e4 NTC-termistoriverkkoa l\u00e4mp\u00f6tilan tarkkailuun ja tarjoaa ulkoilman l\u00e4mp\u00f6tilaan verrannollisen j\u00e4nnitteen.<\/p>\n<p class=\"\" data-start=\"453\" data-end=\"821\">Se sopii t\u00e4ydellisesti sovelluksiin, joissa savunilmaisimia ei voida k\u00e4ytt\u00e4\u00e4, kuten likaisissa tai savuisissa ymp\u00e4rist\u00f6iss\u00e4, joissa t\u00e4llaiset ilmaisimet voivat antaa v\u00e4\u00e4ri\u00e4 h\u00e4lytyksi\u00e4.<\/p>\n<p class=\"\" data-start=\"823\" data-end=\"1197\">Siin\u00e4 on laaja k\u00e4ytt\u00f6j\u00e4nnite 9\u201333 V DC, ja sit\u00e4 voidaan k\u00e4ytt\u00e4\u00e4 erilaisissa ymp\u00e4rist\u00f6iss\u00e4, mukaan lukien korkean kosteuden (0%\u201395% RH) ymp\u00e4rist\u00f6iss\u00e4 ja joissa tarvitaan luotettavaa l\u00e4mp\u00f6tilan valvontaa.<\/p>\n<p class=\"\" data-start=\"823\" data-end=\"1197\">CS-versiossa on yksi NTC-termistori nopeampaa ja tehokkaampaa l\u00e4mp\u00f6tilan mittausta varten. L\u00e4mm\u00f6ntunnistimella on my\u00f6s IP54-luokitus, joten se soveltuu sek\u00e4 sis\u00e4- ett\u00e4 ulkok\u00e4ytt\u00f6\u00f6n ankarissa ymp\u00e4rist\u00f6iss\u00e4.<\/p>\n<p class=\"\" data-start=\"1199\" data-end=\"1219\"><strong data-start=\"1199\" data-end=\"1218\">Tekniset tiedot<\/strong>:<\/p>\n<ul data-start=\"1220\" data-end=\"1705\">\n<li class=\"\" data-start=\"1220\" data-end=\"1246\">\n<p class=\"\" data-start=\"1222\" data-end=\"1246\"><strong data-start=\"1222\" data-end=\"1236\">Virtal\u00e4hde<\/strong>: 9-33V DC<\/p>\n<\/li>\n<li class=\"\" data-start=\"1247\" data-end=\"1274\">\n<p class=\"\" data-start=\"1249\" data-end=\"1274\"><strong data-start=\"1249\" data-end=\"1257\">Mitata<\/strong>\u00d8100mm x 42mm<\/p>\n<\/li>\n<li class=\"\" data-start=\"1275\" data-end=\"1291\">\n<p class=\"\" data-start=\"1277\" data-end=\"1291\"><strong data-start=\"1277\" data-end=\"1285\">Paino<\/strong>: 80g<\/p>\n<\/li>\n<li class=\"\" data-start=\"1292\" data-end=\"1307\">\n<p class=\"\" data-start=\"1294\" data-end=\"1307\"><strong data-start=\"1294\" data-end=\"1302\">Maali<\/strong>: Valkoinen<\/p>\n<\/li>\n<li class=\"\" data-start=\"1308\" data-end=\"1394\">\n<p class=\"\" data-start=\"1310\" data-end=\"1394\"><strong data-start=\"1310\" data-end=\"1324\">L\u00e4mp\u00f6tila<\/strong>: A1R: -20\u00b0C - +50\u00b0C, BR: -20\u00b0C - +65\u00b0C, CS\/CR: -20\u00b0C - +80\u00b0C<\/p>\n<\/li>\n<li class=\"\" data-start=\"1395\" data-end=\"1458\">\n<p class=\"\" data-start=\"1397\" data-end=\"1458\"><strong data-start=\"1397\" data-end=\"1410\">Kosteus<\/strong>: 0% - 95% RH (ilman kondensaatiota tai j\u00e4\u00e4tymist\u00e4)<\/p>\n<\/li>\n<li class=\"\" data-start=\"1459\" data-end=\"1479\">\n<p class=\"\" data-start=\"1461\" data-end=\"1479\"><strong data-start=\"1461\" data-end=\"1473\">IP-luokka<\/strong>: IP54<\/p>\n<\/li>\n<li class=\"\" data-start=\"1480\" data-end=\"1519\">\n<p class=\"\" data-start=\"1482\" data-end=\"1519\"><strong data-start=\"1482\" data-end=\"1493\">Takuu<\/strong>: Rajoitettu 10 vuoden takuu<\/p>\n<\/li>\n<li class=\"\" data-start=\"1520\" data-end=\"1571\">\n<p class=\"\" data-start=\"1522\" data-end=\"1571\"><strong data-start=\"1522\" data-end=\"1540\">Yhteensopivuus<\/strong>: Series 60 ja Series 65 pohjat<\/p>\n<\/li>\n<li class=\"\" data-start=\"1572\" data-end=\"1603\">\n<p class=\"\" data-start=\"1574\" data-end=\"1603\"><strong data-start=\"1574\" data-end=\"1595\">Yhteystekniikka<\/strong>: Kierretty<\/p>\n<\/li>\n<li class=\"\" data-start=\"1604\" data-end=\"1705\">\n<p class=\"\" data-start=\"1606\" data-end=\"1705\"><strong data-start=\"1606\" data-end=\"1618\">Edut<\/strong>: Ihanteellinen ymp\u00e4rist\u00f6ihin, joissa savuilmaisimet eiv\u00e4t sovellu, likaisiin tai savuisiin tiloihin<\/p>\n<\/li>\n<\/ul>\n<p>&nbsp;<\/p>","protected":false},"excerpt":{"rendered":"<p>Apollo 55000-137APO 65 Series CS Heat Detector on luotettava ilmaisin l\u00e4mp\u00f6tilan valvontaan k\u00e4ytt\u00e4m\u00e4ll\u00e4 NTC-termistoriverkkoa.<\/p>\n<p>Se on ihanteellinen k\u00e4ytett\u00e4v\u00e4ksi ymp\u00e4rist\u00f6iss\u00e4, joissa savuilmaisimet eiv\u00e4t sovellu, kuten likaiset tai savuiset tilat.<\/p>\n<p>Siin\u00e4 on laaja k\u00e4ytt\u00f6j\u00e4nnite ja se t\u00e4ytt\u00e4\u00e4 kansainv\u00e4liset turvallisuusstandardit.<\/p>","protected":false},"featured_media":149875,"template":"","meta":{"_acf_changed":false},"product_brand":[],"product_cat":[4747,4157],"product_tag":[],"class_list":{"0":"post-149876","1":"product","2":"type-product","3":"status-publish","4":"has-post-thumbnail","6":"product_cat-65-serien","7":"product_cat-varmedetektor","8":"pa_brands-apollo-fire-detectors","9":"tm-no-options","11":"first","12":"instock","13":"sale","14":"taxable","15":"shipping-taxable","16":"purchasable","17":"product-type-simple"},"acf":[],"_links":{"self":[{"href":"https:\/\/secureus.se\/fi\/wp-json\/wp\/v2\/product\/149876","targetHints":{"allow":["GET"]}}],"collection":[{"href":"https:\/\/secureus.se\/fi\/wp-json\/wp\/v2\/product"}],"about":[{"href":"https:\/\/secureus.se\/fi\/wp-json\/wp\/v2\/types\/product"}],"wp:featuredmedia":[{"embeddable":true,"href":"https:\/\/secureus.se\/fi\/wp-json\/wp\/v2\/media\/149875"}],"wp:attachment":[{"href":"https:\/\/secureus.se\/fi\/wp-json\/wp\/v2\/media?parent=149876"}],"wp:term":[{"taxonomy":"product_brand","embeddable":true,"href":"https:\/\/secureus.se\/fi\/wp-json\/wp\/v2\/product_brand?post=149876"},{"taxonomy":"product_cat","embeddable":true,"href":"https:\/\/secureus.se\/fi\/wp-json\/wp\/v2\/product_cat?post=149876"},{"taxonomy":"product_tag","embeddable":true,"href":"https:\/\/secureus.se\/fi\/wp-json\/wp\/v2\/product_tag?post=149876"}],"curies":[{"name":"wp","href":"https:\/\/api.w.org\/{rel}","templated":true}]}}