{"id":149878,"date":"2025-04-03T14:19:26","date_gmt":"2025-04-03T12:19:26","guid":{"rendered":"https:\/\/secureus.se\/apollo-55000-136apo-65-series-cs-varmedetektor-med-blinkande-led-vit\/"},"modified":"2026-04-09T11:23:50","modified_gmt":"2026-04-09T09:23:50","slug":"apollo-55000-136apo-65-series-cs-varmedetektor-med-blinkande-led-vit","status":"publish","type":"product","link":"https:\/\/secureus.se\/fi\/apollo-55000-136apo-65-series-cs-varmedetektor-med-blinkande-led-vit\/","title":{"rendered":"Apollo 55000-136APO 65 Series, CS-l\u00e4mp\u00f6anturi vilkkuvalla LEDill\u00e4, valkoinen"},"content":{"rendered":"<h1>Apollo 55000-136APO 65 Series, CS-l\u00e4mp\u00f6anturi vilkkuvalla LEDill\u00e4, valkoinen<\/h1>\n<p class=\"\" data-start=\"416\" data-end=\"813\">Apollo 55000-136APO 65 -sarjan CS-l\u00e4mm\u00f6ntunnistin, jossa on vilkkuva LED, k\u00e4ytt\u00e4\u00e4 kehittynytt\u00e4 termistoriverkkoa ilman l\u00e4mp\u00f6tilan tarkkailuun ja h\u00e4lytyksen antamiseen, jos l\u00e4mp\u00f6tila nousee \u00e4killisesti.<\/p>\n<p class=\"\" data-start=\"416\" data-end=\"813\">Ilmaisin on suunniteltu k\u00e4ytett\u00e4v\u00e4ksi ymp\u00e4rist\u00f6iss\u00e4, joissa perinteisi\u00e4 savuilmaisimia ei voida k\u00e4ytt\u00e4\u00e4, esimerkiksi alueilla, jotka ovat savuisia tai likaisia luonnollisissa olosuhteissa.<\/p>\n<p class=\"\" data-start=\"815\" data-end=\"1214\">Se on varustettu integroidulla LEDill\u00e4, joka vilkkuu, kun ilmaisin on lepotilassa, ja syttyy h\u00e4lytyksen sattuessa. Laaja k\u00e4ytt\u00f6j\u00e4nnite (9-33V DC) tekee siit\u00e4 yhteensopivan monenlaisten j\u00e4rjestelmien kanssa.<\/p>\n<p class=\"\" data-start=\"815\" data-end=\"1214\">Kotelon materiaali on valkoista polykarbonaattia, joka tarjoaa sek\u00e4 lujuutta ett\u00e4 v\u00e4rin vakautta. Ilmaisin on my\u00f6s IP54-luokiteltu ja toimii tehokkaasti erilaisissa l\u00e4mp\u00f6tila- ja kosteusolosuhteissa (0% - 95% RH).<\/p>\n<p class=\"\" data-start=\"1216\" data-end=\"1395\">Todistetun suorituskyvyn ja pitk\u00e4n kest\u00e4vyyden (10 vuoden takuu) ansiosta t\u00e4m\u00e4 ilmaisin on erinomainen valinta l\u00e4mp\u00f6tilan valvontaan sovelluksissa, joissa savuilmaisimet eiv\u00e4t sovellu.<\/p>\n<p class=\"\" data-start=\"1397\" data-end=\"1417\"><strong data-start=\"1397\" data-end=\"1416\">Tekniset tiedot<\/strong>:<\/p>\n<ul data-start=\"1418\" data-end=\"1778\">\n<li class=\"\" data-start=\"1418\" data-end=\"1444\">\n<p class=\"\" data-start=\"1420\" data-end=\"1444\"><strong data-start=\"1420\" data-end=\"1434\">Virtal\u00e4hde<\/strong>: 9-33V DC<\/p>\n<\/li>\n<li class=\"\" data-start=\"1445\" data-end=\"1472\">\n<p class=\"\" data-start=\"1447\" data-end=\"1472\"><strong data-start=\"1447\" data-end=\"1455\">Mitata<\/strong>\u00d8100mm x 42mm<\/p>\n<\/li>\n<li class=\"\" data-start=\"1473\" data-end=\"1489\">\n<p class=\"\" data-start=\"1475\" data-end=\"1489\"><strong data-start=\"1475\" data-end=\"1483\">Paino<\/strong>: 80g<\/p>\n<\/li>\n<li class=\"\" data-start=\"1490\" data-end=\"1505\">\n<p class=\"\" data-start=\"1492\" data-end=\"1505\"><strong data-start=\"1492\" data-end=\"1500\">Maali<\/strong>: Valkoinen<\/p>\n<\/li>\n<li class=\"\" data-start=\"1506\" data-end=\"1540\">\n<p class=\"\" data-start=\"1508\" data-end=\"1540\"><strong data-start=\"1508\" data-end=\"1522\">L\u00e4mp\u00f6tila<\/strong>: -20\u00b0C - +60\u00b0C<\/p>\n<\/li>\n<li class=\"\" data-start=\"1541\" data-end=\"1604\">\n<p class=\"\" data-start=\"1543\" data-end=\"1604\"><strong data-start=\"1543\" data-end=\"1556\">Kosteus<\/strong>: 0% - 95% RH (ilman kondensaatiota tai j\u00e4\u00e4tymist\u00e4)<\/p>\n<\/li>\n<li class=\"\" data-start=\"1605\" data-end=\"1625\">\n<p class=\"\" data-start=\"1607\" data-end=\"1625\"><strong data-start=\"1607\" data-end=\"1619\">IP-luokka<\/strong>: IP54<\/p>\n<\/li>\n<li class=\"\" data-start=\"1626\" data-end=\"1665\">\n<p class=\"\" data-start=\"1628\" data-end=\"1665\"><strong data-start=\"1628\" data-end=\"1639\">Takuu<\/strong>: Rajoitettu 10 vuoden takuu<\/p>\n<\/li>\n<li class=\"\" data-start=\"1666\" data-end=\"1694\">\n<p class=\"\" data-start=\"1668\" data-end=\"1694\"><strong data-start=\"1668\" data-end=\"1680\">Materiaali<\/strong>: Polykarbonaatti<\/p>\n<\/li>\n<li class=\"\" data-start=\"1695\" data-end=\"1746\">\n<p class=\"\" data-start=\"1697\" data-end=\"1746\"><strong data-start=\"1697\" data-end=\"1715\">Yhteensopivuus<\/strong>: Series 60 ja Series 65 pohjat<\/p>\n<\/li>\n<li class=\"\" data-start=\"1747\" data-end=\"1778\">\n<p class=\"\" data-start=\"1749\" data-end=\"1778\"><strong data-start=\"1749\" data-end=\"1770\">Yhteystekniikka<\/strong>: Kierretty<\/p>\n<\/li>\n<\/ul>","protected":false},"excerpt":{"rendered":"<p>Apollo 55000-136APO 65 -sarjan CS-l\u00e4mm\u00f6ntunnistin vilkkuvalla LEDill\u00e4 on ihanteellinen ymp\u00e4rist\u00f6ihin, joissa savuilmaisimet eiv\u00e4t sovellu, kuten likaisiin tai savuisiin tiloihin.<\/p>\n<p>Laaja k\u00e4ytt\u00f6j\u00e4nnite ja todistettu tunnistuskyky takaavat luotettavan l\u00e4mp\u00f6tilan valvonnan.<\/p>","protected":false},"featured_media":149877,"template":"","meta":{"_acf_changed":false},"product_brand":[],"product_cat":[4747,4157],"product_tag":[],"class_list":{"0":"post-149878","1":"product","2":"type-product","3":"status-publish","4":"has-post-thumbnail","6":"product_cat-65-serien","7":"product_cat-varmedetektor","8":"pa_brands-apollo-fire-detectors","9":"tm-no-options","11":"first","12":"instock","13":"taxable","14":"shipping-taxable","15":"purchasable","16":"product-type-simple"},"acf":[],"_links":{"self":[{"href":"https:\/\/secureus.se\/fi\/wp-json\/wp\/v2\/product\/149878","targetHints":{"allow":["GET"]}}],"collection":[{"href":"https:\/\/secureus.se\/fi\/wp-json\/wp\/v2\/product"}],"about":[{"href":"https:\/\/secureus.se\/fi\/wp-json\/wp\/v2\/types\/product"}],"wp:featuredmedia":[{"embeddable":true,"href":"https:\/\/secureus.se\/fi\/wp-json\/wp\/v2\/media\/149877"}],"wp:attachment":[{"href":"https:\/\/secureus.se\/fi\/wp-json\/wp\/v2\/media?parent=149878"}],"wp:term":[{"taxonomy":"product_brand","embeddable":true,"href":"https:\/\/secureus.se\/fi\/wp-json\/wp\/v2\/product_brand?post=149878"},{"taxonomy":"product_cat","embeddable":true,"href":"https:\/\/secureus.se\/fi\/wp-json\/wp\/v2\/product_cat?post=149878"},{"taxonomy":"product_tag","embeddable":true,"href":"https:\/\/secureus.se\/fi\/wp-json\/wp\/v2\/product_tag?post=149878"}],"curies":[{"name":"wp","href":"https:\/\/api.w.org\/{rel}","templated":true}]}}