{"id":149880,"date":"2025-04-03T14:19:25","date_gmt":"2025-04-03T12:19:25","guid":{"rendered":"https:\/\/secureus.se\/apollo-55000-127apo-65-series-br-varmedetektor-vit\/"},"modified":"2026-04-09T11:23:55","modified_gmt":"2026-04-09T09:23:55","slug":"apollo-55000-127apo-65-series-br-varmedetektor-vit","status":"publish","type":"product","link":"https:\/\/secureus.se\/fi\/apollo-55000-127apo-65-series-br-varmedetektor-vit\/","title":{"rendered":"Apollo 55000-127APO 65 Series, BR-l\u00e4mp\u00f6anturi, valkoinen"},"content":{"rendered":"<h1>Apollo 55000-127APO 65 Series, BR-l\u00e4mp\u00f6anturi, valkoinen<\/h1>\n<p class=\"\" data-start=\"358\" data-end=\"887\">Apollo 55000-127APO 65 -sarjan BR-l\u00e4mp\u00f6anturi on suunniteltu valvomaan ilman l\u00e4mp\u00f6tilaa kahden termistoriverkon kautta. T\u00e4m\u00e4 verkko tarjoaa j\u00e4nnitteen, joka on verrannollinen ulkoisen ilman l\u00e4mp\u00f6tilaan, jolloin ilmaisin voi reagoida nopeisiin l\u00e4mp\u00f6tilan nousuihin. Se on erityisen hy\u00f6dyllinen ymp\u00e4rist\u00f6iss\u00e4, joissa savunilmaisimia ei voida k\u00e4ytt\u00e4\u00e4 tehokkaasti, kuten likaisissa tai savuisissa tiloissa. Laaja k\u00e4ytt\u00f6j\u00e4nnite 9-33V tekee siit\u00e4 yhteensopivan monenlaisten j\u00e4rjestelmien kanssa.<\/p>\n<p class=\"\" data-start=\"889\" data-end=\"909\"><strong data-start=\"889\" data-end=\"908\">Tekniset tiedot<\/strong>:<\/p>\n<ul data-start=\"910\" data-end=\"1241\">\n<li class=\"\" data-start=\"910\" data-end=\"936\">\n<p class=\"\" data-start=\"912\" data-end=\"936\"><strong data-start=\"912\" data-end=\"926\">Virtal\u00e4hde<\/strong>: 9-33V DC<\/p>\n<\/li>\n<li class=\"\" data-start=\"937\" data-end=\"964\">\n<p class=\"\" data-start=\"939\" data-end=\"964\"><strong data-start=\"939\" data-end=\"947\">Mitata<\/strong>\u00d8100mm x 42mm<\/p>\n<\/li>\n<li class=\"\" data-start=\"965\" data-end=\"981\">\n<p class=\"\" data-start=\"967\" data-end=\"981\"><strong data-start=\"967\" data-end=\"975\">Paino<\/strong>: 80g<\/p>\n<\/li>\n<li class=\"\" data-start=\"982\" data-end=\"997\">\n<p class=\"\" data-start=\"984\" data-end=\"997\"><strong data-start=\"984\" data-end=\"992\">Maali<\/strong>: Valkoinen<\/p>\n<\/li>\n<li class=\"\" data-start=\"998\" data-end=\"1032\">\n<p class=\"\" data-start=\"1000\" data-end=\"1032\"><strong data-start=\"1000\" data-end=\"1014\">L\u00e4mp\u00f6tila<\/strong>: \u201320\u00b0C - +65\u00b0C<\/p>\n<\/li>\n<li class=\"\" data-start=\"1033\" data-end=\"1096\">\n<p class=\"\" data-start=\"1035\" data-end=\"1096\"><strong data-start=\"1035\" data-end=\"1048\">Kosteus<\/strong>: 0% - 95% RH (ilman kondensaatiota tai j\u00e4\u00e4tymist\u00e4)<\/p>\n<\/li>\n<li class=\"\" data-start=\"1097\" data-end=\"1117\">\n<p class=\"\" data-start=\"1099\" data-end=\"1117\"><strong data-start=\"1099\" data-end=\"1111\">IP-luokka<\/strong>: IP54<\/p>\n<\/li>\n<li class=\"\" data-start=\"1118\" data-end=\"1157\">\n<p class=\"\" data-start=\"1120\" data-end=\"1157\"><strong data-start=\"1120\" data-end=\"1131\">Takuu<\/strong>: Rajoitettu 10 vuoden takuu<\/p>\n<\/li>\n<li class=\"\" data-start=\"1158\" data-end=\"1209\">\n<p class=\"\" data-start=\"1160\" data-end=\"1209\"><strong data-start=\"1160\" data-end=\"1178\">Yhteensopivuus<\/strong>: Series 60 ja Series 65 pohjat<\/p>\n<\/li>\n<li class=\"\" data-start=\"1210\" data-end=\"1241\">\n<p class=\"\" data-start=\"1212\" data-end=\"1241\"><strong data-start=\"1212\" data-end=\"1233\">Yhteystekniikka<\/strong>: Kierretty<\/p>\n<\/li>\n<\/ul>","protected":false},"excerpt":{"rendered":"<p>Apollo 55000-127APO 65 -sarjan BR-l\u00e4mm\u00f6nilmaisin on ihanteellinen k\u00e4ytett\u00e4v\u00e4ksi paikoissa, joissa savuilmaisimet eiv\u00e4t sovellu, kuten likaisiin tai savuisiin ymp\u00e4rist\u00f6ihin.<\/p>\n<p>Se k\u00e4ytt\u00e4\u00e4 kaksoistermistoriverkkoa l\u00e4mp\u00f6tilan valvontaan ja sill\u00e4 on laaja k\u00e4ytt\u00f6j\u00e4nnite.<\/p>","protected":false},"featured_media":149879,"template":"","meta":{"_acf_changed":false},"product_brand":[],"product_cat":[4747,4157],"product_tag":[],"class_list":{"0":"post-149880","1":"product","2":"type-product","3":"status-publish","4":"has-post-thumbnail","6":"product_cat-65-serien","7":"product_cat-varmedetektor","8":"pa_brands-apollo-fire-detectors","9":"tm-no-options","11":"first","12":"instock","13":"taxable","14":"shipping-taxable","15":"purchasable","16":"product-type-simple"},"acf":[],"_links":{"self":[{"href":"https:\/\/secureus.se\/fi\/wp-json\/wp\/v2\/product\/149880","targetHints":{"allow":["GET"]}}],"collection":[{"href":"https:\/\/secureus.se\/fi\/wp-json\/wp\/v2\/product"}],"about":[{"href":"https:\/\/secureus.se\/fi\/wp-json\/wp\/v2\/types\/product"}],"wp:featuredmedia":[{"embeddable":true,"href":"https:\/\/secureus.se\/fi\/wp-json\/wp\/v2\/media\/149879"}],"wp:attachment":[{"href":"https:\/\/secureus.se\/fi\/wp-json\/wp\/v2\/media?parent=149880"}],"wp:term":[{"taxonomy":"product_brand","embeddable":true,"href":"https:\/\/secureus.se\/fi\/wp-json\/wp\/v2\/product_brand?post=149880"},{"taxonomy":"product_cat","embeddable":true,"href":"https:\/\/secureus.se\/fi\/wp-json\/wp\/v2\/product_cat?post=149880"},{"taxonomy":"product_tag","embeddable":true,"href":"https:\/\/secureus.se\/fi\/wp-json\/wp\/v2\/product_tag?post=149880"}],"curies":[{"name":"wp","href":"https:\/\/api.w.org\/{rel}","templated":true}]}}