{"id":149882,"date":"2025-04-03T14:19:23","date_gmt":"2025-04-03T12:19:23","guid":{"rendered":"https:\/\/secureus.se\/apollo-29600-458-intelligent-basmonterad-flamdetektor-med-monteringsbox-for-dackhuvud\/"},"modified":"2026-04-09T11:24:00","modified_gmt":"2026-04-09T09:24:00","slug":"apollo-29600-458-intelligent-basmonterad-flamdetektor-med-monteringsbox-for-dackhuvud","status":"publish","type":"product","link":"https:\/\/secureus.se\/fi\/apollo-29600-458-intelligent-basmonterad-flamdetektor-med-monteringsbox-for-dackhuvud\/","title":{"rendered":"Apollo 29600-458 \u00e4lyk\u00e4s pohjakiinnitteinen liekkitunnistin kansip\u00e4\u00e4n kiinnityslaatikolla"},"content":{"rendered":"<h1>Apollo 29600-458 \u00e4lyk\u00e4s pohjakiinnitteinen liekkitunnistin kansip\u00e4\u00e4n kiinnityslaatikolla<\/h1>\n<p class=\"\" data-start=\"378\" data-end=\"778\">Apollo 29600-458 on \u00e4lyk\u00e4s pohjaan asennettu liekinilmaisin, joka sis\u00e4lt\u00e4\u00e4 kest\u00e4v\u00e4n kannakkeen ja kansip\u00e4ille suunnitellun asennuslaatikon.<\/p>\n<p class=\"\" data-start=\"378\" data-end=\"778\">T\u00e4m\u00e4 liekinilmaisin on suunniteltu tunnistamaan tulipalo nopeasti ja tehokkaasti tunnistamalla liekin tunnusmerkit.<\/p>\n<p class=\"\" data-start=\"378\" data-end=\"778\">Sit\u00e4 k\u00e4ytet\u00e4\u00e4n usein teollisissa ja kaupallisissa sovelluksissa, joissa on tarpeen reagoida nopeasti tulipaloihin.<\/p>\n<p class=\"\" data-start=\"780\" data-end=\"1127\">Tuetut laitteet sis\u00e4lt\u00e4v\u00e4t erityisesti liekinilmaisimet. On t\u00e4rke\u00e4\u00e4 huomata, ett\u00e4 sis\u00e4inen asennusalusta myyd\u00e4\u00e4n erikseen.<\/p>\n<p class=\"\" data-start=\"780\" data-end=\"1127\">Se on valmistettu ruostumattomasta ter\u00e4ksest\u00e4, mik\u00e4 takaa pitk\u00e4n kest\u00e4vyyden ja korroosionkest\u00e4vyyden ankarissa ymp\u00e4rist\u00f6iss\u00e4.<\/p>\n<p class=\"\" data-start=\"780\" data-end=\"1127\">Siin\u00e4 on my\u00f6s CE-merkki, joka varmistaa, ett\u00e4 se t\u00e4ytt\u00e4\u00e4 eurooppalaiset turvallisuusstandardit.<\/p>\n<p class=\"\" data-start=\"1129\" data-end=\"1149\"><strong data-start=\"1129\" data-end=\"1148\">Tekniset tiedot<\/strong>:<\/p>\n<ul data-start=\"1150\" data-end=\"1357\">\n<li class=\"\" data-start=\"1150\" data-end=\"1180\">\n<p class=\"\" data-start=\"1152\" data-end=\"1180\"><strong data-start=\"1152\" data-end=\"1164\">Materiaali<\/strong>: Ruostumaton ter\u00e4s<\/p>\n<\/li>\n<li class=\"\" data-start=\"1181\" data-end=\"1196\">\n<p class=\"\" data-start=\"1183\" data-end=\"1196\"><strong data-start=\"1183\" data-end=\"1191\">Maali<\/strong>: Harmaa<\/p>\n<\/li>\n<li class=\"\" data-start=\"1197\" data-end=\"1234\">\n<p class=\"\" data-start=\"1199\" data-end=\"1234\"><strong data-start=\"1199\" data-end=\"1220\">Tuetut laitteet<\/strong>: Liekinilmaisin<\/p>\n<\/li>\n<li class=\"\" data-start=\"1235\" data-end=\"1266\">\n<p class=\"\" data-start=\"1237\" data-end=\"1266\"><strong data-start=\"1237\" data-end=\"1253\">Sertifiointi<\/strong>: CE-merkint\u00e4<\/p>\n<\/li>\n<li class=\"\" data-start=\"1267\" data-end=\"1301\">\n<p class=\"\" data-start=\"1269\" data-end=\"1301\"><strong data-start=\"1269\" data-end=\"1286\">Asennuslaatikko<\/strong>: Renkaan p\u00e4\u00e4h\u00e4n<\/p>\n<\/li>\n<li class=\"\" data-start=\"1302\" data-end=\"1357\">\n<p class=\"\" data-start=\"1304\" data-end=\"1357\"><strong data-start=\"1304\" data-end=\"1321\">Asennusalusta<\/strong>: Sis\u00e4inen asennusalusta myyd\u00e4\u00e4n erikseen<\/p>\n<\/li>\n<\/ul>","protected":false},"excerpt":{"rendered":"<p>Apollo 29600-458 Intelligent Base Mount -liekintunnistimen mukana tulee kiinnike ja kansip\u00e4\u00e4n asennuslaatikko, joka sopii t\u00e4ydellisesti k\u00e4ytett\u00e4v\u00e4ksi teollisuusymp\u00e4rist\u00f6iss\u00e4, joissa liekintunnistus on kriittist\u00e4.<\/p>\n<p>Asennusalusta myyd\u00e4\u00e4n erikseen.<\/p>","protected":false},"featured_media":149881,"template":"","meta":{"_acf_changed":false},"product_brand":[],"product_cat":[4747],"product_tag":[],"class_list":{"0":"post-149882","1":"product","2":"type-product","3":"status-publish","4":"has-post-thumbnail","6":"product_cat-65-serien","7":"pa_brands-apollo-fire-detectors","8":"tm-no-options","10":"first","11":"instock","12":"taxable","13":"shipping-taxable","14":"purchasable","15":"product-type-simple"},"acf":[],"_links":{"self":[{"href":"https:\/\/secureus.se\/fi\/wp-json\/wp\/v2\/product\/149882","targetHints":{"allow":["GET"]}}],"collection":[{"href":"https:\/\/secureus.se\/fi\/wp-json\/wp\/v2\/product"}],"about":[{"href":"https:\/\/secureus.se\/fi\/wp-json\/wp\/v2\/types\/product"}],"wp:featuredmedia":[{"embeddable":true,"href":"https:\/\/secureus.se\/fi\/wp-json\/wp\/v2\/media\/149881"}],"wp:attachment":[{"href":"https:\/\/secureus.se\/fi\/wp-json\/wp\/v2\/media?parent=149882"}],"wp:term":[{"taxonomy":"product_brand","embeddable":true,"href":"https:\/\/secureus.se\/fi\/wp-json\/wp\/v2\/product_brand?post=149882"},{"taxonomy":"product_cat","embeddable":true,"href":"https:\/\/secureus.se\/fi\/wp-json\/wp\/v2\/product_cat?post=149882"},{"taxonomy":"product_tag","embeddable":true,"href":"https:\/\/secureus.se\/fi\/wp-json\/wp\/v2\/product_tag?post=149882"}],"curies":[{"name":"wp","href":"https:\/\/api.w.org\/{rel}","templated":true}]}}