{"id":149884,"date":"2025-04-03T14:19:19","date_gmt":"2025-04-03T12:19:19","guid":{"rendered":"https:\/\/secureus.se\/apollo-45681-245apo-monteringsbas-for-detektorer-i-65-serien-envagsanpassad-med-relautgang-vit\/"},"modified":"2026-04-09T11:24:36","modified_gmt":"2026-04-09T09:24:36","slug":"apollo-45681-245apo-monteringsbas-for-detektorer-i-65-serien-envagsanpassad-med-relautgang-vit","status":"publish","type":"product","link":"https:\/\/secureus.se\/fi\/apollo-45681-245apo-monteringsbas-for-detektorer-i-65-serien-envagsanpassad-med-relautgang-vit\/","title":{"rendered":"Apollo 45681-245APO Asennusjalusta 65-sarjan ilmaisimille, yksisuuntainen, relel\u00e4hd\u00f6ll\u00e4, valkoinen"},"content":{"rendered":"<h1>Apollo 45681-245APO Asennusjalusta 65-sarjan ilmaisimille, yksisuuntainen, relel\u00e4hd\u00f6ll\u00e4, valkoinen<\/h1>\n<p class=\"\" data-start=\"452\" data-end=\"886\">Apollo 45681-245APO Mounting Base on toimiva ja luotettava pohjaratkaisu k\u00e4ytett\u00e4v\u00e4ksi Series 65 -ilmaisimien kanssa.<\/p>\n<p class=\"\" data-start=\"452\" data-end=\"886\">Siin\u00e4 on yksisuuntainen sovitus, jonka ansiosta ilmaisimen asennus ja liitt\u00e4minen on helppoa.<\/p>\n<p class=\"\" data-start=\"452\" data-end=\"886\">Lukitusmekanismi varmistaa, ett\u00e4 ilmaisin pysyy paikallaan turvallista k\u00e4ytt\u00f6\u00e4 varten.<\/p>\n<p class=\"\" data-start=\"452\" data-end=\"886\">T\u00e4m\u00e4 asennusalusta on varustettu relel\u00e4hd\u00f6ll\u00e4, jonka avulla sit\u00e4 voidaan k\u00e4ytt\u00e4\u00e4 signaalien l\u00e4hett\u00e4miseen muihin j\u00e4rjestelmiin h\u00e4lytyksen sattuessa.<\/p>\n<p class=\"\" data-start=\"888\" data-end=\"1228\">Asennusalusta on ihanteellinen k\u00e4ytett\u00e4v\u00e4ksi turvaj\u00e4rjestelmiss\u00e4, ja sit\u00e4 voidaan k\u00e4ytt\u00e4\u00e4 my\u00f6s kaksi- ja nelijohtimissa j\u00e4rjestelmiss\u00e4 j\u00e4nnitteett\u00f6mien ohjaussignaalien tuottamiseksi apuj\u00e4rjestelmiin, kuten automaattisiin ovensulkimiin.<\/p>\n<p class=\"\" data-start=\"888\" data-end=\"1228\">Series 65 -relekanta on my\u00f6s yhteensopiva Series 60 -j\u00e4rjestelmien kanssa, mik\u00e4 tekee siit\u00e4 joustavan ja yhteensopivan vanhojen asennusmenetelmien kanssa.<\/p>\n<p class=\"\" data-start=\"1230\" data-end=\"1250\"><strong data-start=\"1230\" data-end=\"1249\">Tekniset tiedot<\/strong>:<\/p>\n<ul data-start=\"1251\" data-end=\"1670\">\n<li class=\"\" data-start=\"1251\" data-end=\"1277\">\n<p class=\"\" data-start=\"1253\" data-end=\"1277\"><strong data-start=\"1253\" data-end=\"1267\">Virtal\u00e4hde<\/strong>: 9-33V DC<\/p>\n<\/li>\n<li class=\"\" data-start=\"1278\" data-end=\"1324\">\n<p class=\"\" data-start=\"1280\" data-end=\"1324\"><strong data-start=\"1280\" data-end=\"1288\">Mitata<\/strong>: Vakiokoko Series 65 -jalustalle<\/p>\n<\/li>\n<li class=\"\" data-start=\"1325\" data-end=\"1340\">\n<p class=\"\" data-start=\"1327\" data-end=\"1340\"><strong data-start=\"1327\" data-end=\"1335\">Maali<\/strong>: Valkoinen<\/p>\n<\/li>\n<li class=\"\" data-start=\"1341\" data-end=\"1387\">\n<p class=\"\" data-start=\"1343\" data-end=\"1387\"><strong data-start=\"1343\" data-end=\"1361\">Yhteensopivuus<\/strong>: Savunilmaisimet sarjassa 65<\/p>\n<\/li>\n<li class=\"\" data-start=\"1388\" data-end=\"1433\">\n<p class=\"\" data-start=\"1390\" data-end=\"1433\"><strong data-start=\"1390\" data-end=\"1404\">Relel\u00e4ht\u00f6<\/strong>: C-lomake (kontaktien vaihtaminen)<\/p>\n<\/li>\n<li class=\"\" data-start=\"1434\" data-end=\"1531\">\n<p class=\"\" data-start=\"1436\" data-end=\"1531\"><strong data-start=\"1436\" data-end=\"1456\">Toimintaperiaate<\/strong>: K\u00e4ytet\u00e4\u00e4n 4-johtimisen ilmaisimen sy\u00f6tt\u00f6- ja h\u00e4lytyksen k\u00e4ynnistyspiireiss\u00e4<\/p>\n<\/li>\n<li class=\"\" data-start=\"1532\" data-end=\"1566\">\n<p class=\"\" data-start=\"1534\" data-end=\"1566\"><strong data-start=\"1534\" data-end=\"1548\">L\u00e4mp\u00f6tila<\/strong>: -20\u00b0C - +60\u00b0C<\/p>\n<\/li>\n<li class=\"\" data-start=\"1567\" data-end=\"1598\">\n<p class=\"\" data-start=\"1569\" data-end=\"1598\"><strong data-start=\"1569\" data-end=\"1585\">Sertifiointi<\/strong>: CE-merkint\u00e4<\/p>\n<\/li>\n<li class=\"\" data-start=\"1599\" data-end=\"1648\">\n<p class=\"\" data-start=\"1601\" data-end=\"1648\"><strong data-start=\"1601\" data-end=\"1619\">Maadoitusliit\u00e4nt\u00e4<\/strong>: Ei vaadi turvalliseen k\u00e4ytt\u00f6\u00f6n<\/p>\n<\/li>\n<li class=\"\" data-start=\"1649\" data-end=\"1670\">\n<p class=\"\" data-start=\"1651\" data-end=\"1670\"><strong data-start=\"1651\" data-end=\"1666\">Ymp\u00e4rist\u00f6yst\u00e4v\u00e4llinen<\/strong>: Kyll\u00e4<\/p>\n<\/li>\n<\/ul>","protected":false},"excerpt":{"rendered":"<p>Apollo 45681-245APO -kiinnitysjalusta 65-sarjan ilmaisimille on yksisuuntainen mukautettu alusta, jossa on ilmaisimen lukitusmekanismi ja relel\u00e4ht\u00f6.<\/p>\n<p>Se on yhteensopiva savuilmaisimien kanssa ja sill\u00e4 on laaja k\u00e4ytt\u00f6j\u00e4nnite, joten se on ihanteellinen sek\u00e4 turvaj\u00e4rjestelmiin ett\u00e4 yleisiin ilmaisinsovelluksiin.<\/p>","protected":false},"featured_media":149883,"template":"","meta":{"_acf_changed":false},"product_brand":[],"product_cat":[4747],"product_tag":[],"class_list":{"0":"post-149884","1":"product","2":"type-product","3":"status-publish","4":"has-post-thumbnail","6":"product_cat-65-serien","7":"pa_brands-apollo-fire-detectors","8":"tm-no-options","10":"first","11":"instock","12":"taxable","13":"shipping-taxable","14":"purchasable","15":"product-type-simple"},"acf":[],"_links":{"self":[{"href":"https:\/\/secureus.se\/fi\/wp-json\/wp\/v2\/product\/149884","targetHints":{"allow":["GET"]}}],"collection":[{"href":"https:\/\/secureus.se\/fi\/wp-json\/wp\/v2\/product"}],"about":[{"href":"https:\/\/secureus.se\/fi\/wp-json\/wp\/v2\/types\/product"}],"wp:featuredmedia":[{"embeddable":true,"href":"https:\/\/secureus.se\/fi\/wp-json\/wp\/v2\/media\/149883"}],"wp:attachment":[{"href":"https:\/\/secureus.se\/fi\/wp-json\/wp\/v2\/media?parent=149884"}],"wp:term":[{"taxonomy":"product_brand","embeddable":true,"href":"https:\/\/secureus.se\/fi\/wp-json\/wp\/v2\/product_brand?post=149884"},{"taxonomy":"product_cat","embeddable":true,"href":"https:\/\/secureus.se\/fi\/wp-json\/wp\/v2\/product_cat?post=149884"},{"taxonomy":"product_tag","embeddable":true,"href":"https:\/\/secureus.se\/fi\/wp-json\/wp\/v2\/product_tag?post=149884"}],"curies":[{"name":"wp","href":"https:\/\/api.w.org\/{rel}","templated":true}]}}