{"id":149888,"date":"2025-04-03T14:15:46","date_gmt":"2025-04-03T12:15:46","guid":{"rendered":"https:\/\/secureus.se\/apollo-58100-971mar-discovery-marine-manuell-anropspunkt-isolerande\/"},"modified":"2026-05-06T14:06:23","modified_gmt":"2026-05-06T12:06:23","slug":"apollo-58100-971mar-discovery-marine-manuell-anropspunkt-isolerande","status":"publish","type":"product","link":"https:\/\/secureus.se\/fi\/apollo-58100-971mar-discovery-marine-manuell-anropspunkt-isolerande\/","title":{"rendered":"Apollo 58100-971MAR Discovery Marine manuaalinen h\u00e4lytyspiste, erist\u00e4v\u00e4"},"content":{"rendered":"<h1>Apollo 58100-971MAR Discovery Marine manuaalinen h\u00e4lytyspiste, erist\u00e4v\u00e4<\/h1>\n<p class=\"\" data-start=\"434\" data-end=\"805\">Apollo 58100-971MAR Discovery Marine Manual Call Point (MCP) on osa Discovery-sarjaa ja on erityisesti suunniteltu k\u00e4ytett\u00e4v\u00e4ksi meren sis\u00e4k\u00e4ytt\u00f6\u00f6n.<\/p>\n<p class=\"\" data-start=\"434\" data-end=\"805\">H\u00e4lytyspisteess\u00e4 on seitsem\u00e4nsegmenttinen DIL-kytkin, joka helpottaa osoitusta k\u00e4ytt\u00f6\u00f6noton aikana, ja se k\u00e4ytt\u00e4\u00e4 nopeaa vastemekanismia, joka keskeytt\u00e4\u00e4 normaalin protokollan aktivoinnin yhteydess\u00e4.<\/p>\n<p class=\"\" data-start=\"807\" data-end=\"1177\">Siin\u00e4 on kaksiv\u00e4rinen LED-merkkivalo, joka n\u00e4ytt\u00e4\u00e4 eristyksen ja normaalitilat, sek\u00e4 punainen LED, joka syttyy, kun h\u00e4lytyspiste aktivoituu.<\/p>\n<p class=\"\" data-start=\"807\" data-end=\"1177\">Asennuksen helpottamiseksi h\u00e4lytyspisteess\u00e4 on kiinnitett\u00e4v\u00e4t riviliittimet ja liitin, joka mahdollistaa jatkuvuuden testauksen ennen asennusta.<\/p>\n<p class=\"\" data-start=\"807\" data-end=\"1177\">H\u00e4lytyspisteen eristetty versio osoittaa my\u00f6s oikosulun johdotuksessa.<\/p>\n<p class=\"\" data-start=\"1179\" data-end=\"1473\">Sit\u00e4 k\u00e4ytet\u00e4\u00e4n nollattavalla elementill\u00e4 ja mukana tulee takalaatikko pinta-asennusta varten.<\/p>\n<p class=\"\" data-start=\"1179\" data-end=\"1473\">Lis\u00e4suojaa varten voidaan asentaa l\u00e4pin\u00e4kyv\u00e4 saranoitu kansi ja lukituslappu tahattoman k\u00e4yt\u00f6n est\u00e4miseksi, vaikka t\u00e4m\u00e4 voi vaikuttaa joidenkin standardien noudattamiseen lukittuna.<\/p>\n<p class=\"\" data-start=\"1475\" data-end=\"1495\"><strong data-start=\"1475\" data-end=\"1494\">Tekniset tiedot<\/strong>:<\/p>\n<ul data-start=\"1496\" data-end=\"1970\">\n<li class=\"\" data-start=\"1496\" data-end=\"1534\">\n<p class=\"\" data-start=\"1498\" data-end=\"1534\"><strong data-start=\"1498\" data-end=\"1512\">Virtal\u00e4hde<\/strong>: 24V DC, 5V DC, 9V DC<\/p>\n<\/li>\n<li class=\"\" data-start=\"1535\" data-end=\"1620\">\n<p class=\"\" data-start=\"1537\" data-end=\"1620\"><strong data-start=\"1537\" data-end=\"1551\">Toiminnot<\/strong>: Nollattava elementti, LED-merkkivalo, Plug &amp; Play, jatkuvuuslinkki<\/p>\n<\/li>\n<li class=\"\" data-start=\"1621\" data-end=\"1656\">\n<p class=\"\" data-start=\"1623\" data-end=\"1656\"><strong data-start=\"1623\" data-end=\"1650\">Maksimi k\u00e4ytt\u00f6l\u00e4mp\u00f6tila<\/strong>: 60 \u00b0C<\/p>\n<\/li>\n<li class=\"\" data-start=\"1657\" data-end=\"1693\">\n<p class=\"\" data-start=\"1659\" data-end=\"1693\"><strong data-start=\"1659\" data-end=\"1686\">Minimi k\u00e4ytt\u00f6l\u00e4mp\u00f6tila<\/strong>: -20\u00b0C<\/p>\n<\/li>\n<li class=\"\" data-start=\"1694\" data-end=\"1729\">\n<p class=\"\" data-start=\"1696\" data-end=\"1729\"><strong data-start=\"1696\" data-end=\"1704\">Mitata<\/strong>: Leveys 89 mm, syvyys 60 mm<\/p>\n<\/li>\n<li class=\"\" data-start=\"1730\" data-end=\"1745\">\n<p class=\"\" data-start=\"1732\" data-end=\"1745\"><strong data-start=\"1732\" data-end=\"1740\">Maali<\/strong>: Punainen<\/p>\n<\/li>\n<li class=\"\" data-start=\"1746\" data-end=\"1779\">\n<p class=\"\" data-start=\"1748\" data-end=\"1779\"><strong data-start=\"1748\" data-end=\"1760\">Materiaali<\/strong>: ABS, polykarbonaatti<\/p>\n<\/li>\n<li class=\"\" data-start=\"1780\" data-end=\"1827\">\n<p class=\"\" data-start=\"1782\" data-end=\"1827\"><strong data-start=\"1782\" data-end=\"1799\">Asennustyyppi<\/strong>: Uppoasennus, Pinta-asennus<\/p>\n<\/li>\n<li class=\"\" data-start=\"1828\" data-end=\"1867\">\n<p class=\"\" data-start=\"1830\" data-end=\"1867\"><strong data-start=\"1830\" data-end=\"1841\">Takuu<\/strong>: Rajoitettu 10 vuoden takuu<\/p>\n<\/li>\n<li class=\"\" data-start=\"1868\" data-end=\"1905\">\n<p class=\"\" data-start=\"1870\" data-end=\"1905\"><strong data-start=\"1870\" data-end=\"1888\">Yhteensopivuus<\/strong>: Discovery, XP95<\/p>\n<\/li>\n<li class=\"\" data-start=\"1906\" data-end=\"1936\">\n<p class=\"\" data-start=\"1908\" data-end=\"1936\"><strong data-start=\"1908\" data-end=\"1926\">Sertifikaatit<\/strong>: CE-merkitty<\/p>\n<\/li>\n<li class=\"\" data-start=\"1937\" data-end=\"1970\">\n<p class=\"\" data-start=\"1939\" data-end=\"1970\"><strong data-start=\"1939\" data-end=\"1953\">K\u00e4ytt\u00e4\u00e4<\/strong>: Sis\u00e4tiloissa, merivoimissa<\/p>\n<\/li>\n<\/ul>","protected":false},"excerpt":{"rendered":"<p>Manuaalinen Apollo 58100-971MAR Discovery Marine -h\u00e4lytyspiste on nopea ja luotettava ratkaisu paloh\u00e4lytysten aktivoimiseen merisovelluksissa.<\/p>\n<p>Siin\u00e4 on &quot;Plug and Play&quot; -liit\u00e4nn\u00e4t asennuksen helpottamiseksi, jatkuvuuslinkki kaapelin testausta varten ja se raportoi h\u00e4lytyksen alle 0,2 sekunnissa.<\/p>","protected":false},"featured_media":149887,"template":"","meta":{"_acf_changed":false},"product_brand":[],"product_cat":[4748],"product_tag":[],"class_list":{"0":"post-149888","1":"product","2":"type-product","3":"status-publish","4":"has-post-thumbnail","6":"product_cat-discovery-serien","7":"pa_brands-apollo-fire-detectors","8":"tm-no-options","10":"first","11":"instock","12":"sale","13":"taxable","14":"shipping-taxable","15":"purchasable","16":"product-type-simple"},"acf":[],"_links":{"self":[{"href":"https:\/\/secureus.se\/fi\/wp-json\/wp\/v2\/product\/149888","targetHints":{"allow":["GET"]}}],"collection":[{"href":"https:\/\/secureus.se\/fi\/wp-json\/wp\/v2\/product"}],"about":[{"href":"https:\/\/secureus.se\/fi\/wp-json\/wp\/v2\/types\/product"}],"wp:featuredmedia":[{"embeddable":true,"href":"https:\/\/secureus.se\/fi\/wp-json\/wp\/v2\/media\/149887"}],"wp:attachment":[{"href":"https:\/\/secureus.se\/fi\/wp-json\/wp\/v2\/media?parent=149888"}],"wp:term":[{"taxonomy":"product_brand","embeddable":true,"href":"https:\/\/secureus.se\/fi\/wp-json\/wp\/v2\/product_brand?post=149888"},{"taxonomy":"product_cat","embeddable":true,"href":"https:\/\/secureus.se\/fi\/wp-json\/wp\/v2\/product_cat?post=149888"},{"taxonomy":"product_tag","embeddable":true,"href":"https:\/\/secureus.se\/fi\/wp-json\/wp\/v2\/product_tag?post=149888"}],"curies":[{"name":"wp","href":"https:\/\/api.w.org\/{rel}","templated":true}]}}