{"id":149894,"date":"2025-04-03T14:15:42","date_gmt":"2025-04-03T12:15:42","guid":{"rendered":"https:\/\/secureus.se\/apollo-58000-300apo-discovery-series-kolmonoxiddetektor-vit\/"},"modified":"2026-04-09T11:24:07","modified_gmt":"2026-04-09T09:24:07","slug":"apollo-58000-300apo-discovery-series-kolmonoxiddetektor-vit","status":"publish","type":"product","link":"https:\/\/secureus.se\/fi\/apollo-58000-300apo-discovery-series-kolmonoxiddetektor-vit\/","title":{"rendered":"Apollo 58000-300APO Discovery -sarjan h\u00e4k\u00e4ilmaisin, valkoinen"},"content":{"rendered":"<h1>Apollo 58000-300APO Discovery -sarjan h\u00e4k\u00e4ilmaisin<\/h1>\n<p class=\"\" data-start=\"426\" data-end=\"872\">Apollo 58000-300APO Discovery -sarjan hiilimonoksidin ilmaisin on edistyksellinen paloilmaisin, joka k\u00e4ytt\u00e4\u00e4 s\u00e4hk\u00f6kemiallista anturia havaitsemaan hiilimonoksidia (CO), mik\u00e4 tekee siit\u00e4 erityisen tehokkaan kytevien tulipalojen tunnistamisessa, joissa savuilmaisimet saattavat olla v\u00e4hemm\u00e4n luotettavia.<\/p>\n<p class=\"\" data-start=\"426\" data-end=\"872\">Ilmaisin on eritt\u00e4in herkk\u00e4 nopeille hiilidioksidin nousuille, jotka liittyv\u00e4t usein kuumiin tulipaloihin, ja reagoi nopeasti n\u00e4iss\u00e4 olosuhteissa.<\/p>\n<p class=\"\" data-start=\"874\" data-end=\"1279\">Laaja yhteentoimivuus, mukaan lukien XP95- ja Discovery-j\u00e4rjestelmien tuki, t\u00e4m\u00e4 ilmaisin on suunniteltu varoittamaan ymp\u00e4rist\u00f6n vaarallisista hiilidioksidipitoisuuksista, mik\u00e4 lis\u00e4\u00e4 turvallisuutta sek\u00e4 asuin- ett\u00e4 kaupallisissa ymp\u00e4rist\u00f6iss\u00e4.<\/p>\n<p class=\"\" data-start=\"874\" data-end=\"1279\">Ilmaisin kest\u00e4\u00e4 paremmin my\u00f6s yleisten h\u00f6yryjen tai ilmassa olevien hiukkasten aiheuttamia v\u00e4\u00e4ri\u00e4 h\u00e4lytyksi\u00e4, joten se on joissakin sovelluksissa luotettavampi kuin savuilmaisimet.<\/p>\n<p class=\"\" data-start=\"1281\" data-end=\"1301\"><strong data-start=\"1281\" data-end=\"1300\">Tekniset tiedot<\/strong>:<\/p>\n<ul data-start=\"1302\" data-end=\"1929\">\n<li class=\"\" data-start=\"1302\" data-end=\"1329\">\n<p class=\"\" data-start=\"1304\" data-end=\"1329\"><strong data-start=\"1304\" data-end=\"1318\">Virtal\u00e4hde<\/strong>: 17-28V DC<\/p>\n<\/li>\n<li class=\"\" data-start=\"1330\" data-end=\"1357\">\n<p class=\"\" data-start=\"1332\" data-end=\"1357\"><strong data-start=\"1332\" data-end=\"1340\">Mitata<\/strong>\u00d8100mm x 42mm<\/p>\n<\/li>\n<li class=\"\" data-start=\"1358\" data-end=\"1373\">\n<p class=\"\" data-start=\"1360\" data-end=\"1373\"><strong data-start=\"1360\" data-end=\"1368\">Maali<\/strong>: Valkoinen<\/p>\n<\/li>\n<li class=\"\" data-start=\"1374\" data-end=\"1391\">\n<p class=\"\" data-start=\"1376\" data-end=\"1391\"><strong data-start=\"1376\" data-end=\"1384\">Paino<\/strong>: 105 g<\/p>\n<\/li>\n<li class=\"\" data-start=\"1392\" data-end=\"1430\">\n<p class=\"\" data-start=\"1394\" data-end=\"1430\"><strong data-start=\"1394\" data-end=\"1413\">Tunnistettava kaasu<\/strong>: Hiilimonoksidi (CO)<\/p>\n<\/li>\n<li class=\"\" data-start=\"1431\" data-end=\"1504\">\n<p class=\"\" data-start=\"1433\" data-end=\"1504\"><strong data-start=\"1433\" data-end=\"1447\">L\u00e4mp\u00f6tila<\/strong>: -20\u00b0C - +50\u00b0C (transientaalinen tila: -20\u00b0C - +55\u00b0C)<\/p>\n<\/li>\n<li class=\"\" data-start=\"1505\" data-end=\"1537\">\n<p class=\"\" data-start=\"1507\" data-end=\"1537\"><strong data-start=\"1507\" data-end=\"1520\">Kosteus<\/strong>: 15% - 90% RH<\/p>\n<\/li>\n<li class=\"\" data-start=\"1538\" data-end=\"1558\">\n<p class=\"\" data-start=\"1540\" data-end=\"1558\"><strong data-start=\"1540\" data-end=\"1552\">IP-luokka<\/strong>: IP44<\/p>\n<\/li>\n<li class=\"\" data-start=\"1559\" data-end=\"1610\">\n<p class=\"\" data-start=\"1561\" data-end=\"1610\"><strong data-start=\"1561\" data-end=\"1579\">Sertifikaatit<\/strong>: EN 54-11, EN 54-17, CPR, LPCB<\/p>\n<\/li>\n<li class=\"\" data-start=\"1611\" data-end=\"1666\">\n<p class=\"\" data-start=\"1613\" data-end=\"1666\"><strong data-start=\"1613\" data-end=\"1631\">Maksimipaine<\/strong>: Asennus 2000 m korkeuteen asti<\/p>\n<\/li>\n<li class=\"\" data-start=\"1667\" data-end=\"1738\">\n<p class=\"\" data-start=\"1669\" data-end=\"1738\"><strong data-start=\"1669\" data-end=\"1696\">Viestint\u00e4protokolla<\/strong>: XP95, Discovery, CoreProtocol-yhteensopiva<\/p>\n<\/li>\n<li class=\"\" data-start=\"1739\" data-end=\"1763\">\n<p class=\"\" data-start=\"1741\" data-end=\"1763\"><strong data-start=\"1741\" data-end=\"1753\">Merkint\u00e4<\/strong>: CE-merkitty<\/p>\n<\/li>\n<li class=\"\" data-start=\"1764\" data-end=\"1806\">\n<p class=\"\" data-start=\"1766\" data-end=\"1806\"><strong data-start=\"1766\" data-end=\"1780\">Akun kesto<\/strong>: 5 vuotta (kennon k\u00e4ytt\u00f6ik\u00e4)<\/p>\n<\/li>\n<li class=\"\" data-start=\"1807\" data-end=\"1853\">\n<p class=\"\" data-start=\"1809\" data-end=\"1853\"><strong data-start=\"1809\" data-end=\"1821\">Materiaali<\/strong>: Polykarbonaatti (paloa hidastava)<\/p>\n<\/li>\n<li class=\"\" data-start=\"1854\" data-end=\"1929\">\n<p class=\"\" data-start=\"1856\" data-end=\"1929\"><strong data-start=\"1856\" data-end=\"1870\">Toiminnot<\/strong>: Nollattava elementti, LED-merkkivalo, et\u00e4testitoiminto<\/p>\n<\/li>\n<\/ul>","protected":false},"excerpt":{"rendered":"<p>Apollo 58000-300APO Discovery -sarjan h\u00e4k\u00e4ilmaisin on erityisesti suunniteltu havaitsemaan kytev\u00e4t tulipalot ja antamaan varhaisvaroitus erityisesti hehkuvista tulipaloista.<\/p>\n<p>Se on v\u00e4hemm\u00e4n herkk\u00e4 h\u00f6yryn aiheuttamille v\u00e4\u00e4rille h\u00e4lytyksille kuin savunilmaisimet ja sopii erinomaisesti k\u00e4ytett\u00e4v\u00e4ksi ymp\u00e4rist\u00f6iss\u00e4, joissa n\u00e4it\u00e4 olosuhteita esiintyy.<\/p>","protected":false},"featured_media":149893,"template":"","meta":{"_acf_changed":false},"product_brand":[],"product_cat":[4748],"product_tag":[],"class_list":{"0":"post-149894","1":"product","2":"type-product","3":"status-publish","4":"has-post-thumbnail","6":"product_cat-discovery-serien","7":"pa_brands-apollo-fire-detectors","8":"tm-no-options","10":"first","11":"onbackorder","12":"taxable","13":"shipping-taxable","14":"purchasable","15":"product-type-simple"},"acf":[],"_links":{"self":[{"href":"https:\/\/secureus.se\/fi\/wp-json\/wp\/v2\/product\/149894","targetHints":{"allow":["GET"]}}],"collection":[{"href":"https:\/\/secureus.se\/fi\/wp-json\/wp\/v2\/product"}],"about":[{"href":"https:\/\/secureus.se\/fi\/wp-json\/wp\/v2\/types\/product"}],"wp:featuredmedia":[{"embeddable":true,"href":"https:\/\/secureus.se\/fi\/wp-json\/wp\/v2\/media\/149893"}],"wp:attachment":[{"href":"https:\/\/secureus.se\/fi\/wp-json\/wp\/v2\/media?parent=149894"}],"wp:term":[{"taxonomy":"product_brand","embeddable":true,"href":"https:\/\/secureus.se\/fi\/wp-json\/wp\/v2\/product_brand?post=149894"},{"taxonomy":"product_cat","embeddable":true,"href":"https:\/\/secureus.se\/fi\/wp-json\/wp\/v2\/product_cat?post=149894"},{"taxonomy":"product_tag","embeddable":true,"href":"https:\/\/secureus.se\/fi\/wp-json\/wp\/v2\/product_tag?post=149894"}],"curies":[{"name":"wp","href":"https:\/\/api.w.org\/{rel}","templated":true}]}}